{"id":34700,"date":"2025-08-21T09:47:19","date_gmt":"2025-08-21T09:47:19","guid":{"rendered":"https:\/\/openthinclient.com\/?post_type=product&#038;p=34700"},"modified":"2026-04-07T08:09:50","modified_gmt":"2026-04-07T08:09:50","slug":"lg-24cr671n-2p-all-in-one-thinclient-fuer-das-gesundheitswesen","status":"publish","type":"product","link":"https:\/\/openthinclient.com\/it\/produkt\/lg-24cr671n-2p-all-in-one-thinclient-fuer-das-gesundheitswesen\/","title":{"rendered":"ThinClient 24CR671N-2P all-in-one per il settore sanitario"},"content":{"rendered":"<p>Il design bianco del ThinClient All-in-One 24CR671N-2P rende visibili sostanze come polvere e sangue e facilita la pulizia. Il dispositivo soddisfa inoltre gli standard medici (IEC60601, CE MDR), che garantiscono la sicurezza elettrica e meccanica dei dispositivi medici nel settore sanitario.<\/p>\n<p>Grazie al modulo RFID, pi\u00f9 persone possono utilizzare il ThinClient 24CR671N-2P in modo personalizzato. Ci\u00f2 \u00e8 utile per il lavoro a turni, poich\u00e9 diversi dipendenti possono accedere a un desktop virtuale personalizzato tramite lo stesso ThinClient. Inoltre, il modulo RFID migliora la sicurezza e previene la perdita di dati sensibili offrendo opzioni di impostazione, ad esempio il controllo di chi \u00e8 autorizzato ad accedere al ThinClient.<\/p>\n<p>Il display IPS contribuisce a creare un ambiente di lavoro efficiente per il personale ospedaliero. Offre immagini chiare e nitide che migliorano notevolmente la leggibilit\u00e0 e riducono l'affaticamento degli occhi. Inoltre, il 24CR671N-2P supporta fino a due display aggiuntivi con risoluzione fino a 4K*, consentendo di integrare facilmente il 24CR671N-2P in una configurazione multi-display. Le varie opzioni di regolazione del supporto consentono agli utenti di lavorare in modo ergonomico. La webcam Full HD integrata garantisce immagini vivide e chiare durante le videoconferenze o quando si lavora con trattamenti medici a distanza.<\/p>","protected":false},"excerpt":{"rendered":"<p>Display IPS Full HD da 23,8 pollici con webcam Full HD<br \/>\nIntel\u00ae Pentium N6005 fino a 3,30 GHz<br \/>\n8 GB RAM DDR4 \/ RFID<\/p>","protected":false},"featured_media":34706,"template":"","meta":{"site-sidebar-layout":"default","site-content-layout":"default","ast-site-content-layout":"default","site-content-style":"default","site-sidebar-style":"default","ast-global-header-display":"","ast-banner-title-visibility":"","ast-main-header-display":"","ast-hfb-above-header-display":"","ast-hfb-below-header-display":"","ast-hfb-mobile-header-display":"","site-post-title":"","ast-breadcrumbs-content":"","ast-featured-img":"","footer-sml-layout":"","ast-disable-related-posts":"","theme-transparent-header-meta":"default","adv-header-id-meta":"","stick-header-meta":"","header-above-stick-meta":"","header-main-stick-meta":"","header-below-stick-meta":"","astra-migrate-meta-layouts":"set","ast-page-background-enabled":"default","ast-page-background-meta":{"desktop":{"background-color":"var(--ast-global-color-4)","background-image":"","background-repeat":"repeat","background-position":"center center","background-size":"auto","background-attachment":"scroll","background-type":"","background-media":"","overlay-type":"","overlay-color":"","overlay-opacity":"","overlay-gradient":""},"tablet":{"background-color":"","background-image":"","background-repeat":"repeat","background-position":"center center","background-size":"auto","background-attachment":"scroll","background-type":"","background-media":"","overlay-type":"","overlay-color":"","overlay-opacity":"","overlay-gradient":""},"mobile":{"background-color":"","background-image":"","background-repeat":"repeat","background-position":"center center","background-size":"auto","background-attachment":"scroll","background-type":"","background-media":"","overlay-type":"","overlay-color":"","overlay-opacity":"","overlay-gradient":""}},"ast-content-background-meta":{"desktop":{"background-color":"var(--ast-global-color-5)","background-image":"","background-repeat":"repeat","background-position":"center center","background-size":"auto","background-attachment":"scroll","background-type":"","background-media":"","overlay-type":"","overlay-color":"","overlay-opacity":"","overlay-gradient":""},"tablet":{"background-color":"var(--ast-global-color-5)","background-image":"","background-repeat":"repeat","background-position":"center center","background-size":"auto","background-attachment":"scroll","background-type":"","background-media":"","overlay-type":"","overlay-color":"","overlay-opacity":"","overlay-gradient":""},"mobile":{"background-color":"var(--ast-global-color-5)","background-image":"","background-repeat":"repeat","background-position":"center center","background-size":"auto","background-attachment":"scroll","background-type":"","background-media":"","overlay-type":"","overlay-color":"","overlay-opacity":"","overlay-gradient":""}}},"product_brand":[],"product_cat":[833],"product_tag":[],"class_list":{"0":"post-34700","1":"product","2":"type-product","3":"status-publish","4":"has-post-thumbnail","6":"product_cat-hardware-de","7":"desktop-align-left","8":"tablet-align-left","9":"mobile-align-left","11":"first","12":"instock","13":"taxable","14":"shipping-taxable","15":"purchasable","16":"product-type-variable"},"yoast_head":"<!-- This site is optimized with the Yoast SEO plugin v27.4 - https:\/\/yoast.com\/product\/yoast-seo-wordpress\/ -->\n<title>All-in-One ThinClient 24CR671N-2P f\u00fcr das Gesundheitswesen - openthinclient<\/title>\n<meta name=\"robots\" content=\"index, follow, max-snippet:-1, max-image-preview:large, max-video-preview:-1\" \/>\n<link rel=\"canonical\" href=\"https:\/\/openthinclient.com\/it\/prodotto\/lg-24cr671n-2p-all-in-one-thinclient-fuer-das-gesundheitswesen\/\" \/>\n<meta property=\"og:locale\" content=\"it_IT\" \/>\n<meta property=\"og:type\" content=\"article\" \/>\n<meta property=\"og:title\" content=\"All-in-One ThinClient 24CR671N-2P f\u00fcr das Gesundheitswesen - openthinclient\" \/>\n<meta property=\"og:description\" content=\"23,8-Zoll Full HD IPS Display mit Full HD Webcam Intel\u00ae Pentium N6005 bis 3.30 GHz 8 GB RAM DDR4 \/ RFID\" \/>\n<meta property=\"og:url\" content=\"https:\/\/openthinclient.com\/it\/prodotto\/lg-24cr671n-2p-all-in-one-thinclient-fuer-das-gesundheitswesen\/\" \/>\n<meta property=\"og:site_name\" content=\"openthinclient\" \/>\n<meta property=\"article:publisher\" content=\"https:\/\/www.facebook.com\/profile.php?id=100063657666030\" \/>\n<meta property=\"article:modified_time\" content=\"2026-04-07T08:09:50+00:00\" \/>\n<meta name=\"twitter:card\" content=\"summary_large_image\" \/>\n<meta name=\"twitter:label1\" content=\"Tempo di lettura stimato\" \/>\n\t<meta name=\"twitter:data1\" content=\"2 minuti\" \/>\n<script type=\"application\/ld+json\" class=\"yoast-schema-graph\">{\"@context\":\"https:\\\/\\\/schema.org\",\"@graph\":[{\"@type\":\"WebPage\",\"@id\":\"https:\\\/\\\/openthinclient.com\\\/produkt\\\/lg-24cr671n-2p-all-in-one-thinclient-fuer-das-gesundheitswesen\\\/\",\"url\":\"https:\\\/\\\/openthinclient.com\\\/produkt\\\/lg-24cr671n-2p-all-in-one-thinclient-fuer-das-gesundheitswesen\\\/\",\"name\":\"All-in-One ThinClient 24CR671N-2P f\u00fcr das Gesundheitswesen - openthinclient\",\"isPartOf\":{\"@id\":\"https:\\\/\\\/openthinclient.com\\\/#website\"},\"primaryImageOfPage\":{\"@id\":\"https:\\\/\\\/openthinclient.com\\\/produkt\\\/lg-24cr671n-2p-all-in-one-thinclient-fuer-das-gesundheitswesen\\\/#primaryimage\"},\"image\":{\"@id\":\"https:\\\/\\\/openthinclient.com\\\/produkt\\\/lg-24cr671n-2p-all-in-one-thinclient-fuer-das-gesundheitswesen\\\/#primaryimage\"},\"thumbnailUrl\":\"https:\\\/\\\/openthinclient.com\\\/wp-content\\\/uploads\\\/2025\\\/08\\\/DZ-2.avif\",\"datePublished\":\"2025-08-21T09:47:19+00:00\",\"dateModified\":\"2026-04-07T08:09:50+00:00\",\"breadcrumb\":{\"@id\":\"https:\\\/\\\/openthinclient.com\\\/produkt\\\/lg-24cr671n-2p-all-in-one-thinclient-fuer-das-gesundheitswesen\\\/#breadcrumb\"},\"inLanguage\":\"it-IT\",\"potentialAction\":[{\"@type\":\"ReadAction\",\"target\":[\"https:\\\/\\\/openthinclient.com\\\/produkt\\\/lg-24cr671n-2p-all-in-one-thinclient-fuer-das-gesundheitswesen\\\/\"]}]},{\"@type\":\"ImageObject\",\"inLanguage\":\"it-IT\",\"@id\":\"https:\\\/\\\/openthinclient.com\\\/produkt\\\/lg-24cr671n-2p-all-in-one-thinclient-fuer-das-gesundheitswesen\\\/#primaryimage\",\"url\":\"https:\\\/\\\/openthinclient.com\\\/wp-content\\\/uploads\\\/2025\\\/08\\\/DZ-2.avif\",\"contentUrl\":\"https:\\\/\\\/openthinclient.com\\\/wp-content\\\/uploads\\\/2025\\\/08\\\/DZ-2.avif\",\"width\":1600,\"height\":1062,\"caption\":\"All-in-One ThinClient 24CR671N-2P f\u00fcr das Gesundheitswesen\"},{\"@type\":\"BreadcrumbList\",\"@id\":\"https:\\\/\\\/openthinclient.com\\\/produkt\\\/lg-24cr671n-2p-all-in-one-thinclient-fuer-das-gesundheitswesen\\\/#breadcrumb\",\"itemListElement\":[{\"@type\":\"ListItem\",\"position\":1,\"name\":\"Startseite\",\"item\":\"https:\\\/\\\/openthinclient.com\\\/\"},{\"@type\":\"ListItem\",\"position\":2,\"name\":\"Thin Clients Software Vergleich\",\"item\":\"https:\\\/\\\/openthinclient.com\\\/thin-client-software-vergleich\\\/\"},{\"@type\":\"ListItem\",\"position\":3,\"name\":\"All-in-One ThinClient 24CR671N-2P f\u00fcr das Gesundheitswesen\"}]},{\"@type\":\"WebSite\",\"@id\":\"https:\\\/\\\/openthinclient.com\\\/#website\",\"url\":\"https:\\\/\\\/openthinclient.com\\\/\",\"name\":\"openthinclient\",\"description\":\"Thin Client Management Software\",\"publisher\":{\"@id\":\"https:\\\/\\\/openthinclient.com\\\/#organization\"},\"potentialAction\":[{\"@type\":\"SearchAction\",\"target\":{\"@type\":\"EntryPoint\",\"urlTemplate\":\"https:\\\/\\\/openthinclient.com\\\/?s={search_term_string}\"},\"query-input\":{\"@type\":\"PropertyValueSpecification\",\"valueRequired\":true,\"valueName\":\"search_term_string\"}}],\"inLanguage\":\"it-IT\"},{\"@type\":\"Organization\",\"@id\":\"https:\\\/\\\/openthinclient.com\\\/#organization\",\"name\":\"openthinclient\",\"url\":\"https:\\\/\\\/openthinclient.com\\\/\",\"logo\":{\"@type\":\"ImageObject\",\"inLanguage\":\"it-IT\",\"@id\":\"https:\\\/\\\/openthinclient.com\\\/#\\\/schema\\\/logo\\\/image\\\/\",\"url\":\"https:\\\/\\\/openthinclient.com\\\/wp-content\\\/uploads\\\/2022\\\/06\\\/Logo_openthinclient.png\",\"contentUrl\":\"https:\\\/\\\/openthinclient.com\\\/wp-content\\\/uploads\\\/2022\\\/06\\\/Logo_openthinclient.png\",\"width\":1523,\"height\":235,\"caption\":\"openthinclient\"},\"image\":{\"@id\":\"https:\\\/\\\/openthinclient.com\\\/#\\\/schema\\\/logo\\\/image\\\/\"},\"sameAs\":[\"https:\\\/\\\/www.facebook.com\\\/profile.php?id=100063657666030\",\"https:\\\/\\\/www.youtube.com\\\/openthinclientgmbh\",\"https:\\\/\\\/www.linkedin.com\\\/company\\\/9161909\\\/\",\"https:\\\/\\\/www.instagram.com\\\/openthinclient\\\/\"]}]}<\/script>\n<!-- \/ Yoast SEO plugin. -->","yoast_head_json":{"title":"ThinClient all-in-one 24CR671N-2P per il settore sanitario - openthinclient","robots":{"index":"index","follow":"follow","max-snippet":"max-snippet:-1","max-image-preview":"max-image-preview:large","max-video-preview":"max-video-preview:-1"},"canonical":"https:\/\/openthinclient.com\/it\/prodotto\/lg-24cr671n-2p-all-in-one-thinclient-fuer-das-gesundheitswesen\/","og_locale":"it_IT","og_type":"article","og_title":"All-in-One ThinClient 24CR671N-2P f\u00fcr das Gesundheitswesen - openthinclient","og_description":"23,8-Zoll Full HD IPS Display mit Full HD Webcam Intel\u00ae Pentium N6005 bis 3.30 GHz 8 GB RAM DDR4 \/ RFID","og_url":"https:\/\/openthinclient.com\/it\/prodotto\/lg-24cr671n-2p-all-in-one-thinclient-fuer-das-gesundheitswesen\/","og_site_name":"openthinclient","article_publisher":"https:\/\/www.facebook.com\/profile.php?id=100063657666030","article_modified_time":"2026-04-07T08:09:50+00:00","twitter_card":"summary_large_image","twitter_misc":{"Tempo di lettura stimato":"2 minuti"},"schema":{"@context":"https:\/\/schema.org","@graph":[{"@type":"WebPage","@id":"https:\/\/openthinclient.com\/produkt\/lg-24cr671n-2p-all-in-one-thinclient-fuer-das-gesundheitswesen\/","url":"https:\/\/openthinclient.com\/produkt\/lg-24cr671n-2p-all-in-one-thinclient-fuer-das-gesundheitswesen\/","name":"ThinClient all-in-one 24CR671N-2P per il settore sanitario - openthinclient","isPartOf":{"@id":"https:\/\/openthinclient.com\/#website"},"primaryImageOfPage":{"@id":"https:\/\/openthinclient.com\/produkt\/lg-24cr671n-2p-all-in-one-thinclient-fuer-das-gesundheitswesen\/#primaryimage"},"image":{"@id":"https:\/\/openthinclient.com\/produkt\/lg-24cr671n-2p-all-in-one-thinclient-fuer-das-gesundheitswesen\/#primaryimage"},"thumbnailUrl":"https:\/\/openthinclient.com\/wp-content\/uploads\/2025\/08\/DZ-2.avif","datePublished":"2025-08-21T09:47:19+00:00","dateModified":"2026-04-07T08:09:50+00:00","breadcrumb":{"@id":"https:\/\/openthinclient.com\/produkt\/lg-24cr671n-2p-all-in-one-thinclient-fuer-das-gesundheitswesen\/#breadcrumb"},"inLanguage":"it-IT","potentialAction":[{"@type":"ReadAction","target":["https:\/\/openthinclient.com\/produkt\/lg-24cr671n-2p-all-in-one-thinclient-fuer-das-gesundheitswesen\/"]}]},{"@type":"ImageObject","inLanguage":"it-IT","@id":"https:\/\/openthinclient.com\/produkt\/lg-24cr671n-2p-all-in-one-thinclient-fuer-das-gesundheitswesen\/#primaryimage","url":"https:\/\/openthinclient.com\/wp-content\/uploads\/2025\/08\/DZ-2.avif","contentUrl":"https:\/\/openthinclient.com\/wp-content\/uploads\/2025\/08\/DZ-2.avif","width":1600,"height":1062,"caption":"All-in-One ThinClient 24CR671N-2P f\u00fcr das Gesundheitswesen"},{"@type":"BreadcrumbList","@id":"https:\/\/openthinclient.com\/produkt\/lg-24cr671n-2p-all-in-one-thinclient-fuer-das-gesundheitswesen\/#breadcrumb","itemListElement":[{"@type":"ListItem","position":1,"name":"Startseite","item":"https:\/\/openthinclient.com\/"},{"@type":"ListItem","position":2,"name":"Thin Clients Software Vergleich","item":"https:\/\/openthinclient.com\/thin-client-software-vergleich\/"},{"@type":"ListItem","position":3,"name":"All-in-One ThinClient 24CR671N-2P f\u00fcr das Gesundheitswesen"}]},{"@type":"WebSite","@id":"https:\/\/openthinclient.com\/#website","url":"https:\/\/openthinclient.com\/","name":"openthinclient","description":"Software di gestione dei thin client","publisher":{"@id":"https:\/\/openthinclient.com\/#organization"},"potentialAction":[{"@type":"SearchAction","target":{"@type":"EntryPoint","urlTemplate":"https:\/\/openthinclient.com\/?s={search_term_string}"},"query-input":{"@type":"PropertyValueSpecification","valueRequired":true,"valueName":"search_term_string"}}],"inLanguage":"it-IT"},{"@type":"Organization","@id":"https:\/\/openthinclient.com\/#organization","name":"openthinclient","url":"https:\/\/openthinclient.com\/","logo":{"@type":"ImageObject","inLanguage":"it-IT","@id":"https:\/\/openthinclient.com\/#\/schema\/logo\/image\/","url":"https:\/\/openthinclient.com\/wp-content\/uploads\/2022\/06\/Logo_openthinclient.png","contentUrl":"https:\/\/openthinclient.com\/wp-content\/uploads\/2022\/06\/Logo_openthinclient.png","width":1523,"height":235,"caption":"openthinclient"},"image":{"@id":"https:\/\/openthinclient.com\/#\/schema\/logo\/image\/"},"sameAs":["https:\/\/www.facebook.com\/profile.php?id=100063657666030","https:\/\/www.youtube.com\/openthinclientgmbh","https:\/\/www.linkedin.com\/company\/9161909\/","https:\/\/www.instagram.com\/openthinclient\/"]}]}},"tiered_pricing_type":"fixed","tiered_pricing_fixed_rules":[],"tiered_pricing_product_settings":{"layout":"default","base_unit_name":{"singular":null,"plural":null},"default_variation":null},"tiered_pricing_minimum_quantity":null,"tiered_pricing_roles_data":[],"tiered_pricing_percentage_rules":[],"_links":{"self":[{"href":"https:\/\/openthinclient.com\/it\/wp-json\/wp\/v2\/product\/34700","targetHints":{"allow":["GET"]}}],"collection":[{"href":"https:\/\/openthinclient.com\/it\/wp-json\/wp\/v2\/product"}],"about":[{"href":"https:\/\/openthinclient.com\/it\/wp-json\/wp\/v2\/types\/product"}],"wp:featuredmedia":[{"embeddable":true,"href":"https:\/\/openthinclient.com\/it\/wp-json\/wp\/v2\/media\/34706"}],"wp:attachment":[{"href":"https:\/\/openthinclient.com\/it\/wp-json\/wp\/v2\/media?parent=34700"}],"wp:term":[{"taxonomy":"product_brand","embeddable":true,"href":"https:\/\/openthinclient.com\/it\/wp-json\/wp\/v2\/product_brand?post=34700"},{"taxonomy":"product_cat","embeddable":true,"href":"https:\/\/openthinclient.com\/it\/wp-json\/wp\/v2\/product_cat?post=34700"},{"taxonomy":"product_tag","embeddable":true,"href":"https:\/\/openthinclient.com\/it\/wp-json\/wp\/v2\/product_tag?post=34700"}],"curies":[{"name":"wp","href":"https:\/\/api.w.org\/{rel}","templated":true}]}}