{"id":33503,"date":"2024-01-05T09:33:53","date_gmt":"2024-01-05T09:33:53","guid":{"rendered":"https:\/\/openthinclient.com\/?post_type=product&#038;p=33503"},"modified":"2025-12-11T07:34:30","modified_gmt":"2025-12-11T07:34:30","slug":"standfuss-fuer-all-in-one-thinclients","status":"publish","type":"product","link":"https:\/\/openthinclient.com\/it\/produkt\/standfuss-fuer-all-in-one-thinclients\/","title":{"rendered":"Standfu\u00df f\u00fcr All-\u200bin-One ThinClients"},"content":{"rendered":"<div class=\"flex flex-grow flex-col max-w-full\">\n<div class=\"min-h-[20px] text-message flex flex-col items-start gap-3 whitespace-pre-wrap break-words [.text-message+&amp;]:mt-5 overflow-x-auto\" data-message-author-role=\"assistant\" data-message-id=\"e665ea13-2c62-4b11-a2f1-0174fd6e939b\">\n<div class=\"markdown prose w-full break-words dark:prose-invert dark\">\n<p>Der h\u00f6henverstellbare und drehbare Standfu\u00df ist die ideale Erg\u00e4nzung f\u00fcr alle unsere All-in-One-Ger\u00e4te. Dieser wurde speziell robust und stilvoll entworfen, um die Stabilit\u00e4t Ihrer Ger\u00e4te zu gew\u00e4hrleisten und flexible, sichere sowie bequeme Betrachtungswinkel zu erm\u00f6glichen.<\/p>\n<p>Er bietet eine langlebige und zuverl\u00e4ssige L\u00f6sung f\u00fcr die flexible Positionierung Ihres All-in-One-Ger\u00e4ts. Dank seines modernen Designs passt er perfekt in jede B\u00fcroumgebung und f\u00fcgt sich nahtlos in Ihren Arbeitsplatz ein.<\/p>\n<p>Ausgestattet mit rutschfesten Pads an der Unterseite, garantiert er einen sicheren Stand auf Ihrem Schreibtisch und sch\u00fctzt gleichzeitig Ihre Oberfl\u00e4chen vor Kratzern.<\/p>\n<p>Kurzum, dieser Standfu\u00df ist nicht nur eine praktische, sondern auch eine \u00e4sthetisch ansprechende L\u00f6sung, die dazu beitr\u00e4gt, Ihren Arbeitsplatz flexibel, organisiert und ergonomisch zu gestalten.<\/p>\n<\/div>\n<\/div>\n<\/div>\n","protected":false},"excerpt":{"rendered":"<p>Der h\u00f6henverstellbare und drehbare Standfu\u00df ist die ideale Erg\u00e4nzung f\u00fcr alle unsere All-in-One-Ger\u00e4te. Dieser wurde speziell robust und stilvoll entworfen, um die Stabilit\u00e4t Ihrer Ger\u00e4te zu gew\u00e4hrleisten und flexible, sichere sowie bequeme Betrachtungswinkel zu erm\u00f6glichen. Er bietet eine langlebige und zuverl\u00e4ssige L\u00f6sung f\u00fcr die flexible Positionierung Ihres All-in-One-Ger\u00e4ts. Dank seines modernen Designs passt er perfekt [&hellip;]<\/p>\n","protected":false},"featured_media":33504,"template":"","meta":{"site-sidebar-layout":"default","site-content-layout":"default","ast-site-content-layout":"default","site-content-style":"default","site-sidebar-style":"default","ast-global-header-display":"","ast-banner-title-visibility":"","ast-main-header-display":"","ast-hfb-above-header-display":"","ast-hfb-below-header-display":"","ast-hfb-mobile-header-display":"","site-post-title":"","ast-breadcrumbs-content":"","ast-featured-img":"","footer-sml-layout":"","ast-disable-related-posts":"","theme-transparent-header-meta":"default","adv-header-id-meta":"","stick-header-meta":"","header-above-stick-meta":"","header-main-stick-meta":"","header-below-stick-meta":"","astra-migrate-meta-layouts":"set","ast-page-background-enabled":"default","ast-page-background-meta":{"desktop":{"background-color":"var(--ast-global-color-4)","background-image":"","background-repeat":"repeat","background-position":"center center","background-size":"auto","background-attachment":"scroll","background-type":"","background-media":"","overlay-type":"","overlay-color":"","overlay-opacity":"","overlay-gradient":""},"tablet":{"background-color":"","background-image":"","background-repeat":"repeat","background-position":"center center","background-size":"auto","background-attachment":"scroll","background-type":"","background-media":"","overlay-type":"","overlay-color":"","overlay-opacity":"","overlay-gradient":""},"mobile":{"background-color":"","background-image":"","background-repeat":"repeat","background-position":"center center","background-size":"auto","background-attachment":"scroll","background-type":"","background-media":"","overlay-type":"","overlay-color":"","overlay-opacity":"","overlay-gradient":""}},"ast-content-background-meta":{"desktop":{"background-color":"var(--ast-global-color-5)","background-image":"","background-repeat":"repeat","background-position":"center center","background-size":"auto","background-attachment":"scroll","background-type":"","background-media":"","overlay-type":"","overlay-color":"","overlay-opacity":"","overlay-gradient":""},"tablet":{"background-color":"var(--ast-global-color-5)","background-image":"","background-repeat":"repeat","background-position":"center center","background-size":"auto","background-attachment":"scroll","background-type":"","background-media":"","overlay-type":"","overlay-color":"","overlay-opacity":"","overlay-gradient":""},"mobile":{"background-color":"var(--ast-global-color-5)","background-image":"","background-repeat":"repeat","background-position":"center center","background-size":"auto","background-attachment":"scroll","background-type":"","background-media":"","overlay-type":"","overlay-color":"","overlay-opacity":"","overlay-gradient":""}}},"product_brand":[],"product_cat":[845],"product_tag":[],"class_list":{"0":"post-33503","1":"product","2":"type-product","3":"status-publish","4":"has-post-thumbnail","6":"product_cat-zubehoer-de","7":"desktop-align-left","8":"tablet-align-left","9":"mobile-align-left","11":"first","12":"instock","13":"taxable","14":"shipping-taxable","15":"purchasable","16":"product-type-simple"},"yoast_head":"<!-- This site is optimized with the Yoast SEO plugin v27.3 - https:\/\/yoast.com\/product\/yoast-seo-wordpress\/ -->\n<title>Standfu\u00df f\u00fcr All-\u200bin-One ThinClients - openthinclient<\/title>\n<meta name=\"robots\" content=\"index, follow, max-snippet:-1, max-image-preview:large, max-video-preview:-1\" \/>\n<link rel=\"canonical\" href=\"https:\/\/openthinclient.com\/it\/prodotto\/standfuss-fuer-all-in-one-thinclients\/\" \/>\n<meta property=\"og:locale\" content=\"it_IT\" \/>\n<meta property=\"og:type\" content=\"article\" \/>\n<meta property=\"og:title\" content=\"Standfu\u00df f\u00fcr All-\u200bin-One ThinClients - openthinclient\" \/>\n<meta property=\"og:description\" content=\"Der h\u00f6henverstellbare und drehbare Standfu\u00df ist die ideale Erg\u00e4nzung f\u00fcr alle unsere All-in-One-Ger\u00e4te. Dieser wurde speziell robust und stilvoll entworfen, um die Stabilit\u00e4t Ihrer Ger\u00e4te zu gew\u00e4hrleisten und flexible, sichere sowie bequeme Betrachtungswinkel zu erm\u00f6glichen. Er bietet eine langlebige und zuverl\u00e4ssige L\u00f6sung f\u00fcr die flexible Positionierung Ihres All-in-One-Ger\u00e4ts. Dank seines modernen Designs passt er perfekt [&hellip;]\" \/>\n<meta property=\"og:url\" content=\"https:\/\/openthinclient.com\/it\/prodotto\/standfuss-fuer-all-in-one-thinclients\/\" \/>\n<meta property=\"og:site_name\" content=\"openthinclient\" \/>\n<meta property=\"article:publisher\" content=\"https:\/\/www.facebook.com\/profile.php?id=100063657666030\" \/>\n<meta property=\"article:modified_time\" content=\"2025-12-11T07:34:30+00:00\" \/>\n<meta property=\"og:image\" content=\"https:\/\/openthinclient.com\/wp-content\/uploads\/2024\/01\/PANEL-Fuss-hinten-e1704458068571-889x1024.png\" \/>\n\t<meta property=\"og:image:width\" content=\"889\" \/>\n\t<meta property=\"og:image:height\" content=\"1024\" \/>\n\t<meta property=\"og:image:type\" content=\"image\/png\" \/>\n<meta name=\"twitter:card\" content=\"summary_large_image\" \/>\n<meta name=\"twitter:label1\" content=\"Tempo di lettura stimato\" \/>\n\t<meta name=\"twitter:data1\" content=\"1 minuto\" \/>\n<script type=\"application\/ld+json\" class=\"yoast-schema-graph\">{\"@context\":\"https:\\\/\\\/schema.org\",\"@graph\":[{\"@type\":\"WebPage\",\"@id\":\"https:\\\/\\\/openthinclient.com\\\/produkt\\\/standfuss-fuer-all-in-one-thinclients\\\/\",\"url\":\"https:\\\/\\\/openthinclient.com\\\/produkt\\\/standfuss-fuer-all-in-one-thinclients\\\/\",\"name\":\"Standfu\u00df f\u00fcr All-\u200bin-One ThinClients - openthinclient\",\"isPartOf\":{\"@id\":\"https:\\\/\\\/openthinclient.com\\\/#website\"},\"primaryImageOfPage\":{\"@id\":\"https:\\\/\\\/openthinclient.com\\\/produkt\\\/standfuss-fuer-all-in-one-thinclients\\\/#primaryimage\"},\"image\":{\"@id\":\"https:\\\/\\\/openthinclient.com\\\/produkt\\\/standfuss-fuer-all-in-one-thinclients\\\/#primaryimage\"},\"thumbnailUrl\":\"https:\\\/\\\/openthinclient.com\\\/wp-content\\\/uploads\\\/2024\\\/01\\\/PANEL-Fuss-hinten-e1704458068571.png\",\"datePublished\":\"2024-01-05T09:33:53+00:00\",\"dateModified\":\"2025-12-11T07:34:30+00:00\",\"breadcrumb\":{\"@id\":\"https:\\\/\\\/openthinclient.com\\\/produkt\\\/standfuss-fuer-all-in-one-thinclients\\\/#breadcrumb\"},\"inLanguage\":\"it-IT\",\"potentialAction\":[{\"@type\":\"ReadAction\",\"target\":[\"https:\\\/\\\/openthinclient.com\\\/produkt\\\/standfuss-fuer-all-in-one-thinclients\\\/\"]}]},{\"@type\":\"ImageObject\",\"inLanguage\":\"it-IT\",\"@id\":\"https:\\\/\\\/openthinclient.com\\\/produkt\\\/standfuss-fuer-all-in-one-thinclients\\\/#primaryimage\",\"url\":\"https:\\\/\\\/openthinclient.com\\\/wp-content\\\/uploads\\\/2024\\\/01\\\/PANEL-Fuss-hinten-e1704458068571.png\",\"contentUrl\":\"https:\\\/\\\/openthinclient.com\\\/wp-content\\\/uploads\\\/2024\\\/01\\\/PANEL-Fuss-hinten-e1704458068571.png\",\"width\":1500,\"height\":1728,\"caption\":\"All-in-one ThinClient PANEL Fu\u00df hinten\"},{\"@type\":\"BreadcrumbList\",\"@id\":\"https:\\\/\\\/openthinclient.com\\\/produkt\\\/standfuss-fuer-all-in-one-thinclients\\\/#breadcrumb\",\"itemListElement\":[{\"@type\":\"ListItem\",\"position\":1,\"name\":\"Startseite\",\"item\":\"https:\\\/\\\/openthinclient.com\\\/\"},{\"@type\":\"ListItem\",\"position\":2,\"name\":\"Thin Clients Software Vergleich\",\"item\":\"https:\\\/\\\/openthinclient.com\\\/thin-client-software-vergleich\\\/\"},{\"@type\":\"ListItem\",\"position\":3,\"name\":\"Standfu\u00df f\u00fcr All-\u200bin-One ThinClients\"}]},{\"@type\":\"WebSite\",\"@id\":\"https:\\\/\\\/openthinclient.com\\\/#website\",\"url\":\"https:\\\/\\\/openthinclient.com\\\/\",\"name\":\"openthinclient\",\"description\":\"Thin Client Management Software\",\"publisher\":{\"@id\":\"https:\\\/\\\/openthinclient.com\\\/#organization\"},\"potentialAction\":[{\"@type\":\"SearchAction\",\"target\":{\"@type\":\"EntryPoint\",\"urlTemplate\":\"https:\\\/\\\/openthinclient.com\\\/?s={search_term_string}\"},\"query-input\":{\"@type\":\"PropertyValueSpecification\",\"valueRequired\":true,\"valueName\":\"search_term_string\"}}],\"inLanguage\":\"it-IT\"},{\"@type\":\"Organization\",\"@id\":\"https:\\\/\\\/openthinclient.com\\\/#organization\",\"name\":\"openthinclient\",\"url\":\"https:\\\/\\\/openthinclient.com\\\/\",\"logo\":{\"@type\":\"ImageObject\",\"inLanguage\":\"it-IT\",\"@id\":\"https:\\\/\\\/openthinclient.com\\\/#\\\/schema\\\/logo\\\/image\\\/\",\"url\":\"https:\\\/\\\/openthinclient.com\\\/wp-content\\\/uploads\\\/2022\\\/06\\\/Logo_openthinclient.png\",\"contentUrl\":\"https:\\\/\\\/openthinclient.com\\\/wp-content\\\/uploads\\\/2022\\\/06\\\/Logo_openthinclient.png\",\"width\":1523,\"height\":235,\"caption\":\"openthinclient\"},\"image\":{\"@id\":\"https:\\\/\\\/openthinclient.com\\\/#\\\/schema\\\/logo\\\/image\\\/\"},\"sameAs\":[\"https:\\\/\\\/www.facebook.com\\\/profile.php?id=100063657666030\",\"https:\\\/\\\/www.youtube.com\\\/openthinclientgmbh\",\"https:\\\/\\\/www.linkedin.com\\\/company\\\/9161909\\\/\",\"https:\\\/\\\/www.instagram.com\\\/openthinclient\\\/\"]}]}<\/script>\n<!-- \/ Yoast SEO plugin. -->","yoast_head_json":{"title":"Standfu\u00df f\u00fcr All-\u200bin-One ThinClients - openthinclient","robots":{"index":"index","follow":"follow","max-snippet":"max-snippet:-1","max-image-preview":"max-image-preview:large","max-video-preview":"max-video-preview:-1"},"canonical":"https:\/\/openthinclient.com\/it\/prodotto\/standfuss-fuer-all-in-one-thinclients\/","og_locale":"it_IT","og_type":"article","og_title":"Standfu\u00df f\u00fcr All-\u200bin-One ThinClients - openthinclient","og_description":"Der h\u00f6henverstellbare und drehbare Standfu\u00df ist die ideale Erg\u00e4nzung f\u00fcr alle unsere All-in-One-Ger\u00e4te. Dieser wurde speziell robust und stilvoll entworfen, um die Stabilit\u00e4t Ihrer Ger\u00e4te zu gew\u00e4hrleisten und flexible, sichere sowie bequeme Betrachtungswinkel zu erm\u00f6glichen. Er bietet eine langlebige und zuverl\u00e4ssige L\u00f6sung f\u00fcr die flexible Positionierung Ihres All-in-One-Ger\u00e4ts. Dank seines modernen Designs passt er perfekt [&hellip;]","og_url":"https:\/\/openthinclient.com\/it\/prodotto\/standfuss-fuer-all-in-one-thinclients\/","og_site_name":"openthinclient","article_publisher":"https:\/\/www.facebook.com\/profile.php?id=100063657666030","article_modified_time":"2025-12-11T07:34:30+00:00","og_image":[{"width":889,"height":1024,"url":"https:\/\/openthinclient.com\/wp-content\/uploads\/2024\/01\/PANEL-Fuss-hinten-e1704458068571-889x1024.png","type":"image\/png"}],"twitter_card":"summary_large_image","twitter_misc":{"Tempo di lettura stimato":"1 minuto"},"schema":{"@context":"https:\/\/schema.org","@graph":[{"@type":"WebPage","@id":"https:\/\/openthinclient.com\/produkt\/standfuss-fuer-all-in-one-thinclients\/","url":"https:\/\/openthinclient.com\/produkt\/standfuss-fuer-all-in-one-thinclients\/","name":"Standfu\u00df f\u00fcr All-\u200bin-One ThinClients - openthinclient","isPartOf":{"@id":"https:\/\/openthinclient.com\/#website"},"primaryImageOfPage":{"@id":"https:\/\/openthinclient.com\/produkt\/standfuss-fuer-all-in-one-thinclients\/#primaryimage"},"image":{"@id":"https:\/\/openthinclient.com\/produkt\/standfuss-fuer-all-in-one-thinclients\/#primaryimage"},"thumbnailUrl":"https:\/\/openthinclient.com\/wp-content\/uploads\/2024\/01\/PANEL-Fuss-hinten-e1704458068571.png","datePublished":"2024-01-05T09:33:53+00:00","dateModified":"2025-12-11T07:34:30+00:00","breadcrumb":{"@id":"https:\/\/openthinclient.com\/produkt\/standfuss-fuer-all-in-one-thinclients\/#breadcrumb"},"inLanguage":"it-IT","potentialAction":[{"@type":"ReadAction","target":["https:\/\/openthinclient.com\/produkt\/standfuss-fuer-all-in-one-thinclients\/"]}]},{"@type":"ImageObject","inLanguage":"it-IT","@id":"https:\/\/openthinclient.com\/produkt\/standfuss-fuer-all-in-one-thinclients\/#primaryimage","url":"https:\/\/openthinclient.com\/wp-content\/uploads\/2024\/01\/PANEL-Fuss-hinten-e1704458068571.png","contentUrl":"https:\/\/openthinclient.com\/wp-content\/uploads\/2024\/01\/PANEL-Fuss-hinten-e1704458068571.png","width":1500,"height":1728,"caption":"All-in-one ThinClient PANEL Fu\u00df hinten"},{"@type":"BreadcrumbList","@id":"https:\/\/openthinclient.com\/produkt\/standfuss-fuer-all-in-one-thinclients\/#breadcrumb","itemListElement":[{"@type":"ListItem","position":1,"name":"Startseite","item":"https:\/\/openthinclient.com\/"},{"@type":"ListItem","position":2,"name":"Thin Clients Software Vergleich","item":"https:\/\/openthinclient.com\/thin-client-software-vergleich\/"},{"@type":"ListItem","position":3,"name":"Standfu\u00df f\u00fcr All-\u200bin-One ThinClients"}]},{"@type":"WebSite","@id":"https:\/\/openthinclient.com\/#website","url":"https:\/\/openthinclient.com\/","name":"openthinclient","description":"Software di gestione dei thin client","publisher":{"@id":"https:\/\/openthinclient.com\/#organization"},"potentialAction":[{"@type":"SearchAction","target":{"@type":"EntryPoint","urlTemplate":"https:\/\/openthinclient.com\/?s={search_term_string}"},"query-input":{"@type":"PropertyValueSpecification","valueRequired":true,"valueName":"search_term_string"}}],"inLanguage":"it-IT"},{"@type":"Organization","@id":"https:\/\/openthinclient.com\/#organization","name":"openthinclient","url":"https:\/\/openthinclient.com\/","logo":{"@type":"ImageObject","inLanguage":"it-IT","@id":"https:\/\/openthinclient.com\/#\/schema\/logo\/image\/","url":"https:\/\/openthinclient.com\/wp-content\/uploads\/2022\/06\/Logo_openthinclient.png","contentUrl":"https:\/\/openthinclient.com\/wp-content\/uploads\/2022\/06\/Logo_openthinclient.png","width":1523,"height":235,"caption":"openthinclient"},"image":{"@id":"https:\/\/openthinclient.com\/#\/schema\/logo\/image\/"},"sameAs":["https:\/\/www.facebook.com\/profile.php?id=100063657666030","https:\/\/www.youtube.com\/openthinclientgmbh","https:\/\/www.linkedin.com\/company\/9161909\/","https:\/\/www.instagram.com\/openthinclient\/"]}]}},"tiered_pricing_type":"fixed","tiered_pricing_fixed_rules":[],"tiered_pricing_product_settings":{"layout":"default","base_unit_name":{"singular":null,"plural":null},"default_variation":null},"tiered_pricing_minimum_quantity":null,"tiered_pricing_roles_data":[],"tiered_pricing_percentage_rules":[],"_links":{"self":[{"href":"https:\/\/openthinclient.com\/it\/wp-json\/wp\/v2\/product\/33503","targetHints":{"allow":["GET"]}}],"collection":[{"href":"https:\/\/openthinclient.com\/it\/wp-json\/wp\/v2\/product"}],"about":[{"href":"https:\/\/openthinclient.com\/it\/wp-json\/wp\/v2\/types\/product"}],"wp:featuredmedia":[{"embeddable":true,"href":"https:\/\/openthinclient.com\/it\/wp-json\/wp\/v2\/media\/33504"}],"wp:attachment":[{"href":"https:\/\/openthinclient.com\/it\/wp-json\/wp\/v2\/media?parent=33503"}],"wp:term":[{"taxonomy":"product_brand","embeddable":true,"href":"https:\/\/openthinclient.com\/it\/wp-json\/wp\/v2\/product_brand?post=33503"},{"taxonomy":"product_cat","embeddable":true,"href":"https:\/\/openthinclient.com\/it\/wp-json\/wp\/v2\/product_cat?post=33503"},{"taxonomy":"product_tag","embeddable":true,"href":"https:\/\/openthinclient.com\/it\/wp-json\/wp\/v2\/product_tag?post=33503"}],"curies":[{"name":"wp","href":"https:\/\/api.w.org\/{rel}","templated":true}]}}