{"id":12370,"date":"2022-09-30T09:46:49","date_gmt":"2022-09-30T09:46:49","guid":{"rendered":"https:\/\/openthinclient.com\/?post_type=product&#038;p=12370"},"modified":"2023-08-25T07:28:20","modified_gmt":"2023-08-25T07:28:20","slug":"all-in-one-zolid-panel-demo","status":"publish","type":"product","link":"https:\/\/openthinclient.com\/it\/produkt\/all-in-one-zolid-panel-demo\/","title":{"rendered":"All-\u200bin-One &#8211; ZOLID.PANEL DEMO"},"content":{"rendered":"<h5><strong>Testen Sie diesen ThinClient f\u00fcr 4 Wochen unverbindlich bei Ihnen im Echtbetrieb.<br \/>\n<\/strong><\/h5>\n<p>Il modello <strong>ZOLID.<span style=\"color: #0070b5;\">PANNELLO<\/span><\/strong> \u00e8 un potente <strong>ThinClient all-in-one con display tattile<\/strong>. Seine robuste Bauform erm\u00f6glicht den Einsatz in Produktion und Logistik. Mit einer optional erh\u00e4ltlichen Wand- oder Vesa-Halterung kann der Touch-ThinClient an Maschinen f\u00fcr Prozessdatenerfassung und Visualisierung zum Einsatz kommen. Die Intel-i5-Prozessorfamilie mit QuadCore garantiert <strong>Elevata potenza di calcolo<\/strong>.<\/p>","protected":false},"excerpt":{"rendered":"<p>Touchscreen capacitivo da 21,5\u2033<br \/>\nIntel\u00ae Core i5<br \/>\n4 GB RAM<\/p>","protected":false},"featured_media":11655,"template":"","meta":{"site-sidebar-layout":"default","site-content-layout":"default","ast-site-content-layout":"default","site-content-style":"default","site-sidebar-style":"default","ast-global-header-display":"","ast-banner-title-visibility":"","ast-main-header-display":"","ast-hfb-above-header-display":"","ast-hfb-below-header-display":"","ast-hfb-mobile-header-display":"","site-post-title":"","ast-breadcrumbs-content":"","ast-featured-img":"","footer-sml-layout":"","ast-disable-related-posts":"","theme-transparent-header-meta":"default","adv-header-id-meta":"","stick-header-meta":"","header-above-stick-meta":"","header-main-stick-meta":"","header-below-stick-meta":"","astra-migrate-meta-layouts":"default","ast-page-background-enabled":"default","ast-page-background-meta":{"desktop":{"background-color":"var(--ast-global-color-4)","background-image":"","background-repeat":"repeat","background-position":"center center","background-size":"auto","background-attachment":"scroll","background-type":"","background-media":"","overlay-type":"","overlay-color":"","overlay-opacity":"","overlay-gradient":""},"tablet":{"background-color":"","background-image":"","background-repeat":"repeat","background-position":"center center","background-size":"auto","background-attachment":"scroll","background-type":"","background-media":"","overlay-type":"","overlay-color":"","overlay-opacity":"","overlay-gradient":""},"mobile":{"background-color":"","background-image":"","background-repeat":"repeat","background-position":"center center","background-size":"auto","background-attachment":"scroll","background-type":"","background-media":"","overlay-type":"","overlay-color":"","overlay-opacity":"","overlay-gradient":""}},"ast-content-background-meta":{"desktop":{"background-color":"var(--ast-global-color-5)","background-image":"","background-repeat":"repeat","background-position":"center center","background-size":"auto","background-attachment":"scroll","background-type":"","background-media":"","overlay-type":"","overlay-color":"","overlay-opacity":"","overlay-gradient":""},"tablet":{"background-color":"var(--ast-global-color-5)","background-image":"","background-repeat":"repeat","background-position":"center center","background-size":"auto","background-attachment":"scroll","background-type":"","background-media":"","overlay-type":"","overlay-color":"","overlay-opacity":"","overlay-gradient":""},"mobile":{"background-color":"var(--ast-global-color-5)","background-image":"","background-repeat":"repeat","background-position":"center center","background-size":"auto","background-attachment":"scroll","background-type":"","background-media":"","overlay-type":"","overlay-color":"","overlay-opacity":"","overlay-gradient":""}}},"product_brand":[],"product_cat":[837],"product_tag":[],"class_list":{"0":"post-12370","1":"product","2":"type-product","3":"status-publish","4":"has-post-thumbnail","6":"product_cat-demogeraete-de","7":"desktop-align-left","8":"tablet-align-left","9":"mobile-align-left","11":"first","12":"instock","13":"sold-individually","14":"taxable","15":"shipping-taxable","16":"purchasable","17":"product-type-simple"},"yoast_head":"<!-- This site is optimized with the Yoast SEO plugin v27.4 - https:\/\/yoast.com\/product\/yoast-seo-wordpress\/ -->\n<title>All-\u200bin-One - ZOLID.PANEL DEMO - openthinclient<\/title>\n<meta name=\"robots\" content=\"index, follow, max-snippet:-1, max-image-preview:large, max-video-preview:-1\" \/>\n<link rel=\"canonical\" href=\"https:\/\/openthinclient.com\/it\/prodotto\/all-in-one-zolid-panel-demo\/\" \/>\n<meta property=\"og:locale\" content=\"it_IT\" \/>\n<meta property=\"og:type\" content=\"article\" \/>\n<meta property=\"og:title\" content=\"All-\u200bin-One - ZOLID.PANEL DEMO - openthinclient\" \/>\n<meta property=\"og:description\" content=\"21,5&quot; kapazitiver Touchscreen Intel\u00ae Core i5 4 GB RAM\" \/>\n<meta property=\"og:url\" content=\"https:\/\/openthinclient.com\/it\/prodotto\/all-in-one-zolid-panel-demo\/\" \/>\n<meta property=\"og:site_name\" content=\"openthinclient\" \/>\n<meta property=\"article:publisher\" content=\"https:\/\/www.facebook.com\/profile.php?id=100063657666030\" \/>\n<meta property=\"article:modified_time\" content=\"2023-08-25T07:28:20+00:00\" \/>\n<meta property=\"og:image\" content=\"https:\/\/openthinclient.com\/wp-content\/uploads\/2022\/09\/ZOLID.PANEL-shop.jpg\" \/>\n\t<meta property=\"og:image:width\" content=\"1000\" \/>\n\t<meta property=\"og:image:height\" content=\"1000\" \/>\n\t<meta property=\"og:image:type\" content=\"image\/jpeg\" \/>\n<meta name=\"twitter:card\" content=\"summary_large_image\" \/>\n<meta name=\"twitter:label1\" content=\"Tempo di lettura stimato\" \/>\n\t<meta name=\"twitter:data1\" content=\"1 minuto\" \/>\n<script type=\"application\/ld+json\" class=\"yoast-schema-graph\">{\"@context\":\"https:\\\/\\\/schema.org\",\"@graph\":[{\"@type\":\"WebPage\",\"@id\":\"https:\\\/\\\/openthinclient.com\\\/produkt\\\/all-in-one-zolid-panel-demo\\\/\",\"url\":\"https:\\\/\\\/openthinclient.com\\\/produkt\\\/all-in-one-zolid-panel-demo\\\/\",\"name\":\"All-\u200bin-One - ZOLID.PANEL DEMO - openthinclient\",\"isPartOf\":{\"@id\":\"https:\\\/\\\/openthinclient.com\\\/#website\"},\"primaryImageOfPage\":{\"@id\":\"https:\\\/\\\/openthinclient.com\\\/produkt\\\/all-in-one-zolid-panel-demo\\\/#primaryimage\"},\"image\":{\"@id\":\"https:\\\/\\\/openthinclient.com\\\/produkt\\\/all-in-one-zolid-panel-demo\\\/#primaryimage\"},\"thumbnailUrl\":\"https:\\\/\\\/openthinclient.com\\\/wp-content\\\/uploads\\\/2022\\\/09\\\/ZOLID.PANEL-shop.jpg\",\"datePublished\":\"2022-09-30T09:46:49+00:00\",\"dateModified\":\"2023-08-25T07:28:20+00:00\",\"breadcrumb\":{\"@id\":\"https:\\\/\\\/openthinclient.com\\\/produkt\\\/all-in-one-zolid-panel-demo\\\/#breadcrumb\"},\"inLanguage\":\"it-IT\",\"potentialAction\":[{\"@type\":\"ReadAction\",\"target\":[\"https:\\\/\\\/openthinclient.com\\\/produkt\\\/all-in-one-zolid-panel-demo\\\/\"]}]},{\"@type\":\"ImageObject\",\"inLanguage\":\"it-IT\",\"@id\":\"https:\\\/\\\/openthinclient.com\\\/produkt\\\/all-in-one-zolid-panel-demo\\\/#primaryimage\",\"url\":\"https:\\\/\\\/openthinclient.com\\\/wp-content\\\/uploads\\\/2022\\\/09\\\/ZOLID.PANEL-shop.jpg\",\"contentUrl\":\"https:\\\/\\\/openthinclient.com\\\/wp-content\\\/uploads\\\/2022\\\/09\\\/ZOLID.PANEL-shop.jpg\",\"width\":1000,\"height\":1000},{\"@type\":\"BreadcrumbList\",\"@id\":\"https:\\\/\\\/openthinclient.com\\\/produkt\\\/all-in-one-zolid-panel-demo\\\/#breadcrumb\",\"itemListElement\":[{\"@type\":\"ListItem\",\"position\":1,\"name\":\"Startseite\",\"item\":\"https:\\\/\\\/openthinclient.com\\\/\"},{\"@type\":\"ListItem\",\"position\":2,\"name\":\"Thin Clients Software Vergleich\",\"item\":\"https:\\\/\\\/openthinclient.com\\\/thin-client-software-vergleich\\\/\"},{\"@type\":\"ListItem\",\"position\":3,\"name\":\"All-\u200bin-One &#8211; ZOLID.PANEL DEMO\"}]},{\"@type\":\"WebSite\",\"@id\":\"https:\\\/\\\/openthinclient.com\\\/#website\",\"url\":\"https:\\\/\\\/openthinclient.com\\\/\",\"name\":\"openthinclient\",\"description\":\"Thin Client Management Software\",\"publisher\":{\"@id\":\"https:\\\/\\\/openthinclient.com\\\/#organization\"},\"potentialAction\":[{\"@type\":\"SearchAction\",\"target\":{\"@type\":\"EntryPoint\",\"urlTemplate\":\"https:\\\/\\\/openthinclient.com\\\/?s={search_term_string}\"},\"query-input\":{\"@type\":\"PropertyValueSpecification\",\"valueRequired\":true,\"valueName\":\"search_term_string\"}}],\"inLanguage\":\"it-IT\"},{\"@type\":\"Organization\",\"@id\":\"https:\\\/\\\/openthinclient.com\\\/#organization\",\"name\":\"openthinclient\",\"url\":\"https:\\\/\\\/openthinclient.com\\\/\",\"logo\":{\"@type\":\"ImageObject\",\"inLanguage\":\"it-IT\",\"@id\":\"https:\\\/\\\/openthinclient.com\\\/#\\\/schema\\\/logo\\\/image\\\/\",\"url\":\"https:\\\/\\\/openthinclient.com\\\/wp-content\\\/uploads\\\/2022\\\/06\\\/Logo_openthinclient.png\",\"contentUrl\":\"https:\\\/\\\/openthinclient.com\\\/wp-content\\\/uploads\\\/2022\\\/06\\\/Logo_openthinclient.png\",\"width\":1523,\"height\":235,\"caption\":\"openthinclient\"},\"image\":{\"@id\":\"https:\\\/\\\/openthinclient.com\\\/#\\\/schema\\\/logo\\\/image\\\/\"},\"sameAs\":[\"https:\\\/\\\/www.facebook.com\\\/profile.php?id=100063657666030\",\"https:\\\/\\\/www.youtube.com\\\/openthinclientgmbh\",\"https:\\\/\\\/www.linkedin.com\\\/company\\\/9161909\\\/\",\"https:\\\/\\\/www.instagram.com\\\/openthinclient\\\/\"]}]}<\/script>\n<!-- \/ Yoast SEO plugin. -->","yoast_head_json":{"title":"All-\u200bin-One - ZOLID.PANEL DEMO - openthinclient","robots":{"index":"index","follow":"follow","max-snippet":"max-snippet:-1","max-image-preview":"max-image-preview:large","max-video-preview":"max-video-preview:-1"},"canonical":"https:\/\/openthinclient.com\/it\/prodotto\/all-in-one-zolid-panel-demo\/","og_locale":"it_IT","og_type":"article","og_title":"All-\u200bin-One - ZOLID.PANEL DEMO - openthinclient","og_description":"21,5\" kapazitiver Touchscreen Intel\u00ae Core i5 4 GB RAM","og_url":"https:\/\/openthinclient.com\/it\/prodotto\/all-in-one-zolid-panel-demo\/","og_site_name":"openthinclient","article_publisher":"https:\/\/www.facebook.com\/profile.php?id=100063657666030","article_modified_time":"2023-08-25T07:28:20+00:00","og_image":[{"width":1000,"height":1000,"url":"https:\/\/openthinclient.com\/wp-content\/uploads\/2022\/09\/ZOLID.PANEL-shop.jpg","type":"image\/jpeg"}],"twitter_card":"summary_large_image","twitter_misc":{"Tempo di lettura stimato":"1 minuto"},"schema":{"@context":"https:\/\/schema.org","@graph":[{"@type":"WebPage","@id":"https:\/\/openthinclient.com\/produkt\/all-in-one-zolid-panel-demo\/","url":"https:\/\/openthinclient.com\/produkt\/all-in-one-zolid-panel-demo\/","name":"All-\u200bin-One - ZOLID.PANEL DEMO - openthinclient","isPartOf":{"@id":"https:\/\/openthinclient.com\/#website"},"primaryImageOfPage":{"@id":"https:\/\/openthinclient.com\/produkt\/all-in-one-zolid-panel-demo\/#primaryimage"},"image":{"@id":"https:\/\/openthinclient.com\/produkt\/all-in-one-zolid-panel-demo\/#primaryimage"},"thumbnailUrl":"https:\/\/openthinclient.com\/wp-content\/uploads\/2022\/09\/ZOLID.PANEL-shop.jpg","datePublished":"2022-09-30T09:46:49+00:00","dateModified":"2023-08-25T07:28:20+00:00","breadcrumb":{"@id":"https:\/\/openthinclient.com\/produkt\/all-in-one-zolid-panel-demo\/#breadcrumb"},"inLanguage":"it-IT","potentialAction":[{"@type":"ReadAction","target":["https:\/\/openthinclient.com\/produkt\/all-in-one-zolid-panel-demo\/"]}]},{"@type":"ImageObject","inLanguage":"it-IT","@id":"https:\/\/openthinclient.com\/produkt\/all-in-one-zolid-panel-demo\/#primaryimage","url":"https:\/\/openthinclient.com\/wp-content\/uploads\/2022\/09\/ZOLID.PANEL-shop.jpg","contentUrl":"https:\/\/openthinclient.com\/wp-content\/uploads\/2022\/09\/ZOLID.PANEL-shop.jpg","width":1000,"height":1000},{"@type":"BreadcrumbList","@id":"https:\/\/openthinclient.com\/produkt\/all-in-one-zolid-panel-demo\/#breadcrumb","itemListElement":[{"@type":"ListItem","position":1,"name":"Startseite","item":"https:\/\/openthinclient.com\/"},{"@type":"ListItem","position":2,"name":"Thin Clients Software Vergleich","item":"https:\/\/openthinclient.com\/thin-client-software-vergleich\/"},{"@type":"ListItem","position":3,"name":"All-\u200bin-One &#8211; ZOLID.PANEL DEMO"}]},{"@type":"WebSite","@id":"https:\/\/openthinclient.com\/#website","url":"https:\/\/openthinclient.com\/","name":"openthinclient","description":"Software di gestione dei thin client","publisher":{"@id":"https:\/\/openthinclient.com\/#organization"},"potentialAction":[{"@type":"SearchAction","target":{"@type":"EntryPoint","urlTemplate":"https:\/\/openthinclient.com\/?s={search_term_string}"},"query-input":{"@type":"PropertyValueSpecification","valueRequired":true,"valueName":"search_term_string"}}],"inLanguage":"it-IT"},{"@type":"Organization","@id":"https:\/\/openthinclient.com\/#organization","name":"openthinclient","url":"https:\/\/openthinclient.com\/","logo":{"@type":"ImageObject","inLanguage":"it-IT","@id":"https:\/\/openthinclient.com\/#\/schema\/logo\/image\/","url":"https:\/\/openthinclient.com\/wp-content\/uploads\/2022\/06\/Logo_openthinclient.png","contentUrl":"https:\/\/openthinclient.com\/wp-content\/uploads\/2022\/06\/Logo_openthinclient.png","width":1523,"height":235,"caption":"openthinclient"},"image":{"@id":"https:\/\/openthinclient.com\/#\/schema\/logo\/image\/"},"sameAs":["https:\/\/www.facebook.com\/profile.php?id=100063657666030","https:\/\/www.youtube.com\/openthinclientgmbh","https:\/\/www.linkedin.com\/company\/9161909\/","https:\/\/www.instagram.com\/openthinclient\/"]}]}},"tiered_pricing_type":"fixed","tiered_pricing_fixed_rules":[],"tiered_pricing_product_settings":{"layout":"default","base_unit_name":{"singular":null,"plural":null},"default_variation":null},"tiered_pricing_minimum_quantity":null,"tiered_pricing_roles_data":[],"tiered_pricing_percentage_rules":[],"_links":{"self":[{"href":"https:\/\/openthinclient.com\/it\/wp-json\/wp\/v2\/product\/12370","targetHints":{"allow":["GET"]}}],"collection":[{"href":"https:\/\/openthinclient.com\/it\/wp-json\/wp\/v2\/product"}],"about":[{"href":"https:\/\/openthinclient.com\/it\/wp-json\/wp\/v2\/types\/product"}],"wp:featuredmedia":[{"embeddable":true,"href":"https:\/\/openthinclient.com\/it\/wp-json\/wp\/v2\/media\/11655"}],"wp:attachment":[{"href":"https:\/\/openthinclient.com\/it\/wp-json\/wp\/v2\/media?parent=12370"}],"wp:term":[{"taxonomy":"product_brand","embeddable":true,"href":"https:\/\/openthinclient.com\/it\/wp-json\/wp\/v2\/product_brand?post=12370"},{"taxonomy":"product_cat","embeddable":true,"href":"https:\/\/openthinclient.com\/it\/wp-json\/wp\/v2\/product_cat?post=12370"},{"taxonomy":"product_tag","embeddable":true,"href":"https:\/\/openthinclient.com\/it\/wp-json\/wp\/v2\/product_tag?post=12370"}],"curies":[{"name":"wp","href":"https:\/\/api.w.org\/{rel}","templated":true}]}}