{"id":9215,"date":"2022-09-16T07:06:13","date_gmt":"2022-09-16T07:06:13","guid":{"rendered":"https:\/\/openthinclient.com\/?post_type=product&#038;p=9215"},"modified":"2026-03-16T07:44:30","modified_gmt":"2026-03-16T07:44:30","slug":"openthinclient-management-server-business-50","status":"publish","type":"product","link":"https:\/\/openthinclient.com\/fr\/produkt\/openthinclient-management-server-business-50\/","title":{"rendered":"\u00bbBUSINESS 50\u00ab"},"content":{"rendered":"<h1>Serveur de gestion openthinclient<\/h1>\n<p>Solution logicielle ThinClient compos\u00e9e de<\/p>\n<ul>\n<li>syst\u00e8me d'exploitation bas\u00e9 sur linux pour le d\u00e9marrage PXE<\/li>\n<li>Serveur d'amor\u00e7age\/de gestion<\/li>\n<li>gestion centralis\u00e9e via un navigateur<\/li>\n<li>Apps incluses, par ex. Citrix Workspace, FreeRDP, Omnissa Horizon anciennement VMware Horizon, Chromium<\/li>\n<li><strong>un soutien professionnel\u00a0<\/strong>avec des temps de r\u00e9action garantis<\/li>\n<li><strong>Cat\u00e9gorie H<\/strong>igh<strong>\u00a06 heures<\/strong><\/li>\n<li><strong>Cat\u00e9gorie N<\/strong>ormal<strong>\u00a048 heures<\/strong><\/li>\n<li><strong>Cat\u00e9gorie S<\/strong>low\u00a0<strong>30 jours<\/strong><\/li>\n<li><strong>Heures de service : Lu - Ve, 9 - 17 heures<\/strong><\/li>\n<li>y compris autorisation d'utilisation pour 50 ThinClients<\/li>\n<li>Dur\u00e9e minimale du contrat : 12 mois<\/li>\n<\/ul>","protected":false},"excerpt":{"rendered":"<p><span style=\"color: #000000; font-family: roboto; font-size: 12px;\"><strong>mensuel \/ annuel<\/strong><\/span><br \/>\n&#x2705; Professioneller Support<\/p>\n<p>&#x2705; inkl. Nutzungsberechtigung<br \/>\npour 50 ThinClients<\/p>\n<p>&#x2705; weitere ThinClients zubuchbar<\/p>","protected":false},"featured_media":9849,"template":"","meta":{"site-sidebar-layout":"default","site-content-layout":"default","ast-site-content-layout":"default","site-content-style":"default","site-sidebar-style":"default","ast-global-header-display":"","ast-banner-title-visibility":"","ast-main-header-display":"","ast-hfb-above-header-display":"","ast-hfb-below-header-display":"","ast-hfb-mobile-header-display":"","site-post-title":"","ast-breadcrumbs-content":"","ast-featured-img":"","footer-sml-layout":"","ast-disable-related-posts":"","theme-transparent-header-meta":"default","adv-header-id-meta":"","stick-header-meta":"","header-above-stick-meta":"","header-main-stick-meta":"","header-below-stick-meta":"","astra-migrate-meta-layouts":"set","ast-page-background-enabled":"default","ast-page-background-meta":{"desktop":{"background-color":"var(--ast-global-color-4)","background-image":"","background-repeat":"repeat","background-position":"center center","background-size":"auto","background-attachment":"scroll","background-type":"","background-media":"","overlay-type":"","overlay-color":"","overlay-opacity":"","overlay-gradient":""},"tablet":{"background-color":"","background-image":"","background-repeat":"repeat","background-position":"center center","background-size":"auto","background-attachment":"scroll","background-type":"","background-media":"","overlay-type":"","overlay-color":"","overlay-opacity":"","overlay-gradient":""},"mobile":{"background-color":"","background-image":"","background-repeat":"repeat","background-position":"center center","background-size":"auto","background-attachment":"scroll","background-type":"","background-media":"","overlay-type":"","overlay-color":"","overlay-opacity":"","overlay-gradient":""}},"ast-content-background-meta":{"desktop":{"background-color":"var(--ast-global-color-5)","background-image":"","background-repeat":"repeat","background-position":"center center","background-size":"auto","background-attachment":"scroll","background-type":"","background-media":"","overlay-type":"","overlay-color":"","overlay-opacity":"","overlay-gradient":""},"tablet":{"background-color":"var(--ast-global-color-5)","background-image":"","background-repeat":"repeat","background-position":"center center","background-size":"auto","background-attachment":"scroll","background-type":"","background-media":"","overlay-type":"","overlay-color":"","overlay-opacity":"","overlay-gradient":""},"mobile":{"background-color":"var(--ast-global-color-5)","background-image":"","background-repeat":"repeat","background-position":"center center","background-size":"auto","background-attachment":"scroll","background-type":"","background-media":"","overlay-type":"","overlay-color":"","overlay-opacity":"","overlay-gradient":""}}},"product_brand":[],"product_cat":[841],"product_tag":[],"class_list":{"0":"post-9215","1":"product","2":"type-product","3":"status-publish","4":"has-post-thumbnail","6":"product_cat-software-de","7":"pa_funktion-it-administrator-de","8":"pa_funktion-studentazubipraktikant-de","9":"pa_funktion-privatperson-de","10":"pa_funktion-geschaftsfuhrung-de","11":"pa_funktion-it-leitung-de","12":"pa_mitarbeiterzahl-1-25","13":"pa_mitarbeiterzahl-1-25-de","14":"pa_mitarbeiterzahl-26-100-de","15":"pa_mitarbeiterzahl-101-500-de","16":"pa_mitarbeiterzahl-501-2500-de","17":"pa_mitarbeiterzahl-2501-10000-de","18":"pa_mitarbeiterzahl-10000-de","19":"pa_verwendung-sonstige","20":"pa_verwendung-buero-verwaltung","21":"pa_verwendung-gesundheitswesen","22":"pa_verwendung-it-systemhaus","23":"pa_verwendung-private-verwendung","24":"pa_verwendung-industrie-produktion-de","25":"pa_verwendung-finanzwesen-de","26":"desktop-align-left","27":"tablet-align-left","28":"mobile-align-left","30":"first","31":"instock","32":"sold-individually","33":"taxable","34":"shipping-taxable","35":"purchasable","36":"product-type-variable"},"yoast_head":"<!-- This site is optimized with the Yoast SEO plugin v27.3 - https:\/\/yoast.com\/product\/yoast-seo-wordpress\/ -->\n<title>openthinclient software-download<\/title>\n<meta name=\"description\" content=\"Download the openthinclient management-server for free. Up to 49 TCs free, from 50 TCs usage authorization with support and SLAs.\" \/>\n<meta name=\"robots\" content=\"index, follow, max-snippet:-1, max-image-preview:large, max-video-preview:-1\" \/>\n<link rel=\"canonical\" href=\"https:\/\/openthinclient.com\/fr\/produit\/openthinclient-management-server-business-50\/\" \/>\n<meta property=\"og:locale\" content=\"fr_FR\" \/>\n<meta property=\"og:type\" content=\"article\" \/>\n<meta property=\"og:title\" content=\"openthinclient software-download\" \/>\n<meta property=\"og:description\" content=\"Download the openthinclient management-server for free. Up to 49 TCs free, from 50 TCs usage authorization with support and SLAs.\" \/>\n<meta property=\"og:url\" content=\"https:\/\/openthinclient.com\/fr\/produit\/openthinclient-management-server-business-50\/\" \/>\n<meta property=\"og:site_name\" content=\"openthinclient\" \/>\n<meta property=\"article:publisher\" content=\"https:\/\/www.facebook.com\/profile.php?id=100063657666030\" \/>\n<meta property=\"article:modified_time\" content=\"2026-03-16T07:44:30+00:00\" \/>\n<meta property=\"og:image\" content=\"https:\/\/openthinclient.com\/wp-content\/uploads\/2022\/09\/openthinclient-Management-Server-BUSINESS-50.png\" \/>\n\t<meta property=\"og:image:width\" content=\"1000\" \/>\n\t<meta property=\"og:image:height\" content=\"1000\" \/>\n\t<meta property=\"og:image:type\" content=\"image\/png\" \/>\n<meta name=\"twitter:card\" content=\"summary_large_image\" \/>\n<meta name=\"twitter:label1\" content=\"Dur\u00e9e de lecture estim\u00e9e\" \/>\n\t<meta name=\"twitter:data1\" content=\"1 minute\" \/>\n<script type=\"application\/ld+json\" class=\"yoast-schema-graph\">{\"@context\":\"https:\\\/\\\/schema.org\",\"@graph\":[{\"@type\":\"WebPage\",\"@id\":\"https:\\\/\\\/openthinclient.com\\\/produkt\\\/openthinclient-management-server-business-50\\\/\",\"url\":\"https:\\\/\\\/openthinclient.com\\\/produkt\\\/openthinclient-management-server-business-50\\\/\",\"name\":\"openthinclient software-download\",\"isPartOf\":{\"@id\":\"https:\\\/\\\/openthinclient.com\\\/#website\"},\"primaryImageOfPage\":{\"@id\":\"https:\\\/\\\/openthinclient.com\\\/produkt\\\/openthinclient-management-server-business-50\\\/#primaryimage\"},\"image\":{\"@id\":\"https:\\\/\\\/openthinclient.com\\\/produkt\\\/openthinclient-management-server-business-50\\\/#primaryimage\"},\"thumbnailUrl\":\"https:\\\/\\\/openthinclient.com\\\/wp-content\\\/uploads\\\/2022\\\/09\\\/openthinclient-Management-Server-BUSINESS-50.png\",\"datePublished\":\"2022-09-16T07:06:13+00:00\",\"dateModified\":\"2026-03-16T07:44:30+00:00\",\"description\":\"Download the openthinclient management-server for free. Up to 49 TCs free, from 50 TCs usage authorization with support and SLAs.\",\"breadcrumb\":{\"@id\":\"https:\\\/\\\/openthinclient.com\\\/produkt\\\/openthinclient-management-server-business-50\\\/#breadcrumb\"},\"inLanguage\":\"fr-FR\",\"potentialAction\":[{\"@type\":\"ReadAction\",\"target\":[\"https:\\\/\\\/openthinclient.com\\\/produkt\\\/openthinclient-management-server-business-50\\\/\"]}]},{\"@type\":\"ImageObject\",\"inLanguage\":\"fr-FR\",\"@id\":\"https:\\\/\\\/openthinclient.com\\\/produkt\\\/openthinclient-management-server-business-50\\\/#primaryimage\",\"url\":\"https:\\\/\\\/openthinclient.com\\\/wp-content\\\/uploads\\\/2022\\\/09\\\/openthinclient-Management-Server-BUSINESS-50.png\",\"contentUrl\":\"https:\\\/\\\/openthinclient.com\\\/wp-content\\\/uploads\\\/2022\\\/09\\\/openthinclient-Management-Server-BUSINESS-50.png\",\"width\":1000,\"height\":1000,\"caption\":\"openthinclient-Management-Server BUSINESS 50\"},{\"@type\":\"BreadcrumbList\",\"@id\":\"https:\\\/\\\/openthinclient.com\\\/produkt\\\/openthinclient-management-server-business-50\\\/#breadcrumb\",\"itemListElement\":[{\"@type\":\"ListItem\",\"position\":1,\"name\":\"Startseite\",\"item\":\"https:\\\/\\\/openthinclient.com\\\/\"},{\"@type\":\"ListItem\",\"position\":2,\"name\":\"Thin Clients Software Vergleich\",\"item\":\"https:\\\/\\\/openthinclient.com\\\/thin-client-software-vergleich\\\/\"},{\"@type\":\"ListItem\",\"position\":3,\"name\":\"\u00bbBUSINESS 50\u00ab\"}]},{\"@type\":\"WebSite\",\"@id\":\"https:\\\/\\\/openthinclient.com\\\/#website\",\"url\":\"https:\\\/\\\/openthinclient.com\\\/\",\"name\":\"openthinclient\",\"description\":\"Thin Client Management Software\",\"publisher\":{\"@id\":\"https:\\\/\\\/openthinclient.com\\\/#organization\"},\"potentialAction\":[{\"@type\":\"SearchAction\",\"target\":{\"@type\":\"EntryPoint\",\"urlTemplate\":\"https:\\\/\\\/openthinclient.com\\\/?s={search_term_string}\"},\"query-input\":{\"@type\":\"PropertyValueSpecification\",\"valueRequired\":true,\"valueName\":\"search_term_string\"}}],\"inLanguage\":\"fr-FR\"},{\"@type\":\"Organization\",\"@id\":\"https:\\\/\\\/openthinclient.com\\\/#organization\",\"name\":\"openthinclient\",\"url\":\"https:\\\/\\\/openthinclient.com\\\/\",\"logo\":{\"@type\":\"ImageObject\",\"inLanguage\":\"fr-FR\",\"@id\":\"https:\\\/\\\/openthinclient.com\\\/#\\\/schema\\\/logo\\\/image\\\/\",\"url\":\"https:\\\/\\\/openthinclient.com\\\/wp-content\\\/uploads\\\/2022\\\/06\\\/Logo_openthinclient.png\",\"contentUrl\":\"https:\\\/\\\/openthinclient.com\\\/wp-content\\\/uploads\\\/2022\\\/06\\\/Logo_openthinclient.png\",\"width\":1523,\"height\":235,\"caption\":\"openthinclient\"},\"image\":{\"@id\":\"https:\\\/\\\/openthinclient.com\\\/#\\\/schema\\\/logo\\\/image\\\/\"},\"sameAs\":[\"https:\\\/\\\/www.facebook.com\\\/profile.php?id=100063657666030\",\"https:\\\/\\\/www.youtube.com\\\/openthinclientgmbh\",\"https:\\\/\\\/www.linkedin.com\\\/company\\\/9161909\\\/\",\"https:\\\/\\\/www.instagram.com\\\/openthinclient\\\/\"]}]}<\/script>\n<!-- \/ Yoast SEO plugin. -->","yoast_head_json":{"title":"openthinclient t\u00e9l\u00e9chargement du logiciel","description":"T\u00e9l\u00e9charger le serveur de gestion openthinclient gratuitement. Jusqu'\u00e0 49 TCs gratuits, \u00e0 partir de 50 TCs autorisation d'utilisation avec support et SLAs.","robots":{"index":"index","follow":"follow","max-snippet":"max-snippet:-1","max-image-preview":"max-image-preview:large","max-video-preview":"max-video-preview:-1"},"canonical":"https:\/\/openthinclient.com\/fr\/produit\/openthinclient-management-server-business-50\/","og_locale":"fr_FR","og_type":"article","og_title":"openthinclient software-download","og_description":"Download the openthinclient management-server for free. Up to 49 TCs free, from 50 TCs usage authorization with support and SLAs.","og_url":"https:\/\/openthinclient.com\/fr\/produit\/openthinclient-management-server-business-50\/","og_site_name":"openthinclient","article_publisher":"https:\/\/www.facebook.com\/profile.php?id=100063657666030","article_modified_time":"2026-03-16T07:44:30+00:00","og_image":[{"width":1000,"height":1000,"url":"https:\/\/openthinclient.com\/wp-content\/uploads\/2022\/09\/openthinclient-Management-Server-BUSINESS-50.png","type":"image\/png"}],"twitter_card":"summary_large_image","twitter_misc":{"Dur\u00e9e de lecture estim\u00e9e":"1 minute"},"schema":{"@context":"https:\/\/schema.org","@graph":[{"@type":"WebPage","@id":"https:\/\/openthinclient.com\/produkt\/openthinclient-management-server-business-50\/","url":"https:\/\/openthinclient.com\/produkt\/openthinclient-management-server-business-50\/","name":"openthinclient t\u00e9l\u00e9chargement du logiciel","isPartOf":{"@id":"https:\/\/openthinclient.com\/#website"},"primaryImageOfPage":{"@id":"https:\/\/openthinclient.com\/produkt\/openthinclient-management-server-business-50\/#primaryimage"},"image":{"@id":"https:\/\/openthinclient.com\/produkt\/openthinclient-management-server-business-50\/#primaryimage"},"thumbnailUrl":"https:\/\/openthinclient.com\/wp-content\/uploads\/2022\/09\/openthinclient-Management-Server-BUSINESS-50.png","datePublished":"2022-09-16T07:06:13+00:00","dateModified":"2026-03-16T07:44:30+00:00","description":"T\u00e9l\u00e9charger le serveur de gestion openthinclient gratuitement. Jusqu'\u00e0 49 TCs gratuits, \u00e0 partir de 50 TCs autorisation d'utilisation avec support et SLAs.","breadcrumb":{"@id":"https:\/\/openthinclient.com\/produkt\/openthinclient-management-server-business-50\/#breadcrumb"},"inLanguage":"fr-FR","potentialAction":[{"@type":"ReadAction","target":["https:\/\/openthinclient.com\/produkt\/openthinclient-management-server-business-50\/"]}]},{"@type":"ImageObject","inLanguage":"fr-FR","@id":"https:\/\/openthinclient.com\/produkt\/openthinclient-management-server-business-50\/#primaryimage","url":"https:\/\/openthinclient.com\/wp-content\/uploads\/2022\/09\/openthinclient-Management-Server-BUSINESS-50.png","contentUrl":"https:\/\/openthinclient.com\/wp-content\/uploads\/2022\/09\/openthinclient-Management-Server-BUSINESS-50.png","width":1000,"height":1000,"caption":"openthinclient-Management-Server BUSINESS 50"},{"@type":"BreadcrumbList","@id":"https:\/\/openthinclient.com\/produkt\/openthinclient-management-server-business-50\/#breadcrumb","itemListElement":[{"@type":"ListItem","position":1,"name":"Startseite","item":"https:\/\/openthinclient.com\/"},{"@type":"ListItem","position":2,"name":"Thin Clients Software Vergleich","item":"https:\/\/openthinclient.com\/thin-client-software-vergleich\/"},{"@type":"ListItem","position":3,"name":"\u00bbBUSINESS 50\u00ab"}]},{"@type":"WebSite","@id":"https:\/\/openthinclient.com\/#website","url":"https:\/\/openthinclient.com\/","name":"openthinclient","description":"Logiciel de gestion des clients l\u00e9gers","publisher":{"@id":"https:\/\/openthinclient.com\/#organization"},"potentialAction":[{"@type":"SearchAction","target":{"@type":"EntryPoint","urlTemplate":"https:\/\/openthinclient.com\/?s={search_term_string}"},"query-input":{"@type":"PropertyValueSpecification","valueRequired":true,"valueName":"search_term_string"}}],"inLanguage":"fr-FR"},{"@type":"Organization","@id":"https:\/\/openthinclient.com\/#organization","name":"openthinclient","url":"https:\/\/openthinclient.com\/","logo":{"@type":"ImageObject","inLanguage":"fr-FR","@id":"https:\/\/openthinclient.com\/#\/schema\/logo\/image\/","url":"https:\/\/openthinclient.com\/wp-content\/uploads\/2022\/06\/Logo_openthinclient.png","contentUrl":"https:\/\/openthinclient.com\/wp-content\/uploads\/2022\/06\/Logo_openthinclient.png","width":1523,"height":235,"caption":"openthinclient"},"image":{"@id":"https:\/\/openthinclient.com\/#\/schema\/logo\/image\/"},"sameAs":["https:\/\/www.facebook.com\/profile.php?id=100063657666030","https:\/\/www.youtube.com\/openthinclientgmbh","https:\/\/www.linkedin.com\/company\/9161909\/","https:\/\/www.instagram.com\/openthinclient\/"]}]}},"tiered_pricing_type":"fixed","tiered_pricing_fixed_rules":[],"tiered_pricing_product_settings":{"layout":"default","base_unit_name":{"singular":null,"plural":null},"default_variation":null},"tiered_pricing_minimum_quantity":null,"tiered_pricing_roles_data":[],"tiered_pricing_percentage_rules":[],"_links":{"self":[{"href":"https:\/\/openthinclient.com\/fr\/wp-json\/wp\/v2\/product\/9215","targetHints":{"allow":["GET"]}}],"collection":[{"href":"https:\/\/openthinclient.com\/fr\/wp-json\/wp\/v2\/product"}],"about":[{"href":"https:\/\/openthinclient.com\/fr\/wp-json\/wp\/v2\/types\/product"}],"wp:featuredmedia":[{"embeddable":true,"href":"https:\/\/openthinclient.com\/fr\/wp-json\/wp\/v2\/media\/9849"}],"wp:attachment":[{"href":"https:\/\/openthinclient.com\/fr\/wp-json\/wp\/v2\/media?parent=9215"}],"wp:term":[{"taxonomy":"product_brand","embeddable":true,"href":"https:\/\/openthinclient.com\/fr\/wp-json\/wp\/v2\/product_brand?post=9215"},{"taxonomy":"product_cat","embeddable":true,"href":"https:\/\/openthinclient.com\/fr\/wp-json\/wp\/v2\/product_cat?post=9215"},{"taxonomy":"product_tag","embeddable":true,"href":"https:\/\/openthinclient.com\/fr\/wp-json\/wp\/v2\/product_tag?post=9215"}],"curies":[{"name":"wp","href":"https:\/\/api.w.org\/{rel}","templated":true}]}}