{"id":34468,"date":"2025-02-13T07:38:18","date_gmt":"2025-02-13T07:38:18","guid":{"rendered":"https:\/\/openthinclient.com\/?post_type=product&#038;p=34468"},"modified":"2026-04-30T18:15:33","modified_gmt":"2026-04-30T18:15:33","slug":"mobile-thinclient-tab-go-13","status":"publish","type":"product","link":"https:\/\/openthinclient.com\/fr\/produkt\/mobile-thinclient-tab-go-13\/","title":{"rendered":"Mobile ThinClient TAB.GO.13"},"content":{"rendered":"<p>Le site <strong>TAB.<span style=\"color: #0070b4;\">GO.13<\/span><\/strong> convainc par son processeur Intel\u00ae N qui offre une fr\u00e9quence d'horloge allant jusqu'\u00e0 <strong>3,40 GHz<\/strong> et offre des performances fiables pour des applications polyvalentes. Soutenu par <strong>12 GO DE M\u00c9MOIRE VIVE<\/strong> il assure une utilisation sans probl\u00e8me. Avec un <strong>\u00c9cran 3K de 12,96 pouces<\/strong> et une r\u00e9solution ultra-nette de 2880 x 1920 pixels, la tablette fournit des couleurs brillantes et des images d\u00e9taill\u00e9es. Le\u00a0 <strong>stylo fourni<\/strong> permet des saisies pr\u00e9cises.<\/p>\n<p>Pour <strong>Documentations<\/strong> la tablette est \u00e9quip\u00e9e d'une <strong>Cam\u00e9ra frontale 5 MP<\/strong> et d'une <strong>Cam\u00e9ra arri\u00e8re 8 MP<\/strong> est \u00e9quip\u00e9e d'une batterie. La batterie puissante assure une longue dur\u00e9e de fonctionnement et rend le <strong>TAB.<span style=\"color: #0070b4;\">GO.13<\/span><\/strong> le compagnon id\u00e9al pour le travail quotidien.<\/p>\n<p>En utilisant le disque SSD int\u00e9gr\u00e9, le mod\u00e8le peut <strong>TAB.<span style=\"color: #0070b4;\">GO.13<\/span><\/strong> - apr\u00e8s la configuration correspondante dans le logiciel de gestion*.<\/p>","protected":false},"excerpt":{"rendered":"<p>Processeur Intel\u00ae N jusqu'\u00e0 3,40 GHz<br \/>\nBatterie de 4800 mAh<br \/>\n12 GO DE RAM DDR5<\/p>","protected":false},"featured_media":34474,"template":"","meta":{"site-sidebar-layout":"default","site-content-layout":"default","ast-site-content-layout":"default","site-content-style":"default","site-sidebar-style":"default","ast-global-header-display":"","ast-banner-title-visibility":"","ast-main-header-display":"","ast-hfb-above-header-display":"","ast-hfb-below-header-display":"","ast-hfb-mobile-header-display":"","site-post-title":"","ast-breadcrumbs-content":"","ast-featured-img":"","footer-sml-layout":"","ast-disable-related-posts":"","theme-transparent-header-meta":"default","adv-header-id-meta":"","stick-header-meta":"","header-above-stick-meta":"","header-main-stick-meta":"","header-below-stick-meta":"","astra-migrate-meta-layouts":"set","ast-page-background-enabled":"default","ast-page-background-meta":{"desktop":{"background-color":"var(--ast-global-color-4)","background-image":"","background-repeat":"repeat","background-position":"center center","background-size":"auto","background-attachment":"scroll","background-type":"","background-media":"","overlay-type":"","overlay-color":"","overlay-opacity":"","overlay-gradient":""},"tablet":{"background-color":"","background-image":"","background-repeat":"repeat","background-position":"center center","background-size":"auto","background-attachment":"scroll","background-type":"","background-media":"","overlay-type":"","overlay-color":"","overlay-opacity":"","overlay-gradient":""},"mobile":{"background-color":"","background-image":"","background-repeat":"repeat","background-position":"center center","background-size":"auto","background-attachment":"scroll","background-type":"","background-media":"","overlay-type":"","overlay-color":"","overlay-opacity":"","overlay-gradient":""}},"ast-content-background-meta":{"desktop":{"background-color":"var(--ast-global-color-5)","background-image":"","background-repeat":"repeat","background-position":"center center","background-size":"auto","background-attachment":"scroll","background-type":"","background-media":"","overlay-type":"","overlay-color":"","overlay-opacity":"","overlay-gradient":""},"tablet":{"background-color":"var(--ast-global-color-5)","background-image":"","background-repeat":"repeat","background-position":"center center","background-size":"auto","background-attachment":"scroll","background-type":"","background-media":"","overlay-type":"","overlay-color":"","overlay-opacity":"","overlay-gradient":""},"mobile":{"background-color":"var(--ast-global-color-5)","background-image":"","background-repeat":"repeat","background-position":"center center","background-size":"auto","background-attachment":"scroll","background-type":"","background-media":"","overlay-type":"","overlay-color":"","overlay-opacity":"","overlay-gradient":""}}},"product_brand":[],"product_cat":[833],"product_tag":[],"class_list":{"0":"post-34468","1":"product","2":"type-product","3":"status-publish","4":"has-post-thumbnail","6":"product_cat-hardware-de","7":"desktop-align-left","8":"tablet-align-left","9":"mobile-align-left","11":"first","12":"instock","13":"taxable","14":"shipping-taxable","15":"purchasable","16":"product-type-variable"},"yoast_head":"<!-- This site is optimized with the Yoast SEO plugin v27.5 - https:\/\/yoast.com\/product\/yoast-seo-wordpress\/ -->\n<title>Mobile ThinClient TAB.GO.13 - openthinclient<\/title>\n<meta name=\"robots\" content=\"noindex, follow, max-snippet:-1, max-image-preview:large, max-video-preview:-1\" \/>\n<meta property=\"og:locale\" content=\"fr_FR\" \/>\n<meta property=\"og:type\" content=\"article\" \/>\n<meta property=\"og:title\" content=\"Mobile ThinClient TAB.GO.13 - openthinclient\" \/>\n<meta property=\"og:description\" content=\"Intel\u00ae Prozessor N bis 3.40 GHz 4800 mAh Akku 12 GB RAM DDR5\" \/>\n<meta property=\"og:url\" content=\"https:\/\/openthinclient.com\/fr\/produit\/mobile-thinclient-tab-go-13\/\" \/>\n<meta property=\"og:site_name\" content=\"openthinclient\" \/>\n<meta property=\"article:publisher\" content=\"https:\/\/www.facebook.com\/profile.php?id=100063657666030\" \/>\n<meta property=\"article:modified_time\" content=\"2026-04-30T18:15:33+00:00\" \/>\n<meta property=\"og:image\" content=\"https:\/\/openthinclient.com\/wp-content\/uploads\/2025\/02\/Shop.jpg\" \/>\n\t<meta property=\"og:image:width\" content=\"1344\" \/>\n\t<meta property=\"og:image:height\" content=\"1344\" \/>\n\t<meta property=\"og:image:type\" content=\"image\/jpeg\" \/>\n<meta name=\"twitter:card\" content=\"summary_large_image\" \/>\n<meta name=\"twitter:label1\" content=\"Dur\u00e9e de lecture estim\u00e9e\" \/>\n\t<meta name=\"twitter:data1\" content=\"1 minute\" \/>\n<script type=\"application\/ld+json\" class=\"yoast-schema-graph\">{\"@context\":\"https:\\\/\\\/schema.org\",\"@graph\":[{\"@type\":\"WebPage\",\"@id\":\"https:\\\/\\\/openthinclient.com\\\/produkt\\\/mobile-thinclient-tab-go-13\\\/\",\"url\":\"https:\\\/\\\/openthinclient.com\\\/produkt\\\/mobile-thinclient-tab-go-13\\\/\",\"name\":\"Mobile ThinClient TAB.GO.13 - openthinclient\",\"isPartOf\":{\"@id\":\"https:\\\/\\\/openthinclient.com\\\/#website\"},\"primaryImageOfPage\":{\"@id\":\"https:\\\/\\\/openthinclient.com\\\/produkt\\\/mobile-thinclient-tab-go-13\\\/#primaryimage\"},\"image\":{\"@id\":\"https:\\\/\\\/openthinclient.com\\\/produkt\\\/mobile-thinclient-tab-go-13\\\/#primaryimage\"},\"thumbnailUrl\":\"https:\\\/\\\/openthinclient.com\\\/wp-content\\\/uploads\\\/2025\\\/02\\\/Shop.jpg\",\"datePublished\":\"2025-02-13T07:38:18+00:00\",\"dateModified\":\"2026-04-30T18:15:33+00:00\",\"breadcrumb\":{\"@id\":\"https:\\\/\\\/openthinclient.com\\\/produkt\\\/mobile-thinclient-tab-go-13\\\/#breadcrumb\"},\"inLanguage\":\"fr-FR\",\"potentialAction\":[{\"@type\":\"ReadAction\",\"target\":[\"https:\\\/\\\/openthinclient.com\\\/produkt\\\/mobile-thinclient-tab-go-13\\\/\"]}]},{\"@type\":\"ImageObject\",\"inLanguage\":\"fr-FR\",\"@id\":\"https:\\\/\\\/openthinclient.com\\\/produkt\\\/mobile-thinclient-tab-go-13\\\/#primaryimage\",\"url\":\"https:\\\/\\\/openthinclient.com\\\/wp-content\\\/uploads\\\/2025\\\/02\\\/Shop.jpg\",\"contentUrl\":\"https:\\\/\\\/openthinclient.com\\\/wp-content\\\/uploads\\\/2025\\\/02\\\/Shop.jpg\",\"width\":1344,\"height\":1344,\"caption\":\"TAB.GO.13 Shop\"},{\"@type\":\"BreadcrumbList\",\"@id\":\"https:\\\/\\\/openthinclient.com\\\/produkt\\\/mobile-thinclient-tab-go-13\\\/#breadcrumb\",\"itemListElement\":[{\"@type\":\"ListItem\",\"position\":1,\"name\":\"Startseite\",\"item\":\"https:\\\/\\\/openthinclient.com\\\/\"},{\"@type\":\"ListItem\",\"position\":2,\"name\":\"Thin Clients Software Vergleich\",\"item\":\"https:\\\/\\\/openthinclient.com\\\/thin-client-software-vergleich\\\/\"},{\"@type\":\"ListItem\",\"position\":3,\"name\":\"Mobile ThinClient TAB.GO.13\"}]},{\"@type\":\"WebSite\",\"@id\":\"https:\\\/\\\/openthinclient.com\\\/#website\",\"url\":\"https:\\\/\\\/openthinclient.com\\\/\",\"name\":\"openthinclient\",\"description\":\"Thin Client Management Software\",\"publisher\":{\"@id\":\"https:\\\/\\\/openthinclient.com\\\/#organization\"},\"potentialAction\":[{\"@type\":\"SearchAction\",\"target\":{\"@type\":\"EntryPoint\",\"urlTemplate\":\"https:\\\/\\\/openthinclient.com\\\/?s={search_term_string}\"},\"query-input\":{\"@type\":\"PropertyValueSpecification\",\"valueRequired\":true,\"valueName\":\"search_term_string\"}}],\"inLanguage\":\"fr-FR\"},{\"@type\":\"Organization\",\"@id\":\"https:\\\/\\\/openthinclient.com\\\/#organization\",\"name\":\"openthinclient\",\"url\":\"https:\\\/\\\/openthinclient.com\\\/\",\"logo\":{\"@type\":\"ImageObject\",\"inLanguage\":\"fr-FR\",\"@id\":\"https:\\\/\\\/openthinclient.com\\\/#\\\/schema\\\/logo\\\/image\\\/\",\"url\":\"https:\\\/\\\/openthinclient.com\\\/wp-content\\\/uploads\\\/2022\\\/06\\\/Logo_openthinclient.png\",\"contentUrl\":\"https:\\\/\\\/openthinclient.com\\\/wp-content\\\/uploads\\\/2022\\\/06\\\/Logo_openthinclient.png\",\"width\":1523,\"height\":235,\"caption\":\"openthinclient\"},\"image\":{\"@id\":\"https:\\\/\\\/openthinclient.com\\\/#\\\/schema\\\/logo\\\/image\\\/\"},\"sameAs\":[\"https:\\\/\\\/www.facebook.com\\\/profile.php?id=100063657666030\",\"https:\\\/\\\/www.youtube.com\\\/openthinclientgmbh\",\"https:\\\/\\\/www.linkedin.com\\\/company\\\/9161909\\\/\",\"https:\\\/\\\/www.instagram.com\\\/openthinclient\\\/\"]}]}<\/script>\n<!-- \/ Yoast SEO plugin. -->","yoast_head_json":{"title":"Mobile ThinClient TAB.GO.13 - openthinclient","robots":{"index":"noindex","follow":"follow","max-snippet":"max-snippet:-1","max-image-preview":"max-image-preview:large","max-video-preview":"max-video-preview:-1"},"og_locale":"fr_FR","og_type":"article","og_title":"Mobile ThinClient TAB.GO.13 - openthinclient","og_description":"Intel\u00ae Prozessor N bis 3.40 GHz 4800 mAh Akku 12 GB RAM DDR5","og_url":"https:\/\/openthinclient.com\/fr\/produit\/mobile-thinclient-tab-go-13\/","og_site_name":"openthinclient","article_publisher":"https:\/\/www.facebook.com\/profile.php?id=100063657666030","article_modified_time":"2026-04-30T18:15:33+00:00","og_image":[{"width":1344,"height":1344,"url":"https:\/\/openthinclient.com\/wp-content\/uploads\/2025\/02\/Shop.jpg","type":"image\/jpeg"}],"twitter_card":"summary_large_image","twitter_misc":{"Dur\u00e9e de lecture estim\u00e9e":"1 minute"},"schema":{"@context":"https:\/\/schema.org","@graph":[{"@type":"WebPage","@id":"https:\/\/openthinclient.com\/produkt\/mobile-thinclient-tab-go-13\/","url":"https:\/\/openthinclient.com\/produkt\/mobile-thinclient-tab-go-13\/","name":"Mobile ThinClient TAB.GO.13 - openthinclient","isPartOf":{"@id":"https:\/\/openthinclient.com\/#website"},"primaryImageOfPage":{"@id":"https:\/\/openthinclient.com\/produkt\/mobile-thinclient-tab-go-13\/#primaryimage"},"image":{"@id":"https:\/\/openthinclient.com\/produkt\/mobile-thinclient-tab-go-13\/#primaryimage"},"thumbnailUrl":"https:\/\/openthinclient.com\/wp-content\/uploads\/2025\/02\/Shop.jpg","datePublished":"2025-02-13T07:38:18+00:00","dateModified":"2026-04-30T18:15:33+00:00","breadcrumb":{"@id":"https:\/\/openthinclient.com\/produkt\/mobile-thinclient-tab-go-13\/#breadcrumb"},"inLanguage":"fr-FR","potentialAction":[{"@type":"ReadAction","target":["https:\/\/openthinclient.com\/produkt\/mobile-thinclient-tab-go-13\/"]}]},{"@type":"ImageObject","inLanguage":"fr-FR","@id":"https:\/\/openthinclient.com\/produkt\/mobile-thinclient-tab-go-13\/#primaryimage","url":"https:\/\/openthinclient.com\/wp-content\/uploads\/2025\/02\/Shop.jpg","contentUrl":"https:\/\/openthinclient.com\/wp-content\/uploads\/2025\/02\/Shop.jpg","width":1344,"height":1344,"caption":"TAB.GO.13 Shop"},{"@type":"BreadcrumbList","@id":"https:\/\/openthinclient.com\/produkt\/mobile-thinclient-tab-go-13\/#breadcrumb","itemListElement":[{"@type":"ListItem","position":1,"name":"Startseite","item":"https:\/\/openthinclient.com\/"},{"@type":"ListItem","position":2,"name":"Thin Clients Software Vergleich","item":"https:\/\/openthinclient.com\/thin-client-software-vergleich\/"},{"@type":"ListItem","position":3,"name":"Mobile ThinClient TAB.GO.13"}]},{"@type":"WebSite","@id":"https:\/\/openthinclient.com\/#website","url":"https:\/\/openthinclient.com\/","name":"openthinclient","description":"Logiciel de gestion des clients l\u00e9gers","publisher":{"@id":"https:\/\/openthinclient.com\/#organization"},"potentialAction":[{"@type":"SearchAction","target":{"@type":"EntryPoint","urlTemplate":"https:\/\/openthinclient.com\/?s={search_term_string}"},"query-input":{"@type":"PropertyValueSpecification","valueRequired":true,"valueName":"search_term_string"}}],"inLanguage":"fr-FR"},{"@type":"Organization","@id":"https:\/\/openthinclient.com\/#organization","name":"openthinclient","url":"https:\/\/openthinclient.com\/","logo":{"@type":"ImageObject","inLanguage":"fr-FR","@id":"https:\/\/openthinclient.com\/#\/schema\/logo\/image\/","url":"https:\/\/openthinclient.com\/wp-content\/uploads\/2022\/06\/Logo_openthinclient.png","contentUrl":"https:\/\/openthinclient.com\/wp-content\/uploads\/2022\/06\/Logo_openthinclient.png","width":1523,"height":235,"caption":"openthinclient"},"image":{"@id":"https:\/\/openthinclient.com\/#\/schema\/logo\/image\/"},"sameAs":["https:\/\/www.facebook.com\/profile.php?id=100063657666030","https:\/\/www.youtube.com\/openthinclientgmbh","https:\/\/www.linkedin.com\/company\/9161909\/","https:\/\/www.instagram.com\/openthinclient\/"]}]}},"tiered_pricing_type":"fixed","tiered_pricing_fixed_rules":[],"tiered_pricing_product_settings":{"layout":"default","base_unit_name":{"singular":null,"plural":null},"default_variation":null},"tiered_pricing_minimum_quantity":null,"tiered_pricing_roles_data":[],"tiered_pricing_percentage_rules":[],"_links":{"self":[{"href":"https:\/\/openthinclient.com\/fr\/wp-json\/wp\/v2\/product\/34468","targetHints":{"allow":["GET"]}}],"collection":[{"href":"https:\/\/openthinclient.com\/fr\/wp-json\/wp\/v2\/product"}],"about":[{"href":"https:\/\/openthinclient.com\/fr\/wp-json\/wp\/v2\/types\/product"}],"wp:featuredmedia":[{"embeddable":true,"href":"https:\/\/openthinclient.com\/fr\/wp-json\/wp\/v2\/media\/34474"}],"wp:attachment":[{"href":"https:\/\/openthinclient.com\/fr\/wp-json\/wp\/v2\/media?parent=34468"}],"wp:term":[{"taxonomy":"product_brand","embeddable":true,"href":"https:\/\/openthinclient.com\/fr\/wp-json\/wp\/v2\/product_brand?post=34468"},{"taxonomy":"product_cat","embeddable":true,"href":"https:\/\/openthinclient.com\/fr\/wp-json\/wp\/v2\/product_cat?post=34468"},{"taxonomy":"product_tag","embeddable":true,"href":"https:\/\/openthinclient.com\/fr\/wp-json\/wp\/v2\/product_tag?post=34468"}],"curies":[{"name":"wp","href":"https:\/\/api.w.org\/{rel}","templated":true}]}}