{"id":32169,"date":"2023-05-31T11:40:39","date_gmt":"2023-05-31T11:40:39","guid":{"rendered":"https:\/\/openthinclient.com\/?post_type=product&#038;p=32169"},"modified":"2025-12-11T07:38:14","modified_gmt":"2025-12-11T07:38:14","slug":"pied-de-panneau-tout-en-un-thinclient-zolid","status":"publish","type":"product","link":"https:\/\/openthinclient.com\/fr\/produkt\/all-in-one-thinclient-zolid-panel-standfuss\/","title":{"rendered":"Pied pour All-in-One ThinClient ZOLID.PANEL"},"content":{"rendered":"<p>Le pied est le compl\u00e9ment id\u00e9al de votre ThinClient tout-en-un ZOLID.PANEL. Ce pied robuste et \u00e9l\u00e9gant est sp\u00e9cialement con\u00e7u pour assurer la stabilit\u00e9 de votre appareil et offrir un angle de vision s\u00fbr et confortable.<\/p>\n<p>Il offre une solution durable et fiable pour positionner votre ThinClient en toute s\u00e9curit\u00e9. Son design fin et moderne s'adapte parfaitement \u00e0 tout environnement de bureau et s'int\u00e8gre parfaitement \u00e0 votre poste de travail.<\/p>\n<p>Le pied dispose de patins antid\u00e9rapants sur le dessous pour garantir une bonne stabilit\u00e9 sur votre bureau tout en prot\u00e9geant vos surfaces contre les rayures. La facilit\u00e9 de montage fait de ce pied le choix parfait pour votre PANNEAU ZOLID.<\/p>\n<p>En bref, le pied ZOLID.PANEL n'est pas seulement une solution pratique, mais aussi une solution esth\u00e9tique qui contribue \u00e0 rendre votre espace de travail organis\u00e9 et ergonomique.<\/p>","protected":false},"excerpt":{"rendered":"<p>Der Standfu\u00df ist die ideale Erg\u00e4nzung f\u00fcr Ihren All-in-One ThinClient ZOLID.PANEL. Dieser robuste und stilvolle Standfu\u00df ist speziell daf\u00fcr konzipiert, die Stabilit\u00e4t Ihres Ger\u00e4ts zu gew\u00e4hrleisten und einen sicheren und bequemen Betrachtungswinkel zu bieten. Er bietet eine langlebige und zuverl\u00e4ssige L\u00f6sung f\u00fcr die sichere Positionierung Ihres ThinClients. Sein schlankes und modernes Design passt perfekt zu [&hellip;]<\/p>\n","protected":false},"featured_media":32289,"template":"","meta":{"site-sidebar-layout":"default","site-content-layout":"default","ast-site-content-layout":"default","site-content-style":"default","site-sidebar-style":"default","ast-global-header-display":"","ast-banner-title-visibility":"","ast-main-header-display":"","ast-hfb-above-header-display":"","ast-hfb-below-header-display":"","ast-hfb-mobile-header-display":"","site-post-title":"","ast-breadcrumbs-content":"","ast-featured-img":"","footer-sml-layout":"","ast-disable-related-posts":"","theme-transparent-header-meta":"default","adv-header-id-meta":"","stick-header-meta":"","header-above-stick-meta":"","header-main-stick-meta":"","header-below-stick-meta":"","astra-migrate-meta-layouts":"set","ast-page-background-enabled":"default","ast-page-background-meta":{"desktop":{"background-color":"var(--ast-global-color-4)","background-image":"","background-repeat":"repeat","background-position":"center center","background-size":"auto","background-attachment":"scroll","background-type":"","background-media":"","overlay-type":"","overlay-color":"","overlay-opacity":"","overlay-gradient":""},"tablet":{"background-color":"","background-image":"","background-repeat":"repeat","background-position":"center center","background-size":"auto","background-attachment":"scroll","background-type":"","background-media":"","overlay-type":"","overlay-color":"","overlay-opacity":"","overlay-gradient":""},"mobile":{"background-color":"","background-image":"","background-repeat":"repeat","background-position":"center center","background-size":"auto","background-attachment":"scroll","background-type":"","background-media":"","overlay-type":"","overlay-color":"","overlay-opacity":"","overlay-gradient":""}},"ast-content-background-meta":{"desktop":{"background-color":"var(--ast-global-color-5)","background-image":"","background-repeat":"repeat","background-position":"center center","background-size":"auto","background-attachment":"scroll","background-type":"","background-media":"","overlay-type":"","overlay-color":"","overlay-opacity":"","overlay-gradient":""},"tablet":{"background-color":"var(--ast-global-color-5)","background-image":"","background-repeat":"repeat","background-position":"center center","background-size":"auto","background-attachment":"scroll","background-type":"","background-media":"","overlay-type":"","overlay-color":"","overlay-opacity":"","overlay-gradient":""},"mobile":{"background-color":"var(--ast-global-color-5)","background-image":"","background-repeat":"repeat","background-position":"center center","background-size":"auto","background-attachment":"scroll","background-type":"","background-media":"","overlay-type":"","overlay-color":"","overlay-opacity":"","overlay-gradient":""}}},"product_brand":[],"product_cat":[845],"product_tag":[],"class_list":{"0":"post-32169","1":"product","2":"type-product","3":"status-publish","4":"has-post-thumbnail","6":"product_cat-zubehoer-de","7":"desktop-align-left","8":"tablet-align-left","9":"mobile-align-left","11":"first","12":"outofstock","13":"taxable","14":"shipping-taxable","15":"purchasable","16":"product-type-simple"},"yoast_head":"<!-- This site is optimized with the Yoast SEO plugin v27.4 - https:\/\/yoast.com\/product\/yoast-seo-wordpress\/ -->\n<title>Standfu\u00df f\u00fcr All-\u200bin-One ThinClient ZOLID.PANEL - openthinclient<\/title>\n<meta name=\"robots\" content=\"index, follow, max-snippet:-1, max-image-preview:large, max-video-preview:-1\" \/>\n<link rel=\"canonical\" href=\"https:\/\/openthinclient.com\/fr\/produit\/pied-de-panneau-tout-en-un-thinclient-zolid\/\" \/>\n<meta property=\"og:locale\" content=\"fr_FR\" \/>\n<meta property=\"og:type\" content=\"article\" \/>\n<meta property=\"og:title\" content=\"Standfu\u00df f\u00fcr All-\u200bin-One ThinClient ZOLID.PANEL - openthinclient\" \/>\n<meta property=\"og:description\" content=\"Der Standfu\u00df ist die ideale Erg\u00e4nzung f\u00fcr Ihren All-in-One ThinClient ZOLID.PANEL. Dieser robuste und stilvolle Standfu\u00df ist speziell daf\u00fcr konzipiert, die Stabilit\u00e4t Ihres Ger\u00e4ts zu gew\u00e4hrleisten und einen sicheren und bequemen Betrachtungswinkel zu bieten. Er bietet eine langlebige und zuverl\u00e4ssige L\u00f6sung f\u00fcr die sichere Positionierung Ihres ThinClients. Sein schlankes und modernes Design passt perfekt zu [&hellip;]\" \/>\n<meta property=\"og:url\" content=\"https:\/\/openthinclient.com\/fr\/produit\/pied-de-panneau-tout-en-un-thinclient-zolid\/\" \/>\n<meta property=\"og:site_name\" content=\"openthinclient\" \/>\n<meta property=\"article:publisher\" content=\"https:\/\/www.facebook.com\/profile.php?id=100063657666030\" \/>\n<meta property=\"article:modified_time\" content=\"2025-12-11T07:38:14+00:00\" \/>\n<meta property=\"og:image\" content=\"https:\/\/openthinclient.com\/wp-content\/uploads\/2023\/05\/ZOLID.PANEL_Standfuss-Rueckseite-scaled-1.jpg\" \/>\n\t<meta property=\"og:image:width\" content=\"770\" \/>\n\t<meta property=\"og:image:height\" content=\"770\" \/>\n\t<meta property=\"og:image:type\" content=\"image\/jpeg\" \/>\n<meta name=\"twitter:card\" content=\"summary_large_image\" \/>\n<meta name=\"twitter:label1\" content=\"Dur\u00e9e de lecture estim\u00e9e\" \/>\n\t<meta name=\"twitter:data1\" content=\"1 minute\" \/>\n<script type=\"application\/ld+json\" class=\"yoast-schema-graph\">{\"@context\":\"https:\\\/\\\/schema.org\",\"@graph\":[{\"@type\":\"WebPage\",\"@id\":\"https:\\\/\\\/openthinclient.com\\\/produkt\\\/all-in-one-thinclient-zolid-panel-standfuss\\\/\",\"url\":\"https:\\\/\\\/openthinclient.com\\\/produkt\\\/all-in-one-thinclient-zolid-panel-standfuss\\\/\",\"name\":\"Standfu\u00df f\u00fcr All-\u200bin-One ThinClient ZOLID.PANEL - openthinclient\",\"isPartOf\":{\"@id\":\"https:\\\/\\\/openthinclient.com\\\/#website\"},\"primaryImageOfPage\":{\"@id\":\"https:\\\/\\\/openthinclient.com\\\/produkt\\\/all-in-one-thinclient-zolid-panel-standfuss\\\/#primaryimage\"},\"image\":{\"@id\":\"https:\\\/\\\/openthinclient.com\\\/produkt\\\/all-in-one-thinclient-zolid-panel-standfuss\\\/#primaryimage\"},\"thumbnailUrl\":\"https:\\\/\\\/openthinclient.com\\\/wp-content\\\/uploads\\\/2023\\\/05\\\/ZOLID.PANEL_Standfuss-Rueckseite-scaled-1.jpg\",\"datePublished\":\"2023-05-31T11:40:39+00:00\",\"dateModified\":\"2025-12-11T07:38:14+00:00\",\"breadcrumb\":{\"@id\":\"https:\\\/\\\/openthinclient.com\\\/produkt\\\/all-in-one-thinclient-zolid-panel-standfuss\\\/#breadcrumb\"},\"inLanguage\":\"fr-FR\",\"potentialAction\":[{\"@type\":\"ReadAction\",\"target\":[\"https:\\\/\\\/openthinclient.com\\\/produkt\\\/all-in-one-thinclient-zolid-panel-standfuss\\\/\"]}]},{\"@type\":\"ImageObject\",\"inLanguage\":\"fr-FR\",\"@id\":\"https:\\\/\\\/openthinclient.com\\\/produkt\\\/all-in-one-thinclient-zolid-panel-standfuss\\\/#primaryimage\",\"url\":\"https:\\\/\\\/openthinclient.com\\\/wp-content\\\/uploads\\\/2023\\\/05\\\/ZOLID.PANEL_Standfuss-Rueckseite-scaled-1.jpg\",\"contentUrl\":\"https:\\\/\\\/openthinclient.com\\\/wp-content\\\/uploads\\\/2023\\\/05\\\/ZOLID.PANEL_Standfuss-Rueckseite-scaled-1.jpg\",\"width\":770,\"height\":770},{\"@type\":\"BreadcrumbList\",\"@id\":\"https:\\\/\\\/openthinclient.com\\\/produkt\\\/all-in-one-thinclient-zolid-panel-standfuss\\\/#breadcrumb\",\"itemListElement\":[{\"@type\":\"ListItem\",\"position\":1,\"name\":\"Startseite\",\"item\":\"https:\\\/\\\/openthinclient.com\\\/\"},{\"@type\":\"ListItem\",\"position\":2,\"name\":\"Thin Clients Software Vergleich\",\"item\":\"https:\\\/\\\/openthinclient.com\\\/thin-client-software-vergleich\\\/\"},{\"@type\":\"ListItem\",\"position\":3,\"name\":\"Standfu\u00df f\u00fcr All-\u200bin-One ThinClient ZOLID.PANEL\"}]},{\"@type\":\"WebSite\",\"@id\":\"https:\\\/\\\/openthinclient.com\\\/#website\",\"url\":\"https:\\\/\\\/openthinclient.com\\\/\",\"name\":\"openthinclient\",\"description\":\"Thin Client Management Software\",\"publisher\":{\"@id\":\"https:\\\/\\\/openthinclient.com\\\/#organization\"},\"potentialAction\":[{\"@type\":\"SearchAction\",\"target\":{\"@type\":\"EntryPoint\",\"urlTemplate\":\"https:\\\/\\\/openthinclient.com\\\/?s={search_term_string}\"},\"query-input\":{\"@type\":\"PropertyValueSpecification\",\"valueRequired\":true,\"valueName\":\"search_term_string\"}}],\"inLanguage\":\"fr-FR\"},{\"@type\":\"Organization\",\"@id\":\"https:\\\/\\\/openthinclient.com\\\/#organization\",\"name\":\"openthinclient\",\"url\":\"https:\\\/\\\/openthinclient.com\\\/\",\"logo\":{\"@type\":\"ImageObject\",\"inLanguage\":\"fr-FR\",\"@id\":\"https:\\\/\\\/openthinclient.com\\\/#\\\/schema\\\/logo\\\/image\\\/\",\"url\":\"https:\\\/\\\/openthinclient.com\\\/wp-content\\\/uploads\\\/2022\\\/06\\\/Logo_openthinclient.png\",\"contentUrl\":\"https:\\\/\\\/openthinclient.com\\\/wp-content\\\/uploads\\\/2022\\\/06\\\/Logo_openthinclient.png\",\"width\":1523,\"height\":235,\"caption\":\"openthinclient\"},\"image\":{\"@id\":\"https:\\\/\\\/openthinclient.com\\\/#\\\/schema\\\/logo\\\/image\\\/\"},\"sameAs\":[\"https:\\\/\\\/www.facebook.com\\\/profile.php?id=100063657666030\",\"https:\\\/\\\/www.youtube.com\\\/openthinclientgmbh\",\"https:\\\/\\\/www.linkedin.com\\\/company\\\/9161909\\\/\",\"https:\\\/\\\/www.instagram.com\\\/openthinclient\\\/\"]}]}<\/script>\n<!-- \/ Yoast SEO plugin. -->","yoast_head_json":{"title":"Pied pour tout-en-un ThinClient ZOLID.PANEL - openthinclient","robots":{"index":"index","follow":"follow","max-snippet":"max-snippet:-1","max-image-preview":"max-image-preview:large","max-video-preview":"max-video-preview:-1"},"canonical":"https:\/\/openthinclient.com\/fr\/produit\/pied-de-panneau-tout-en-un-thinclient-zolid\/","og_locale":"fr_FR","og_type":"article","og_title":"Standfu\u00df f\u00fcr All-\u200bin-One ThinClient ZOLID.PANEL - openthinclient","og_description":"Der Standfu\u00df ist die ideale Erg\u00e4nzung f\u00fcr Ihren All-in-One ThinClient ZOLID.PANEL. Dieser robuste und stilvolle Standfu\u00df ist speziell daf\u00fcr konzipiert, die Stabilit\u00e4t Ihres Ger\u00e4ts zu gew\u00e4hrleisten und einen sicheren und bequemen Betrachtungswinkel zu bieten. Er bietet eine langlebige und zuverl\u00e4ssige L\u00f6sung f\u00fcr die sichere Positionierung Ihres ThinClients. Sein schlankes und modernes Design passt perfekt zu [&hellip;]","og_url":"https:\/\/openthinclient.com\/fr\/produit\/pied-de-panneau-tout-en-un-thinclient-zolid\/","og_site_name":"openthinclient","article_publisher":"https:\/\/www.facebook.com\/profile.php?id=100063657666030","article_modified_time":"2025-12-11T07:38:14+00:00","og_image":[{"width":770,"height":770,"url":"https:\/\/openthinclient.com\/wp-content\/uploads\/2023\/05\/ZOLID.PANEL_Standfuss-Rueckseite-scaled-1.jpg","type":"image\/jpeg"}],"twitter_card":"summary_large_image","twitter_misc":{"Dur\u00e9e de lecture estim\u00e9e":"1 minute"},"schema":{"@context":"https:\/\/schema.org","@graph":[{"@type":"WebPage","@id":"https:\/\/openthinclient.com\/produkt\/all-in-one-thinclient-zolid-panel-standfuss\/","url":"https:\/\/openthinclient.com\/produkt\/all-in-one-thinclient-zolid-panel-standfuss\/","name":"Pied pour tout-en-un ThinClient ZOLID.PANEL - openthinclient","isPartOf":{"@id":"https:\/\/openthinclient.com\/#website"},"primaryImageOfPage":{"@id":"https:\/\/openthinclient.com\/produkt\/all-in-one-thinclient-zolid-panel-standfuss\/#primaryimage"},"image":{"@id":"https:\/\/openthinclient.com\/produkt\/all-in-one-thinclient-zolid-panel-standfuss\/#primaryimage"},"thumbnailUrl":"https:\/\/openthinclient.com\/wp-content\/uploads\/2023\/05\/ZOLID.PANEL_Standfuss-Rueckseite-scaled-1.jpg","datePublished":"2023-05-31T11:40:39+00:00","dateModified":"2025-12-11T07:38:14+00:00","breadcrumb":{"@id":"https:\/\/openthinclient.com\/produkt\/all-in-one-thinclient-zolid-panel-standfuss\/#breadcrumb"},"inLanguage":"fr-FR","potentialAction":[{"@type":"ReadAction","target":["https:\/\/openthinclient.com\/produkt\/all-in-one-thinclient-zolid-panel-standfuss\/"]}]},{"@type":"ImageObject","inLanguage":"fr-FR","@id":"https:\/\/openthinclient.com\/produkt\/all-in-one-thinclient-zolid-panel-standfuss\/#primaryimage","url":"https:\/\/openthinclient.com\/wp-content\/uploads\/2023\/05\/ZOLID.PANEL_Standfuss-Rueckseite-scaled-1.jpg","contentUrl":"https:\/\/openthinclient.com\/wp-content\/uploads\/2023\/05\/ZOLID.PANEL_Standfuss-Rueckseite-scaled-1.jpg","width":770,"height":770},{"@type":"BreadcrumbList","@id":"https:\/\/openthinclient.com\/produkt\/all-in-one-thinclient-zolid-panel-standfuss\/#breadcrumb","itemListElement":[{"@type":"ListItem","position":1,"name":"Startseite","item":"https:\/\/openthinclient.com\/"},{"@type":"ListItem","position":2,"name":"Thin Clients Software Vergleich","item":"https:\/\/openthinclient.com\/thin-client-software-vergleich\/"},{"@type":"ListItem","position":3,"name":"Standfu\u00df f\u00fcr All-\u200bin-One ThinClient ZOLID.PANEL"}]},{"@type":"WebSite","@id":"https:\/\/openthinclient.com\/#website","url":"https:\/\/openthinclient.com\/","name":"openthinclient","description":"Logiciel de gestion des clients l\u00e9gers","publisher":{"@id":"https:\/\/openthinclient.com\/#organization"},"potentialAction":[{"@type":"SearchAction","target":{"@type":"EntryPoint","urlTemplate":"https:\/\/openthinclient.com\/?s={search_term_string}"},"query-input":{"@type":"PropertyValueSpecification","valueRequired":true,"valueName":"search_term_string"}}],"inLanguage":"fr-FR"},{"@type":"Organization","@id":"https:\/\/openthinclient.com\/#organization","name":"openthinclient","url":"https:\/\/openthinclient.com\/","logo":{"@type":"ImageObject","inLanguage":"fr-FR","@id":"https:\/\/openthinclient.com\/#\/schema\/logo\/image\/","url":"https:\/\/openthinclient.com\/wp-content\/uploads\/2022\/06\/Logo_openthinclient.png","contentUrl":"https:\/\/openthinclient.com\/wp-content\/uploads\/2022\/06\/Logo_openthinclient.png","width":1523,"height":235,"caption":"openthinclient"},"image":{"@id":"https:\/\/openthinclient.com\/#\/schema\/logo\/image\/"},"sameAs":["https:\/\/www.facebook.com\/profile.php?id=100063657666030","https:\/\/www.youtube.com\/openthinclientgmbh","https:\/\/www.linkedin.com\/company\/9161909\/","https:\/\/www.instagram.com\/openthinclient\/"]}]}},"tiered_pricing_type":"fixed","tiered_pricing_fixed_rules":[],"tiered_pricing_product_settings":{"layout":"default","base_unit_name":{"singular":null,"plural":null},"default_variation":null},"tiered_pricing_minimum_quantity":null,"tiered_pricing_roles_data":[],"tiered_pricing_percentage_rules":[],"_links":{"self":[{"href":"https:\/\/openthinclient.com\/fr\/wp-json\/wp\/v2\/product\/32169","targetHints":{"allow":["GET"]}}],"collection":[{"href":"https:\/\/openthinclient.com\/fr\/wp-json\/wp\/v2\/product"}],"about":[{"href":"https:\/\/openthinclient.com\/fr\/wp-json\/wp\/v2\/types\/product"}],"wp:featuredmedia":[{"embeddable":true,"href":"https:\/\/openthinclient.com\/fr\/wp-json\/wp\/v2\/media\/32289"}],"wp:attachment":[{"href":"https:\/\/openthinclient.com\/fr\/wp-json\/wp\/v2\/media?parent=32169"}],"wp:term":[{"taxonomy":"product_brand","embeddable":true,"href":"https:\/\/openthinclient.com\/fr\/wp-json\/wp\/v2\/product_brand?post=32169"},{"taxonomy":"product_cat","embeddable":true,"href":"https:\/\/openthinclient.com\/fr\/wp-json\/wp\/v2\/product_cat?post=32169"},{"taxonomy":"product_tag","embeddable":true,"href":"https:\/\/openthinclient.com\/fr\/wp-json\/wp\/v2\/product_tag?post=32169"}],"curies":[{"name":"wp","href":"https:\/\/api.w.org\/{rel}","templated":true}]}}