{"id":31038,"date":"2023-03-31T08:30:19","date_gmt":"2023-03-31T08:30:19","guid":{"rendered":"https:\/\/openthinclient.com\/?post_type=product&#038;p=31038"},"modified":"2025-04-30T19:05:22","modified_gmt":"2025-04-30T19:05:22","slug":"paquets-de-services-openthinclient","status":"publish","type":"product","link":"https:\/\/openthinclient.com\/fr\/produkt\/openthinclient-dienstleistungspakete\/","title":{"rendered":"Paquets de services openthinclient"},"content":{"rendered":"<div class=\"flex flex-grow flex-col gap-3\">\n<div class=\"min-h-[20px] flex flex-col items-start gap-4 whitespace-pre-wrap\">\n<div class=\"markdown prose w-full break-words dark:prose-invert light\">\n<p>Unsere individuell konzipierten Dienstleistungspakete gew\u00e4hrleisten Ihnen fachkundige Assistenz bei der Implementierung, Anpassung und Optimierung der openthinclient Software. Entscheiden Sie sich f\u00fcr eines unserer 4- oder 8-Stunden-Angebote, um Ihren Bed\u00fcrfnissen optimal gerecht zu werden und Ihre IT-Infrastruktur leistungsf\u00e4hig und sicher zu gestalten. Nicht in Anspruch genommene Stunden k\u00f6nnen als Gutschrift f\u00fcr k\u00fcnftige Dienstleistungen genutzt werden.<\/p>\n<\/div>\n<\/div>\n<\/div>\n","protected":false},"excerpt":{"rendered":"<p>Nos paquets de services con\u00e7us individuellement vous garantissent une assistance experte lors de l'impl\u00e9mentation, de l'adaptation et de l'optimisation du logiciel openthinclient. Optez pour l'une de nos offres de 4 ou 8 heures afin de r\u00e9pondre au mieux \u00e0 vos besoins et de rendre votre infrastructure informatique performante et s\u00fbre. Les heures non utilis\u00e9es peuvent \u00eatre utilis\u00e9es comme cr\u00e9dit pour de futurs services.<\/p>","protected":false},"featured_media":31044,"template":"","meta":{"site-sidebar-layout":"default","site-content-layout":"default","ast-site-content-layout":"default","site-content-style":"default","site-sidebar-style":"default","ast-global-header-display":"","ast-banner-title-visibility":"","ast-main-header-display":"","ast-hfb-above-header-display":"","ast-hfb-below-header-display":"","ast-hfb-mobile-header-display":"","site-post-title":"","ast-breadcrumbs-content":"","ast-featured-img":"","footer-sml-layout":"","ast-disable-related-posts":"","theme-transparent-header-meta":"default","adv-header-id-meta":"","stick-header-meta":"","header-above-stick-meta":"","header-main-stick-meta":"","header-below-stick-meta":"","astra-migrate-meta-layouts":"default","ast-page-background-enabled":"default","ast-page-background-meta":{"desktop":{"background-color":"var(--ast-global-color-4)","background-image":"","background-repeat":"repeat","background-position":"center center","background-size":"auto","background-attachment":"scroll","background-type":"","background-media":"","overlay-type":"","overlay-color":"","overlay-opacity":"","overlay-gradient":""},"tablet":{"background-color":"","background-image":"","background-repeat":"repeat","background-position":"center center","background-size":"auto","background-attachment":"scroll","background-type":"","background-media":"","overlay-type":"","overlay-color":"","overlay-opacity":"","overlay-gradient":""},"mobile":{"background-color":"","background-image":"","background-repeat":"repeat","background-position":"center center","background-size":"auto","background-attachment":"scroll","background-type":"","background-media":"","overlay-type":"","overlay-color":"","overlay-opacity":"","overlay-gradient":""}},"ast-content-background-meta":{"desktop":{"background-color":"var(--ast-global-color-5)","background-image":"","background-repeat":"repeat","background-position":"center center","background-size":"auto","background-attachment":"scroll","background-type":"","background-media":"","overlay-type":"","overlay-color":"","overlay-opacity":"","overlay-gradient":""},"tablet":{"background-color":"var(--ast-global-color-5)","background-image":"","background-repeat":"repeat","background-position":"center center","background-size":"auto","background-attachment":"scroll","background-type":"","background-media":"","overlay-type":"","overlay-color":"","overlay-opacity":"","overlay-gradient":""},"mobile":{"background-color":"var(--ast-global-color-5)","background-image":"","background-repeat":"repeat","background-position":"center center","background-size":"auto","background-attachment":"scroll","background-type":"","background-media":"","overlay-type":"","overlay-color":"","overlay-opacity":"","overlay-gradient":""}}},"product_brand":[],"product_cat":[505],"product_tag":[],"class_list":{"0":"post-31038","1":"product","2":"type-product","3":"status-publish","4":"has-post-thumbnail","6":"product_cat-unkategorisiert","7":"desktop-align-left","8":"tablet-align-left","9":"mobile-align-left","11":"first","12":"instock","13":"sold-individually","14":"taxable","15":"shipping-taxable","16":"purchasable","17":"product-type-variable"},"yoast_head":"<!-- This site is optimized with the Yoast SEO plugin v27.3 - https:\/\/yoast.com\/product\/yoast-seo-wordpress\/ -->\n<title>openthinclient-Dienstleistungspakete - openthinclient<\/title>\n<meta name=\"robots\" content=\"index, follow, max-snippet:-1, max-image-preview:large, max-video-preview:-1\" \/>\n<link rel=\"canonical\" href=\"https:\/\/openthinclient.com\/fr\/produit\/paquets-de-services-openthinclient\/\" \/>\n<meta property=\"og:locale\" content=\"fr_FR\" \/>\n<meta property=\"og:type\" content=\"article\" \/>\n<meta property=\"og:title\" content=\"openthinclient-Dienstleistungspakete - openthinclient\" \/>\n<meta property=\"og:description\" content=\"Unsere individuell konzipierten Dienstleistungspakete gew\u00e4hrleisten Ihnen fachkundige Assistenz bei der Implementierung, Anpassung und Optimierung der openthinclient Software. Entscheiden Sie sich f\u00fcr eines unserer 4- oder 8-Stunden-Angebote, um Ihren Bed\u00fcrfnissen optimal gerecht zu werden und Ihre IT-Infrastruktur leistungsf\u00e4hig und sicher zu gestalten. Nicht in Anspruch genommene Stunden k\u00f6nnen als Gutschrift f\u00fcr k\u00fcnftige Dienstleistungen genutzt werden.\" \/>\n<meta property=\"og:url\" content=\"https:\/\/openthinclient.com\/fr\/produit\/paquets-de-services-openthinclient\/\" \/>\n<meta property=\"og:site_name\" content=\"openthinclient\" \/>\n<meta property=\"article:publisher\" content=\"https:\/\/www.facebook.com\/profile.php?id=100063657666030\" \/>\n<meta property=\"article:modified_time\" content=\"2025-04-30T19:05:22+00:00\" \/>\n<meta property=\"og:image\" content=\"https:\/\/openthinclient.com\/wp-content\/uploads\/2023\/03\/Dienstleistungspakete-1.png\" \/>\n\t<meta property=\"og:image:width\" content=\"808\" \/>\n\t<meta property=\"og:image:height\" content=\"788\" \/>\n\t<meta property=\"og:image:type\" content=\"image\/png\" \/>\n<meta name=\"twitter:card\" content=\"summary_large_image\" \/>\n<meta name=\"twitter:label1\" content=\"Dur\u00e9e de lecture estim\u00e9e\" \/>\n\t<meta name=\"twitter:data1\" content=\"1 minute\" \/>\n<script type=\"application\/ld+json\" class=\"yoast-schema-graph\">{\"@context\":\"https:\\\/\\\/schema.org\",\"@graph\":[{\"@type\":\"WebPage\",\"@id\":\"https:\\\/\\\/openthinclient.com\\\/produkt\\\/openthinclient-dienstleistungspakete\\\/\",\"url\":\"https:\\\/\\\/openthinclient.com\\\/produkt\\\/openthinclient-dienstleistungspakete\\\/\",\"name\":\"openthinclient-Dienstleistungspakete - openthinclient\",\"isPartOf\":{\"@id\":\"https:\\\/\\\/openthinclient.com\\\/#website\"},\"primaryImageOfPage\":{\"@id\":\"https:\\\/\\\/openthinclient.com\\\/produkt\\\/openthinclient-dienstleistungspakete\\\/#primaryimage\"},\"image\":{\"@id\":\"https:\\\/\\\/openthinclient.com\\\/produkt\\\/openthinclient-dienstleistungspakete\\\/#primaryimage\"},\"thumbnailUrl\":\"https:\\\/\\\/openthinclient.com\\\/wp-content\\\/uploads\\\/2023\\\/03\\\/Dienstleistungspakete-1.png\",\"datePublished\":\"2023-03-31T08:30:19+00:00\",\"dateModified\":\"2025-04-30T19:05:22+00:00\",\"breadcrumb\":{\"@id\":\"https:\\\/\\\/openthinclient.com\\\/produkt\\\/openthinclient-dienstleistungspakete\\\/#breadcrumb\"},\"inLanguage\":\"fr-FR\",\"potentialAction\":[{\"@type\":\"ReadAction\",\"target\":[\"https:\\\/\\\/openthinclient.com\\\/produkt\\\/openthinclient-dienstleistungspakete\\\/\"]}]},{\"@type\":\"ImageObject\",\"inLanguage\":\"fr-FR\",\"@id\":\"https:\\\/\\\/openthinclient.com\\\/produkt\\\/openthinclient-dienstleistungspakete\\\/#primaryimage\",\"url\":\"https:\\\/\\\/openthinclient.com\\\/wp-content\\\/uploads\\\/2023\\\/03\\\/Dienstleistungspakete-1.png\",\"contentUrl\":\"https:\\\/\\\/openthinclient.com\\\/wp-content\\\/uploads\\\/2023\\\/03\\\/Dienstleistungspakete-1.png\",\"width\":808,\"height\":788,\"caption\":\"Dienstleistungspaket\"},{\"@type\":\"BreadcrumbList\",\"@id\":\"https:\\\/\\\/openthinclient.com\\\/produkt\\\/openthinclient-dienstleistungspakete\\\/#breadcrumb\",\"itemListElement\":[{\"@type\":\"ListItem\",\"position\":1,\"name\":\"Startseite\",\"item\":\"https:\\\/\\\/openthinclient.com\\\/\"},{\"@type\":\"ListItem\",\"position\":2,\"name\":\"Thin Clients Software Vergleich\",\"item\":\"https:\\\/\\\/openthinclient.com\\\/thin-client-software-vergleich\\\/\"},{\"@type\":\"ListItem\",\"position\":3,\"name\":\"openthinclient-Dienstleistungspakete\"}]},{\"@type\":\"WebSite\",\"@id\":\"https:\\\/\\\/openthinclient.com\\\/#website\",\"url\":\"https:\\\/\\\/openthinclient.com\\\/\",\"name\":\"openthinclient\",\"description\":\"Thin Client Management Software\",\"publisher\":{\"@id\":\"https:\\\/\\\/openthinclient.com\\\/#organization\"},\"potentialAction\":[{\"@type\":\"SearchAction\",\"target\":{\"@type\":\"EntryPoint\",\"urlTemplate\":\"https:\\\/\\\/openthinclient.com\\\/?s={search_term_string}\"},\"query-input\":{\"@type\":\"PropertyValueSpecification\",\"valueRequired\":true,\"valueName\":\"search_term_string\"}}],\"inLanguage\":\"fr-FR\"},{\"@type\":\"Organization\",\"@id\":\"https:\\\/\\\/openthinclient.com\\\/#organization\",\"name\":\"openthinclient\",\"url\":\"https:\\\/\\\/openthinclient.com\\\/\",\"logo\":{\"@type\":\"ImageObject\",\"inLanguage\":\"fr-FR\",\"@id\":\"https:\\\/\\\/openthinclient.com\\\/#\\\/schema\\\/logo\\\/image\\\/\",\"url\":\"https:\\\/\\\/openthinclient.com\\\/wp-content\\\/uploads\\\/2022\\\/06\\\/Logo_openthinclient.png\",\"contentUrl\":\"https:\\\/\\\/openthinclient.com\\\/wp-content\\\/uploads\\\/2022\\\/06\\\/Logo_openthinclient.png\",\"width\":1523,\"height\":235,\"caption\":\"openthinclient\"},\"image\":{\"@id\":\"https:\\\/\\\/openthinclient.com\\\/#\\\/schema\\\/logo\\\/image\\\/\"},\"sameAs\":[\"https:\\\/\\\/www.facebook.com\\\/profile.php?id=100063657666030\",\"https:\\\/\\\/www.youtube.com\\\/openthinclientgmbh\",\"https:\\\/\\\/www.linkedin.com\\\/company\\\/9161909\\\/\",\"https:\\\/\\\/www.instagram.com\\\/openthinclient\\\/\"]}]}<\/script>\n<!-- \/ Yoast SEO plugin. -->","yoast_head_json":{"title":"Paquets de services openthinclient - openthinclient","robots":{"index":"index","follow":"follow","max-snippet":"max-snippet:-1","max-image-preview":"max-image-preview:large","max-video-preview":"max-video-preview:-1"},"canonical":"https:\/\/openthinclient.com\/fr\/produit\/paquets-de-services-openthinclient\/","og_locale":"fr_FR","og_type":"article","og_title":"openthinclient-Dienstleistungspakete - openthinclient","og_description":"Unsere individuell konzipierten Dienstleistungspakete gew\u00e4hrleisten Ihnen fachkundige Assistenz bei der Implementierung, Anpassung und Optimierung der openthinclient Software. Entscheiden Sie sich f\u00fcr eines unserer 4- oder 8-Stunden-Angebote, um Ihren Bed\u00fcrfnissen optimal gerecht zu werden und Ihre IT-Infrastruktur leistungsf\u00e4hig und sicher zu gestalten. Nicht in Anspruch genommene Stunden k\u00f6nnen als Gutschrift f\u00fcr k\u00fcnftige Dienstleistungen genutzt werden.","og_url":"https:\/\/openthinclient.com\/fr\/produit\/paquets-de-services-openthinclient\/","og_site_name":"openthinclient","article_publisher":"https:\/\/www.facebook.com\/profile.php?id=100063657666030","article_modified_time":"2025-04-30T19:05:22+00:00","og_image":[{"width":808,"height":788,"url":"https:\/\/openthinclient.com\/wp-content\/uploads\/2023\/03\/Dienstleistungspakete-1.png","type":"image\/png"}],"twitter_card":"summary_large_image","twitter_misc":{"Dur\u00e9e de lecture estim\u00e9e":"1 minute"},"schema":{"@context":"https:\/\/schema.org","@graph":[{"@type":"WebPage","@id":"https:\/\/openthinclient.com\/produkt\/openthinclient-dienstleistungspakete\/","url":"https:\/\/openthinclient.com\/produkt\/openthinclient-dienstleistungspakete\/","name":"Paquets de services openthinclient - openthinclient","isPartOf":{"@id":"https:\/\/openthinclient.com\/#website"},"primaryImageOfPage":{"@id":"https:\/\/openthinclient.com\/produkt\/openthinclient-dienstleistungspakete\/#primaryimage"},"image":{"@id":"https:\/\/openthinclient.com\/produkt\/openthinclient-dienstleistungspakete\/#primaryimage"},"thumbnailUrl":"https:\/\/openthinclient.com\/wp-content\/uploads\/2023\/03\/Dienstleistungspakete-1.png","datePublished":"2023-03-31T08:30:19+00:00","dateModified":"2025-04-30T19:05:22+00:00","breadcrumb":{"@id":"https:\/\/openthinclient.com\/produkt\/openthinclient-dienstleistungspakete\/#breadcrumb"},"inLanguage":"fr-FR","potentialAction":[{"@type":"ReadAction","target":["https:\/\/openthinclient.com\/produkt\/openthinclient-dienstleistungspakete\/"]}]},{"@type":"ImageObject","inLanguage":"fr-FR","@id":"https:\/\/openthinclient.com\/produkt\/openthinclient-dienstleistungspakete\/#primaryimage","url":"https:\/\/openthinclient.com\/wp-content\/uploads\/2023\/03\/Dienstleistungspakete-1.png","contentUrl":"https:\/\/openthinclient.com\/wp-content\/uploads\/2023\/03\/Dienstleistungspakete-1.png","width":808,"height":788,"caption":"Dienstleistungspaket"},{"@type":"BreadcrumbList","@id":"https:\/\/openthinclient.com\/produkt\/openthinclient-dienstleistungspakete\/#breadcrumb","itemListElement":[{"@type":"ListItem","position":1,"name":"Startseite","item":"https:\/\/openthinclient.com\/"},{"@type":"ListItem","position":2,"name":"Thin Clients Software Vergleich","item":"https:\/\/openthinclient.com\/thin-client-software-vergleich\/"},{"@type":"ListItem","position":3,"name":"openthinclient-Dienstleistungspakete"}]},{"@type":"WebSite","@id":"https:\/\/openthinclient.com\/#website","url":"https:\/\/openthinclient.com\/","name":"openthinclient","description":"Logiciel de gestion des clients l\u00e9gers","publisher":{"@id":"https:\/\/openthinclient.com\/#organization"},"potentialAction":[{"@type":"SearchAction","target":{"@type":"EntryPoint","urlTemplate":"https:\/\/openthinclient.com\/?s={search_term_string}"},"query-input":{"@type":"PropertyValueSpecification","valueRequired":true,"valueName":"search_term_string"}}],"inLanguage":"fr-FR"},{"@type":"Organization","@id":"https:\/\/openthinclient.com\/#organization","name":"openthinclient","url":"https:\/\/openthinclient.com\/","logo":{"@type":"ImageObject","inLanguage":"fr-FR","@id":"https:\/\/openthinclient.com\/#\/schema\/logo\/image\/","url":"https:\/\/openthinclient.com\/wp-content\/uploads\/2022\/06\/Logo_openthinclient.png","contentUrl":"https:\/\/openthinclient.com\/wp-content\/uploads\/2022\/06\/Logo_openthinclient.png","width":1523,"height":235,"caption":"openthinclient"},"image":{"@id":"https:\/\/openthinclient.com\/#\/schema\/logo\/image\/"},"sameAs":["https:\/\/www.facebook.com\/profile.php?id=100063657666030","https:\/\/www.youtube.com\/openthinclientgmbh","https:\/\/www.linkedin.com\/company\/9161909\/","https:\/\/www.instagram.com\/openthinclient\/"]}]}},"tiered_pricing_type":"fixed","tiered_pricing_fixed_rules":[],"tiered_pricing_product_settings":{"layout":"default","base_unit_name":{"singular":null,"plural":null},"default_variation":null},"tiered_pricing_minimum_quantity":null,"tiered_pricing_roles_data":[],"tiered_pricing_percentage_rules":[],"_links":{"self":[{"href":"https:\/\/openthinclient.com\/fr\/wp-json\/wp\/v2\/product\/31038","targetHints":{"allow":["GET"]}}],"collection":[{"href":"https:\/\/openthinclient.com\/fr\/wp-json\/wp\/v2\/product"}],"about":[{"href":"https:\/\/openthinclient.com\/fr\/wp-json\/wp\/v2\/types\/product"}],"wp:featuredmedia":[{"embeddable":true,"href":"https:\/\/openthinclient.com\/fr\/wp-json\/wp\/v2\/media\/31044"}],"wp:attachment":[{"href":"https:\/\/openthinclient.com\/fr\/wp-json\/wp\/v2\/media?parent=31038"}],"wp:term":[{"taxonomy":"product_brand","embeddable":true,"href":"https:\/\/openthinclient.com\/fr\/wp-json\/wp\/v2\/product_brand?post=31038"},{"taxonomy":"product_cat","embeddable":true,"href":"https:\/\/openthinclient.com\/fr\/wp-json\/wp\/v2\/product_cat?post=31038"},{"taxonomy":"product_tag","embeddable":true,"href":"https:\/\/openthinclient.com\/fr\/wp-json\/wp\/v2\/product_tag?post=31038"}],"curies":[{"name":"wp","href":"https:\/\/api.w.org\/{rel}","templated":true}]}}