{"id":10030,"date":"2022-09-19T07:03:21","date_gmt":"2022-09-19T07:03:21","guid":{"rendered":"https:\/\/openthinclient.com\/?post_type=product&#038;p=10030"},"modified":"2026-03-16T07:43:37","modified_gmt":"2026-03-16T07:43:37","slug":"options-dajout-de-droits-dutilisation-de-clients-legers-individuels-pour-business-50","status":"publish","type":"product","link":"https:\/\/openthinclient.com\/fr\/produkt\/zubuchoptionen-einzel-thin-client-nutzungsberechtigung-fuer-business-50\/","title":{"rendered":"Autorisation d'utilisation unique de ThinClient pour \u00bbBUSINESS 50\u00ab"},"content":{"rendered":"<p>Autorisation d'utilisation pour d'autres ThinClients pour le paquet BUSINESS 50 comprenant<\/p>\n<ul>\n<li><strong>un soutien professionnel\u00a0<\/strong>avec des temps de r\u00e9action garantis<\/li>\n<li><strong>Cat\u00e9gorie H<\/strong>igh<strong>\u00a06 heures<\/strong><\/li>\n<li><strong>Cat\u00e9gorie N<\/strong>ormal<strong>\u00a048 heures<\/strong><\/li>\n<li><strong>Cat\u00e9gorie S<\/strong>low\u00a0<strong>30 jours<\/strong><\/li>\n<li><strong>Heures de service : Lu - Ve, 9 - 17 heures<\/strong><\/li>\n<li>Droit d'utilisation\u00a0<strong>pour chaque ThinClient suppl\u00e9mentaire<\/strong><\/li>\n<\/ul>","protected":false},"excerpt":{"rendered":"<p><span style=\"color: #000000; font-family: roboto; font-size: 12px;\"><strong>mensuel \/ annuel<\/strong><\/span><br \/>\n\u2705 Autorisation d'utilisation individuelle du client l\u00e9ger<\/p>\n<p>\u26a0\ufe0f uniquement en combinaison avec BUSINESS 50<\/p>","protected":false},"featured_media":10241,"template":"","meta":{"site-sidebar-layout":"default","site-content-layout":"default","ast-site-content-layout":"default","site-content-style":"default","site-sidebar-style":"default","ast-global-header-display":"","ast-banner-title-visibility":"","ast-main-header-display":"","ast-hfb-above-header-display":"","ast-hfb-below-header-display":"","ast-hfb-mobile-header-display":"","site-post-title":"","ast-breadcrumbs-content":"","ast-featured-img":"","footer-sml-layout":"","ast-disable-related-posts":"","theme-transparent-header-meta":"default","adv-header-id-meta":"","stick-header-meta":"","header-above-stick-meta":"","header-main-stick-meta":"","header-below-stick-meta":"","astra-migrate-meta-layouts":"set","ast-page-background-enabled":"default","ast-page-background-meta":{"desktop":{"background-color":"var(--ast-global-color-4)","background-image":"","background-repeat":"repeat","background-position":"center center","background-size":"auto","background-attachment":"scroll","background-type":"","background-media":"","overlay-type":"","overlay-color":"","overlay-opacity":"","overlay-gradient":""},"tablet":{"background-color":"","background-image":"","background-repeat":"repeat","background-position":"center center","background-size":"auto","background-attachment":"scroll","background-type":"","background-media":"","overlay-type":"","overlay-color":"","overlay-opacity":"","overlay-gradient":""},"mobile":{"background-color":"","background-image":"","background-repeat":"repeat","background-position":"center center","background-size":"auto","background-attachment":"scroll","background-type":"","background-media":"","overlay-type":"","overlay-color":"","overlay-opacity":"","overlay-gradient":""}},"ast-content-background-meta":{"desktop":{"background-color":"var(--ast-global-color-5)","background-image":"","background-repeat":"repeat","background-position":"center center","background-size":"auto","background-attachment":"scroll","background-type":"","background-media":"","overlay-type":"","overlay-color":"","overlay-opacity":"","overlay-gradient":""},"tablet":{"background-color":"var(--ast-global-color-5)","background-image":"","background-repeat":"repeat","background-position":"center center","background-size":"auto","background-attachment":"scroll","background-type":"","background-media":"","overlay-type":"","overlay-color":"","overlay-opacity":"","overlay-gradient":""},"mobile":{"background-color":"var(--ast-global-color-5)","background-image":"","background-repeat":"repeat","background-position":"center center","background-size":"auto","background-attachment":"scroll","background-type":"","background-media":"","overlay-type":"","overlay-color":"","overlay-opacity":"","overlay-gradient":""}}},"product_brand":[],"product_cat":[841],"product_tag":[],"class_list":{"0":"post-10030","1":"product","2":"type-product","3":"status-publish","4":"has-post-thumbnail","6":"product_cat-software-de","7":"desktop-align-left","8":"tablet-align-left","9":"mobile-align-left","11":"first","12":"instock","13":"taxable","14":"shipping-taxable","15":"purchasable","16":"product-type-variable"},"yoast_head":"<!-- This site is optimized with the Yoast SEO plugin v27.3 - https:\/\/yoast.com\/product\/yoast-seo-wordpress\/ -->\n<title>openthinclient software-download<\/title>\n<meta name=\"description\" content=\"Download the openthinclient management-server for free. Up to 49 TCs free, from 50 TCs usage authorization with support and SLAs.\" \/>\n<meta name=\"robots\" content=\"index, follow, max-snippet:-1, max-image-preview:large, max-video-preview:-1\" \/>\n<link rel=\"canonical\" href=\"https:\/\/openthinclient.com\/fr\/produit\/options-dajout-de-droits-dutilisation-de-clients-legers-individuels-pour-business-50\/\" \/>\n<meta property=\"og:locale\" content=\"fr_FR\" \/>\n<meta property=\"og:type\" content=\"article\" \/>\n<meta property=\"og:title\" content=\"openthinclient software-download\" \/>\n<meta property=\"og:description\" content=\"Download the openthinclient management-server for free. Up to 49 TCs free, from 50 TCs usage authorization with support and SLAs.\" \/>\n<meta property=\"og:url\" content=\"https:\/\/openthinclient.com\/fr\/produit\/options-dajout-de-droits-dutilisation-de-clients-legers-individuels-pour-business-50\/\" \/>\n<meta property=\"og:site_name\" content=\"openthinclient\" \/>\n<meta property=\"article:publisher\" content=\"https:\/\/www.facebook.com\/profile.php?id=100063657666030\" \/>\n<meta property=\"article:modified_time\" content=\"2026-03-16T07:43:37+00:00\" \/>\n<meta property=\"og:image\" content=\"https:\/\/openthinclient.com\/wp-content\/uploads\/2022\/09\/openthinclient-Management-Server-CLIENT-50.png\" \/>\n\t<meta property=\"og:image:width\" content=\"1000\" \/>\n\t<meta property=\"og:image:height\" content=\"1000\" \/>\n\t<meta property=\"og:image:type\" content=\"image\/png\" \/>\n<meta name=\"twitter:card\" content=\"summary_large_image\" \/>\n<meta name=\"twitter:label1\" content=\"Dur\u00e9e de lecture estim\u00e9e\" \/>\n\t<meta name=\"twitter:data1\" content=\"1 minute\" \/>\n<script type=\"application\/ld+json\" class=\"yoast-schema-graph\">{\"@context\":\"https:\\\/\\\/schema.org\",\"@graph\":[{\"@type\":\"WebPage\",\"@id\":\"https:\\\/\\\/openthinclient.com\\\/produkt\\\/zubuchoptionen-einzel-thin-client-nutzungsberechtigung-fuer-business-50\\\/\",\"url\":\"https:\\\/\\\/openthinclient.com\\\/produkt\\\/zubuchoptionen-einzel-thin-client-nutzungsberechtigung-fuer-business-50\\\/\",\"name\":\"openthinclient software-download\",\"isPartOf\":{\"@id\":\"https:\\\/\\\/openthinclient.com\\\/#website\"},\"primaryImageOfPage\":{\"@id\":\"https:\\\/\\\/openthinclient.com\\\/produkt\\\/zubuchoptionen-einzel-thin-client-nutzungsberechtigung-fuer-business-50\\\/#primaryimage\"},\"image\":{\"@id\":\"https:\\\/\\\/openthinclient.com\\\/produkt\\\/zubuchoptionen-einzel-thin-client-nutzungsberechtigung-fuer-business-50\\\/#primaryimage\"},\"thumbnailUrl\":\"https:\\\/\\\/openthinclient.com\\\/wp-content\\\/uploads\\\/2022\\\/09\\\/openthinclient-Management-Server-CLIENT-50.png\",\"datePublished\":\"2022-09-19T07:03:21+00:00\",\"dateModified\":\"2026-03-16T07:43:37+00:00\",\"description\":\"Download the openthinclient management-server for free. Up to 49 TCs free, from 50 TCs usage authorization with support and SLAs.\",\"breadcrumb\":{\"@id\":\"https:\\\/\\\/openthinclient.com\\\/produkt\\\/zubuchoptionen-einzel-thin-client-nutzungsberechtigung-fuer-business-50\\\/#breadcrumb\"},\"inLanguage\":\"fr-FR\",\"potentialAction\":[{\"@type\":\"ReadAction\",\"target\":[\"https:\\\/\\\/openthinclient.com\\\/produkt\\\/zubuchoptionen-einzel-thin-client-nutzungsberechtigung-fuer-business-50\\\/\"]}]},{\"@type\":\"ImageObject\",\"inLanguage\":\"fr-FR\",\"@id\":\"https:\\\/\\\/openthinclient.com\\\/produkt\\\/zubuchoptionen-einzel-thin-client-nutzungsberechtigung-fuer-business-50\\\/#primaryimage\",\"url\":\"https:\\\/\\\/openthinclient.com\\\/wp-content\\\/uploads\\\/2022\\\/09\\\/openthinclient-Management-Server-CLIENT-50.png\",\"contentUrl\":\"https:\\\/\\\/openthinclient.com\\\/wp-content\\\/uploads\\\/2022\\\/09\\\/openthinclient-Management-Server-CLIENT-50.png\",\"width\":1000,\"height\":1000,\"caption\":\"openthinclient-Management-Server CLIENT 50+\"},{\"@type\":\"BreadcrumbList\",\"@id\":\"https:\\\/\\\/openthinclient.com\\\/produkt\\\/zubuchoptionen-einzel-thin-client-nutzungsberechtigung-fuer-business-50\\\/#breadcrumb\",\"itemListElement\":[{\"@type\":\"ListItem\",\"position\":1,\"name\":\"Startseite\",\"item\":\"https:\\\/\\\/openthinclient.com\\\/\"},{\"@type\":\"ListItem\",\"position\":2,\"name\":\"Thin Clients Software Vergleich\",\"item\":\"https:\\\/\\\/openthinclient.com\\\/thin-client-software-vergleich\\\/\"},{\"@type\":\"ListItem\",\"position\":3,\"name\":\"Einzel ThinClient Nutzungsberechtigung f\u00fcr \u00bbBUSINESS 50\u00ab\"}]},{\"@type\":\"WebSite\",\"@id\":\"https:\\\/\\\/openthinclient.com\\\/#website\",\"url\":\"https:\\\/\\\/openthinclient.com\\\/\",\"name\":\"openthinclient\",\"description\":\"Thin Client Management Software\",\"publisher\":{\"@id\":\"https:\\\/\\\/openthinclient.com\\\/#organization\"},\"potentialAction\":[{\"@type\":\"SearchAction\",\"target\":{\"@type\":\"EntryPoint\",\"urlTemplate\":\"https:\\\/\\\/openthinclient.com\\\/?s={search_term_string}\"},\"query-input\":{\"@type\":\"PropertyValueSpecification\",\"valueRequired\":true,\"valueName\":\"search_term_string\"}}],\"inLanguage\":\"fr-FR\"},{\"@type\":\"Organization\",\"@id\":\"https:\\\/\\\/openthinclient.com\\\/#organization\",\"name\":\"openthinclient\",\"url\":\"https:\\\/\\\/openthinclient.com\\\/\",\"logo\":{\"@type\":\"ImageObject\",\"inLanguage\":\"fr-FR\",\"@id\":\"https:\\\/\\\/openthinclient.com\\\/#\\\/schema\\\/logo\\\/image\\\/\",\"url\":\"https:\\\/\\\/openthinclient.com\\\/wp-content\\\/uploads\\\/2022\\\/06\\\/Logo_openthinclient.png\",\"contentUrl\":\"https:\\\/\\\/openthinclient.com\\\/wp-content\\\/uploads\\\/2022\\\/06\\\/Logo_openthinclient.png\",\"width\":1523,\"height\":235,\"caption\":\"openthinclient\"},\"image\":{\"@id\":\"https:\\\/\\\/openthinclient.com\\\/#\\\/schema\\\/logo\\\/image\\\/\"},\"sameAs\":[\"https:\\\/\\\/www.facebook.com\\\/profile.php?id=100063657666030\",\"https:\\\/\\\/www.youtube.com\\\/openthinclientgmbh\",\"https:\\\/\\\/www.linkedin.com\\\/company\\\/9161909\\\/\",\"https:\\\/\\\/www.instagram.com\\\/openthinclient\\\/\"]}]}<\/script>\n<!-- \/ Yoast SEO plugin. -->","yoast_head_json":{"title":"openthinclient t\u00e9l\u00e9chargement du logiciel","description":"T\u00e9l\u00e9charger le serveur de gestion openthinclient gratuitement. Jusqu'\u00e0 49 TCs gratuits, \u00e0 partir de 50 TCs autorisation d'utilisation avec support et SLAs.","robots":{"index":"index","follow":"follow","max-snippet":"max-snippet:-1","max-image-preview":"max-image-preview:large","max-video-preview":"max-video-preview:-1"},"canonical":"https:\/\/openthinclient.com\/fr\/produit\/options-dajout-de-droits-dutilisation-de-clients-legers-individuels-pour-business-50\/","og_locale":"fr_FR","og_type":"article","og_title":"openthinclient software-download","og_description":"Download the openthinclient management-server for free. Up to 49 TCs free, from 50 TCs usage authorization with support and SLAs.","og_url":"https:\/\/openthinclient.com\/fr\/produit\/options-dajout-de-droits-dutilisation-de-clients-legers-individuels-pour-business-50\/","og_site_name":"openthinclient","article_publisher":"https:\/\/www.facebook.com\/profile.php?id=100063657666030","article_modified_time":"2026-03-16T07:43:37+00:00","og_image":[{"width":1000,"height":1000,"url":"https:\/\/openthinclient.com\/wp-content\/uploads\/2022\/09\/openthinclient-Management-Server-CLIENT-50.png","type":"image\/png"}],"twitter_card":"summary_large_image","twitter_misc":{"Dur\u00e9e de lecture estim\u00e9e":"1 minute"},"schema":{"@context":"https:\/\/schema.org","@graph":[{"@type":"WebPage","@id":"https:\/\/openthinclient.com\/produkt\/zubuchoptionen-einzel-thin-client-nutzungsberechtigung-fuer-business-50\/","url":"https:\/\/openthinclient.com\/produkt\/zubuchoptionen-einzel-thin-client-nutzungsberechtigung-fuer-business-50\/","name":"openthinclient t\u00e9l\u00e9chargement du logiciel","isPartOf":{"@id":"https:\/\/openthinclient.com\/#website"},"primaryImageOfPage":{"@id":"https:\/\/openthinclient.com\/produkt\/zubuchoptionen-einzel-thin-client-nutzungsberechtigung-fuer-business-50\/#primaryimage"},"image":{"@id":"https:\/\/openthinclient.com\/produkt\/zubuchoptionen-einzel-thin-client-nutzungsberechtigung-fuer-business-50\/#primaryimage"},"thumbnailUrl":"https:\/\/openthinclient.com\/wp-content\/uploads\/2022\/09\/openthinclient-Management-Server-CLIENT-50.png","datePublished":"2022-09-19T07:03:21+00:00","dateModified":"2026-03-16T07:43:37+00:00","description":"T\u00e9l\u00e9charger le serveur de gestion openthinclient gratuitement. Jusqu'\u00e0 49 TCs gratuits, \u00e0 partir de 50 TCs autorisation d'utilisation avec support et SLAs.","breadcrumb":{"@id":"https:\/\/openthinclient.com\/produkt\/zubuchoptionen-einzel-thin-client-nutzungsberechtigung-fuer-business-50\/#breadcrumb"},"inLanguage":"fr-FR","potentialAction":[{"@type":"ReadAction","target":["https:\/\/openthinclient.com\/produkt\/zubuchoptionen-einzel-thin-client-nutzungsberechtigung-fuer-business-50\/"]}]},{"@type":"ImageObject","inLanguage":"fr-FR","@id":"https:\/\/openthinclient.com\/produkt\/zubuchoptionen-einzel-thin-client-nutzungsberechtigung-fuer-business-50\/#primaryimage","url":"https:\/\/openthinclient.com\/wp-content\/uploads\/2022\/09\/openthinclient-Management-Server-CLIENT-50.png","contentUrl":"https:\/\/openthinclient.com\/wp-content\/uploads\/2022\/09\/openthinclient-Management-Server-CLIENT-50.png","width":1000,"height":1000,"caption":"openthinclient-Management-Server CLIENT 50+"},{"@type":"BreadcrumbList","@id":"https:\/\/openthinclient.com\/produkt\/zubuchoptionen-einzel-thin-client-nutzungsberechtigung-fuer-business-50\/#breadcrumb","itemListElement":[{"@type":"ListItem","position":1,"name":"Startseite","item":"https:\/\/openthinclient.com\/"},{"@type":"ListItem","position":2,"name":"Thin Clients Software Vergleich","item":"https:\/\/openthinclient.com\/thin-client-software-vergleich\/"},{"@type":"ListItem","position":3,"name":"Einzel ThinClient Nutzungsberechtigung f\u00fcr \u00bbBUSINESS 50\u00ab"}]},{"@type":"WebSite","@id":"https:\/\/openthinclient.com\/#website","url":"https:\/\/openthinclient.com\/","name":"openthinclient","description":"Logiciel de gestion des clients l\u00e9gers","publisher":{"@id":"https:\/\/openthinclient.com\/#organization"},"potentialAction":[{"@type":"SearchAction","target":{"@type":"EntryPoint","urlTemplate":"https:\/\/openthinclient.com\/?s={search_term_string}"},"query-input":{"@type":"PropertyValueSpecification","valueRequired":true,"valueName":"search_term_string"}}],"inLanguage":"fr-FR"},{"@type":"Organization","@id":"https:\/\/openthinclient.com\/#organization","name":"openthinclient","url":"https:\/\/openthinclient.com\/","logo":{"@type":"ImageObject","inLanguage":"fr-FR","@id":"https:\/\/openthinclient.com\/#\/schema\/logo\/image\/","url":"https:\/\/openthinclient.com\/wp-content\/uploads\/2022\/06\/Logo_openthinclient.png","contentUrl":"https:\/\/openthinclient.com\/wp-content\/uploads\/2022\/06\/Logo_openthinclient.png","width":1523,"height":235,"caption":"openthinclient"},"image":{"@id":"https:\/\/openthinclient.com\/#\/schema\/logo\/image\/"},"sameAs":["https:\/\/www.facebook.com\/profile.php?id=100063657666030","https:\/\/www.youtube.com\/openthinclientgmbh","https:\/\/www.linkedin.com\/company\/9161909\/","https:\/\/www.instagram.com\/openthinclient\/"]}]}},"tiered_pricing_type":"fixed","tiered_pricing_fixed_rules":{"100":3.42,"250":3.24,"500":3.06,"1000":2.88,"2500":2.52,"5000":2.16},"tiered_pricing_product_settings":{"layout":"default","base_unit_name":{"singular":null,"plural":null},"default_variation":null},"tiered_pricing_minimum_quantity":null,"tiered_pricing_roles_data":[],"tiered_pricing_percentage_rules":[],"_links":{"self":[{"href":"https:\/\/openthinclient.com\/fr\/wp-json\/wp\/v2\/product\/10030","targetHints":{"allow":["GET"]}}],"collection":[{"href":"https:\/\/openthinclient.com\/fr\/wp-json\/wp\/v2\/product"}],"about":[{"href":"https:\/\/openthinclient.com\/fr\/wp-json\/wp\/v2\/types\/product"}],"wp:featuredmedia":[{"embeddable":true,"href":"https:\/\/openthinclient.com\/fr\/wp-json\/wp\/v2\/media\/10241"}],"wp:attachment":[{"href":"https:\/\/openthinclient.com\/fr\/wp-json\/wp\/v2\/media?parent=10030"}],"wp:term":[{"taxonomy":"product_brand","embeddable":true,"href":"https:\/\/openthinclient.com\/fr\/wp-json\/wp\/v2\/product_brand?post=10030"},{"taxonomy":"product_cat","embeddable":true,"href":"https:\/\/openthinclient.com\/fr\/wp-json\/wp\/v2\/product_cat?post=10030"},{"taxonomy":"product_tag","embeddable":true,"href":"https:\/\/openthinclient.com\/fr\/wp-json\/wp\/v2\/product_tag?post=10030"}],"curies":[{"name":"wp","href":"https:\/\/api.w.org\/{rel}","templated":true}]}}