{"id":6315,"date":"2019-05-22T13:53:31","date_gmt":"2019-05-22T13:53:31","guid":{"rendered":"https:\/\/lsdx-16803.matrix.de\/?product=openthinclient-management-server"},"modified":"2026-03-16T07:38:04","modified_gmt":"2026-03-16T07:38:04","slug":"servidor-de-gestion-openthinclient","status":"publish","type":"product","link":"https:\/\/openthinclient.com\/es\/produkt\/openthinclient-management-server\/","title":{"rendered":"\u00bbRED\u00ab<\/br> versi\u00f3n comunitaria gratuita"},"content":{"rendered":"<p><img decoding=\"async\" src=\"https:\/\/klick.openthinclient.com\/api\/split\/28l6z26hoz1hzkz94e5\" alt=\"\" width=\"1\" height=\"1\" \/><\/p>\n<table style=\"border: none !important;\">\n<colgroup>\n<col width=\"45%\" \/> <\/colgroup>\n<colgroup>\n<col width=\"5%\" \/> <\/colgroup>\n<colgroup>\n<col width=\"57%\" \/> <\/colgroup>\n<tbody>\n<tr style=\"border: none !important;\">\n<td style=\"border: none !important;\">El software openthinclient puede manejar hasta un n\u00famero de <strong>24<\/strong> Clientes ligeros con todas las funciones <strong>sin l\u00edmite de tiempo<\/strong> <strong>gratis<\/strong> se puede utilizar.<\/p>\n<p>Sin embargo <strong>sin<\/strong> Asistencia y acuerdos de nivel de servicio.<\/p>\n<p>&nbsp;<\/p>\n<p><strong>ThinClients compatibles<\/strong><br \/>\nProbado y liberado para hardware openthinclient, tambi\u00e9n puede ser usado con clientes x86 compatibles que soporten arranque PXE.<\/p>\n<p>&nbsp;<\/p>\n<p><strong>servidor openthinclient<\/strong><br \/>\nComponente del servidor central que se configura con el instalador. Incluye todos los componentes para servicios de sistema, arranque de red, gesti\u00f3n y sistema operativo de cliente ligero.<\/p>\n<p>&nbsp;<\/p>\n<p><strong>openthinclient-Manager<\/strong><br \/>\nGesti\u00f3n de la instalaci\u00f3n de openthinclient a trav\u00e9s del navegador para la administraci\u00f3n centralizada de clientes ligeros, aplicaciones, grupos, impresoras, ubicaciones, conexi\u00f3n AD y mucho m\u00e1s.<\/p>\n<p>&nbsp;<\/p>\n<p><strong>openthinclient-OS<\/strong><br \/>\nSistema operativo cliente ligero basado en Linux. Opciones de configuraci\u00f3n a trav\u00e9s del gestor openthinclient para escritorio, ajustes de pantalla, USB y mucho m\u00e1s.<\/p>\n<p>&nbsp;<\/p>\n<p>Software de terceros suministrado: Citrix Workspace, FreeRDP, Omnissa Horizon (antes VMware Horizon), Chromium<\/td>\n<td style=\"border: none !important;\"><\/td>\n<td style=\"border: none !important;\">\n<div class=\"kt-form-de\"><script src=\"https:\/\/assets.klicktipp.com\/userimages\/93719\/forms\/276690\/6fufz26hoz8z3991.js\"><\/script><\/div>\n<div class=\"kt-form-en\"><script src=\"https:\/\/assets.klicktipp.com\/userimages\/93719\/forms\/276748\/6fw3z26hoz8z855b.js\"><\/script><\/div>\n<div class=\"kt-form-es\"><script src=\"https:\/\/assets.klicktipp.com\/userimages\/93719\/forms\/347420\/83laz26hoz8z6f92.js\"><\/script><\/div>\n<div class=\"kt-form-it\"><script src=\"https:\/\/assets.klicktipp.com\/userimages\/93719\/forms\/347445\/83m0z26hoz8z78e6.js\"><\/script><\/div>\n<div class=\"kt-form-fr\"><script src=\"https:\/\/assets.klicktipp.com\/userimages\/93719\/forms\/347446\/83m1z26hoz8z211a.js\"><\/script><\/div>\n<\/td>\n<\/tr>\n<\/tbody>\n<\/table>","protected":false},"excerpt":{"rendered":"<style>\n.woocommerce ul.products li.product .wc-gzd-additional-info, .woocommerce-page ul.products li.product .wc-gzd-additional-info {display:none !important}<br \/>.woocommerce div.product .stock {display:none !important}<br \/><\/style>\n<p>\u2705 Apoyo a trav\u00e9s de la comunidad.<\/p>\n<p>\u26a0\ufe0f M\u00e1ximo 24 licencias de prueba de cliente ligero<br \/>\ncon todas las funciones<\/p>\n<p>\u26d4 No se pueden reservar clientes ligeros adicionales.<\/p>","protected":false},"featured_media":8351,"template":"","meta":{"site-sidebar-layout":"default","site-content-layout":"default","ast-site-content-layout":"default","site-content-style":"default","site-sidebar-style":"default","ast-global-header-display":"","ast-banner-title-visibility":"","ast-main-header-display":"","ast-hfb-above-header-display":"","ast-hfb-below-header-display":"","ast-hfb-mobile-header-display":"","site-post-title":"","ast-breadcrumbs-content":"","ast-featured-img":"","footer-sml-layout":"","ast-disable-related-posts":"","theme-transparent-header-meta":"default","adv-header-id-meta":"","stick-header-meta":"","header-above-stick-meta":"","header-main-stick-meta":"","header-below-stick-meta":"","astra-migrate-meta-layouts":"set","ast-page-background-enabled":"default","ast-page-background-meta":{"desktop":{"background-color":"var(--ast-global-color-4)","background-image":"","background-repeat":"repeat","background-position":"center center","background-size":"auto","background-attachment":"scroll","background-type":"","background-media":"","overlay-type":"","overlay-color":"","overlay-opacity":"","overlay-gradient":""},"tablet":{"background-color":"","background-image":"","background-repeat":"repeat","background-position":"center center","background-size":"auto","background-attachment":"scroll","background-type":"","background-media":"","overlay-type":"","overlay-color":"","overlay-opacity":"","overlay-gradient":""},"mobile":{"background-color":"","background-image":"","background-repeat":"repeat","background-position":"center center","background-size":"auto","background-attachment":"scroll","background-type":"","background-media":"","overlay-type":"","overlay-color":"","overlay-opacity":"","overlay-gradient":""}},"ast-content-background-meta":{"desktop":{"background-color":"var(--ast-global-color-5)","background-image":"","background-repeat":"repeat","background-position":"center center","background-size":"auto","background-attachment":"scroll","background-type":"","background-media":"","overlay-type":"","overlay-color":"","overlay-opacity":"","overlay-gradient":""},"tablet":{"background-color":"var(--ast-global-color-5)","background-image":"","background-repeat":"repeat","background-position":"center center","background-size":"auto","background-attachment":"scroll","background-type":"","background-media":"","overlay-type":"","overlay-color":"","overlay-opacity":"","overlay-gradient":""},"mobile":{"background-color":"var(--ast-global-color-5)","background-image":"","background-repeat":"repeat","background-position":"center center","background-size":"auto","background-attachment":"scroll","background-type":"","background-media":"","overlay-type":"","overlay-color":"","overlay-opacity":"","overlay-gradient":""}}},"product_brand":[],"product_cat":[841],"product_tag":[],"class_list":{"0":"post-6315","1":"product","2":"type-product","3":"status-publish","4":"has-post-thumbnail","6":"product_cat-software-de","7":"desktop-align-left","8":"tablet-align-left","9":"mobile-align-left","11":"first","12":"instock","13":"sold-individually","14":"product-type-simple"},"yoast_head":"<!-- This site is optimized with the Yoast SEO plugin v27.5 - https:\/\/yoast.com\/product\/yoast-seo-wordpress\/ -->\n<title>openthinclient software-download<\/title>\n<meta name=\"description\" content=\"Download the openthinclient management-server for free. Up to 49 TCs free, from 50 TCs usage authorization with support and SLAs.\" \/>\n<meta name=\"robots\" content=\"noindex, follow, max-snippet:-1, max-image-preview:large, max-video-preview:-1\" \/>\n<meta property=\"og:locale\" content=\"es_ES\" \/>\n<meta property=\"og:type\" content=\"article\" \/>\n<meta property=\"og:title\" content=\"openthinclient software-download\" \/>\n<meta property=\"og:description\" content=\"Download the openthinclient management-server for free. Up to 49 TCs free, from 50 TCs usage authorization with support and SLAs.\" \/>\n<meta property=\"og:url\" content=\"https:\/\/openthinclient.com\/es\/producto\/servidor-de-gestion-openthinclient\/\" \/>\n<meta property=\"og:site_name\" content=\"openthinclient\" \/>\n<meta property=\"article:publisher\" content=\"https:\/\/www.facebook.com\/profile.php?id=100063657666030\" \/>\n<meta property=\"article:modified_time\" content=\"2026-03-16T07:38:04+00:00\" \/>\n<meta property=\"og:image\" content=\"https:\/\/openthinclient.com\/wp-content\/uploads\/2019\/05\/openthinclient-Management-Server-NETWORK.png\" \/>\n\t<meta property=\"og:image:width\" content=\"1000\" \/>\n\t<meta property=\"og:image:height\" content=\"1000\" \/>\n\t<meta property=\"og:image:type\" content=\"image\/png\" \/>\n<meta name=\"twitter:card\" content=\"summary_large_image\" \/>\n<meta name=\"twitter:label1\" content=\"Tiempo de lectura\" \/>\n\t<meta name=\"twitter:data1\" content=\"1 minuto\" \/>\n<script type=\"application\/ld+json\" class=\"yoast-schema-graph\">{\"@context\":\"https:\\\/\\\/schema.org\",\"@graph\":[{\"@type\":\"WebPage\",\"@id\":\"https:\\\/\\\/openthinclient.com\\\/produkt\\\/openthinclient-management-server\\\/\",\"url\":\"https:\\\/\\\/openthinclient.com\\\/produkt\\\/openthinclient-management-server\\\/\",\"name\":\"openthinclient software-download\",\"isPartOf\":{\"@id\":\"https:\\\/\\\/openthinclient.com\\\/#website\"},\"primaryImageOfPage\":{\"@id\":\"https:\\\/\\\/openthinclient.com\\\/produkt\\\/openthinclient-management-server\\\/#primaryimage\"},\"image\":{\"@id\":\"https:\\\/\\\/openthinclient.com\\\/produkt\\\/openthinclient-management-server\\\/#primaryimage\"},\"thumbnailUrl\":\"https:\\\/\\\/openthinclient.com\\\/wp-content\\\/uploads\\\/2019\\\/05\\\/openthinclient-Management-Server-NETWORK.png\",\"datePublished\":\"2019-05-22T13:53:31+00:00\",\"dateModified\":\"2026-03-16T07:38:04+00:00\",\"description\":\"Download the openthinclient management-server for free. Up to 49 TCs free, from 50 TCs usage authorization with support and SLAs.\",\"breadcrumb\":{\"@id\":\"https:\\\/\\\/openthinclient.com\\\/produkt\\\/openthinclient-management-server\\\/#breadcrumb\"},\"inLanguage\":\"es\",\"potentialAction\":[{\"@type\":\"ReadAction\",\"target\":[\"https:\\\/\\\/openthinclient.com\\\/produkt\\\/openthinclient-management-server\\\/\"]}]},{\"@type\":\"ImageObject\",\"inLanguage\":\"es\",\"@id\":\"https:\\\/\\\/openthinclient.com\\\/produkt\\\/openthinclient-management-server\\\/#primaryimage\",\"url\":\"https:\\\/\\\/openthinclient.com\\\/wp-content\\\/uploads\\\/2019\\\/05\\\/openthinclient-Management-Server-NETWORK.png\",\"contentUrl\":\"https:\\\/\\\/openthinclient.com\\\/wp-content\\\/uploads\\\/2019\\\/05\\\/openthinclient-Management-Server-NETWORK.png\",\"width\":1000,\"height\":1000,\"caption\":\"openthinclient-Management-Server NETWORK Icon\"},{\"@type\":\"BreadcrumbList\",\"@id\":\"https:\\\/\\\/openthinclient.com\\\/produkt\\\/openthinclient-management-server\\\/#breadcrumb\",\"itemListElement\":[{\"@type\":\"ListItem\",\"position\":1,\"name\":\"Startseite\",\"item\":\"https:\\\/\\\/openthinclient.com\\\/\"},{\"@type\":\"ListItem\",\"position\":2,\"name\":\"Thin Clients Software Vergleich\",\"item\":\"https:\\\/\\\/openthinclient.com\\\/thin-client-software-vergleich\\\/\"},{\"@type\":\"ListItem\",\"position\":3,\"name\":\"\u00bbNETWORK\u00ab kostenlose Community Version\"}]},{\"@type\":\"WebSite\",\"@id\":\"https:\\\/\\\/openthinclient.com\\\/#website\",\"url\":\"https:\\\/\\\/openthinclient.com\\\/\",\"name\":\"openthinclient\",\"description\":\"Thin Client Management Software\",\"publisher\":{\"@id\":\"https:\\\/\\\/openthinclient.com\\\/#organization\"},\"potentialAction\":[{\"@type\":\"SearchAction\",\"target\":{\"@type\":\"EntryPoint\",\"urlTemplate\":\"https:\\\/\\\/openthinclient.com\\\/?s={search_term_string}\"},\"query-input\":{\"@type\":\"PropertyValueSpecification\",\"valueRequired\":true,\"valueName\":\"search_term_string\"}}],\"inLanguage\":\"es\"},{\"@type\":\"Organization\",\"@id\":\"https:\\\/\\\/openthinclient.com\\\/#organization\",\"name\":\"openthinclient\",\"url\":\"https:\\\/\\\/openthinclient.com\\\/\",\"logo\":{\"@type\":\"ImageObject\",\"inLanguage\":\"es\",\"@id\":\"https:\\\/\\\/openthinclient.com\\\/#\\\/schema\\\/logo\\\/image\\\/\",\"url\":\"https:\\\/\\\/openthinclient.com\\\/wp-content\\\/uploads\\\/2022\\\/06\\\/Logo_openthinclient.png\",\"contentUrl\":\"https:\\\/\\\/openthinclient.com\\\/wp-content\\\/uploads\\\/2022\\\/06\\\/Logo_openthinclient.png\",\"width\":1523,\"height\":235,\"caption\":\"openthinclient\"},\"image\":{\"@id\":\"https:\\\/\\\/openthinclient.com\\\/#\\\/schema\\\/logo\\\/image\\\/\"},\"sameAs\":[\"https:\\\/\\\/www.facebook.com\\\/profile.php?id=100063657666030\",\"https:\\\/\\\/www.youtube.com\\\/openthinclientgmbh\",\"https:\\\/\\\/www.linkedin.com\\\/company\\\/9161909\\\/\",\"https:\\\/\\\/www.instagram.com\\\/openthinclient\\\/\"]}]}<\/script>\n<!-- \/ Yoast SEO plugin. -->","yoast_head_json":{"title":"descarga de software openthinclient","description":"Descarga gratis el servidor de gesti\u00f3n openthinclient. Hasta 49 TC gratis, a partir de 50 TC autorizaci\u00f3n de uso con soporte y SLA.","robots":{"index":"noindex","follow":"follow","max-snippet":"max-snippet:-1","max-image-preview":"max-image-preview:large","max-video-preview":"max-video-preview:-1"},"og_locale":"es_ES","og_type":"article","og_title":"openthinclient software-download","og_description":"Download the openthinclient management-server for free. Up to 49 TCs free, from 50 TCs usage authorization with support and SLAs.","og_url":"https:\/\/openthinclient.com\/es\/producto\/servidor-de-gestion-openthinclient\/","og_site_name":"openthinclient","article_publisher":"https:\/\/www.facebook.com\/profile.php?id=100063657666030","article_modified_time":"2026-03-16T07:38:04+00:00","og_image":[{"width":1000,"height":1000,"url":"https:\/\/openthinclient.com\/wp-content\/uploads\/2019\/05\/openthinclient-Management-Server-NETWORK.png","type":"image\/png"}],"twitter_card":"summary_large_image","twitter_misc":{"Tiempo de lectura":"1 minuto"},"schema":{"@context":"https:\/\/schema.org","@graph":[{"@type":"WebPage","@id":"https:\/\/openthinclient.com\/produkt\/openthinclient-management-server\/","url":"https:\/\/openthinclient.com\/produkt\/openthinclient-management-server\/","name":"descarga de software openthinclient","isPartOf":{"@id":"https:\/\/openthinclient.com\/#website"},"primaryImageOfPage":{"@id":"https:\/\/openthinclient.com\/produkt\/openthinclient-management-server\/#primaryimage"},"image":{"@id":"https:\/\/openthinclient.com\/produkt\/openthinclient-management-server\/#primaryimage"},"thumbnailUrl":"https:\/\/openthinclient.com\/wp-content\/uploads\/2019\/05\/openthinclient-Management-Server-NETWORK.png","datePublished":"2019-05-22T13:53:31+00:00","dateModified":"2026-03-16T07:38:04+00:00","description":"Descarga gratis el servidor de gesti\u00f3n openthinclient. Hasta 49 TC gratis, a partir de 50 TC autorizaci\u00f3n de uso con soporte y SLA.","breadcrumb":{"@id":"https:\/\/openthinclient.com\/produkt\/openthinclient-management-server\/#breadcrumb"},"inLanguage":"es","potentialAction":[{"@type":"ReadAction","target":["https:\/\/openthinclient.com\/produkt\/openthinclient-management-server\/"]}]},{"@type":"ImageObject","inLanguage":"es","@id":"https:\/\/openthinclient.com\/produkt\/openthinclient-management-server\/#primaryimage","url":"https:\/\/openthinclient.com\/wp-content\/uploads\/2019\/05\/openthinclient-Management-Server-NETWORK.png","contentUrl":"https:\/\/openthinclient.com\/wp-content\/uploads\/2019\/05\/openthinclient-Management-Server-NETWORK.png","width":1000,"height":1000,"caption":"openthinclient-Management-Server NETWORK Icon"},{"@type":"BreadcrumbList","@id":"https:\/\/openthinclient.com\/produkt\/openthinclient-management-server\/#breadcrumb","itemListElement":[{"@type":"ListItem","position":1,"name":"Startseite","item":"https:\/\/openthinclient.com\/"},{"@type":"ListItem","position":2,"name":"Thin Clients Software Vergleich","item":"https:\/\/openthinclient.com\/thin-client-software-vergleich\/"},{"@type":"ListItem","position":3,"name":"\u00bbNETWORK\u00ab kostenlose Community Version"}]},{"@type":"WebSite","@id":"https:\/\/openthinclient.com\/#website","url":"https:\/\/openthinclient.com\/","name":"openthinclient","description":"Software de gesti\u00f3n de clientes ligeros","publisher":{"@id":"https:\/\/openthinclient.com\/#organization"},"potentialAction":[{"@type":"SearchAction","target":{"@type":"EntryPoint","urlTemplate":"https:\/\/openthinclient.com\/?s={search_term_string}"},"query-input":{"@type":"PropertyValueSpecification","valueRequired":true,"valueName":"search_term_string"}}],"inLanguage":"es"},{"@type":"Organization","@id":"https:\/\/openthinclient.com\/#organization","name":"openthinclient","url":"https:\/\/openthinclient.com\/","logo":{"@type":"ImageObject","inLanguage":"es","@id":"https:\/\/openthinclient.com\/#\/schema\/logo\/image\/","url":"https:\/\/openthinclient.com\/wp-content\/uploads\/2022\/06\/Logo_openthinclient.png","contentUrl":"https:\/\/openthinclient.com\/wp-content\/uploads\/2022\/06\/Logo_openthinclient.png","width":1523,"height":235,"caption":"openthinclient"},"image":{"@id":"https:\/\/openthinclient.com\/#\/schema\/logo\/image\/"},"sameAs":["https:\/\/www.facebook.com\/profile.php?id=100063657666030","https:\/\/www.youtube.com\/openthinclientgmbh","https:\/\/www.linkedin.com\/company\/9161909\/","https:\/\/www.instagram.com\/openthinclient\/"]}]}},"tiered_pricing_type":"fixed","tiered_pricing_fixed_rules":[],"tiered_pricing_product_settings":{"layout":"default","base_unit_name":{"singular":null,"plural":null},"default_variation":null},"tiered_pricing_minimum_quantity":null,"tiered_pricing_roles_data":[],"tiered_pricing_percentage_rules":[],"_links":{"self":[{"href":"https:\/\/openthinclient.com\/es\/wp-json\/wp\/v2\/product\/6315","targetHints":{"allow":["GET"]}}],"collection":[{"href":"https:\/\/openthinclient.com\/es\/wp-json\/wp\/v2\/product"}],"about":[{"href":"https:\/\/openthinclient.com\/es\/wp-json\/wp\/v2\/types\/product"}],"wp:featuredmedia":[{"embeddable":true,"href":"https:\/\/openthinclient.com\/es\/wp-json\/wp\/v2\/media\/8351"}],"wp:attachment":[{"href":"https:\/\/openthinclient.com\/es\/wp-json\/wp\/v2\/media?parent=6315"}],"wp:term":[{"taxonomy":"product_brand","embeddable":true,"href":"https:\/\/openthinclient.com\/es\/wp-json\/wp\/v2\/product_brand?post=6315"},{"taxonomy":"product_cat","embeddable":true,"href":"https:\/\/openthinclient.com\/es\/wp-json\/wp\/v2\/product_cat?post=6315"},{"taxonomy":"product_tag","embeddable":true,"href":"https:\/\/openthinclient.com\/es\/wp-json\/wp\/v2\/product_tag?post=6315"}],"curies":[{"name":"wp","href":"https:\/\/api.w.org\/{rel}","templated":true}]}}