{"id":33581,"date":"2024-02-09T11:39:57","date_gmt":"2024-02-09T11:39:57","guid":{"rendered":"https:\/\/openthinclient.com\/?post_type=product&#038;p=33581"},"modified":"2026-01-28T15:14:26","modified_gmt":"2026-01-28T15:14:26","slug":"todo-en-uno-thinclient-panel-maxi-24","status":"publish","type":"product","link":"https:\/\/openthinclient.com\/es\/produkt\/all-in-one-thinclient-panel-maxi-24\/","title":{"rendered":"ThinClient todo en uno - PANEL.MAXI.24"},"content":{"rendered":"<p>En <strong>PANEL.<span style=\"color: #0070b4;\">MAXI.24<\/span><\/strong> es un thin client todo en uno muy funcional y eficiente con una impresionante pantalla de 23,8 pulgadas. <strong>pantalla t\u00e1ctil capacitiva<\/strong>. Este modelo es especialmente adecuado para su uso en entornos din\u00e1micos como <strong>Zonas de recepci\u00f3n<\/strong>, en el <strong>Oficina <\/strong>o tambi\u00e9n <strong>directamente en las m\u00e1quinas de producci\u00f3n<\/strong>. Su dise\u00f1o robusto y la opci\u00f3n de montaje en pared o Vesa lo hacen ideal para aplicaciones interactivas y visualizaci\u00f3n de datos en tiempo real. Un potente procesador Intel i7 de la serie QuadCore garantiza un procesamiento fiable y r\u00e1pido de las tareas.<\/p>","protected":false},"excerpt":{"rendered":"<p>Pantalla t\u00e1ctil capacitiva de 23,8 pulgadas<br \/>\nIntel\u00ae Core\u2122 i7 de 10\u00aa generaci\u00f3n hasta 4,90 GHz<br \/>\n8 GB RAM DDR4<\/p>","protected":false},"featured_media":33602,"template":"","meta":{"site-sidebar-layout":"default","site-content-layout":"default","ast-site-content-layout":"default","site-content-style":"default","site-sidebar-style":"default","ast-global-header-display":"","ast-banner-title-visibility":"","ast-main-header-display":"","ast-hfb-above-header-display":"","ast-hfb-below-header-display":"","ast-hfb-mobile-header-display":"","site-post-title":"","ast-breadcrumbs-content":"","ast-featured-img":"","footer-sml-layout":"","ast-disable-related-posts":"","theme-transparent-header-meta":"default","adv-header-id-meta":"","stick-header-meta":"","header-above-stick-meta":"","header-main-stick-meta":"","header-below-stick-meta":"","astra-migrate-meta-layouts":"set","ast-page-background-enabled":"default","ast-page-background-meta":{"desktop":{"background-color":"var(--ast-global-color-4)","background-image":"","background-repeat":"repeat","background-position":"center center","background-size":"auto","background-attachment":"scroll","background-type":"","background-media":"","overlay-type":"","overlay-color":"","overlay-opacity":"","overlay-gradient":""},"tablet":{"background-color":"","background-image":"","background-repeat":"repeat","background-position":"center center","background-size":"auto","background-attachment":"scroll","background-type":"","background-media":"","overlay-type":"","overlay-color":"","overlay-opacity":"","overlay-gradient":""},"mobile":{"background-color":"","background-image":"","background-repeat":"repeat","background-position":"center center","background-size":"auto","background-attachment":"scroll","background-type":"","background-media":"","overlay-type":"","overlay-color":"","overlay-opacity":"","overlay-gradient":""}},"ast-content-background-meta":{"desktop":{"background-color":"var(--ast-global-color-5)","background-image":"","background-repeat":"repeat","background-position":"center center","background-size":"auto","background-attachment":"scroll","background-type":"","background-media":"","overlay-type":"","overlay-color":"","overlay-opacity":"","overlay-gradient":""},"tablet":{"background-color":"var(--ast-global-color-5)","background-image":"","background-repeat":"repeat","background-position":"center center","background-size":"auto","background-attachment":"scroll","background-type":"","background-media":"","overlay-type":"","overlay-color":"","overlay-opacity":"","overlay-gradient":""},"mobile":{"background-color":"var(--ast-global-color-5)","background-image":"","background-repeat":"repeat","background-position":"center center","background-size":"auto","background-attachment":"scroll","background-type":"","background-media":"","overlay-type":"","overlay-color":"","overlay-opacity":"","overlay-gradient":""}}},"product_brand":[],"product_cat":[833],"product_tag":[],"class_list":{"0":"post-33581","1":"product","2":"type-product","3":"status-publish","4":"has-post-thumbnail","6":"product_cat-hardware-de","7":"desktop-align-left","8":"tablet-align-left","9":"mobile-align-left","11":"first","12":"instock","13":"taxable","14":"shipping-taxable","15":"purchasable","16":"product-type-variable"},"yoast_head":"<!-- This site is optimized with the Yoast SEO plugin v27.4 - https:\/\/yoast.com\/product\/yoast-seo-wordpress\/ -->\n<title>All-\u200bin-One ThinClient - PANEL.MAXI.24 - openthinclient<\/title>\n<meta name=\"robots\" content=\"index, follow, max-snippet:-1, max-image-preview:large, max-video-preview:-1\" \/>\n<link rel=\"canonical\" href=\"https:\/\/openthinclient.com\/es\/producto\/todo-en-uno-thinclient-panel-maxi-24\/\" \/>\n<meta property=\"og:locale\" content=\"es_ES\" \/>\n<meta property=\"og:type\" content=\"article\" \/>\n<meta property=\"og:title\" content=\"All-\u200bin-One ThinClient - PANEL.MAXI.24 - openthinclient\" \/>\n<meta property=\"og:description\" content=\"23,8-Zoll kapazitiver Touch-Display Intel\u00ae Core&#x2122; i7 10. Gen bis 4.90GHz 8 GB RAM DDR4\" \/>\n<meta property=\"og:url\" content=\"https:\/\/openthinclient.com\/es\/producto\/todo-en-uno-thinclient-panel-maxi-24\/\" \/>\n<meta property=\"og:site_name\" content=\"openthinclient\" \/>\n<meta property=\"article:publisher\" content=\"https:\/\/www.facebook.com\/profile.php?id=100063657666030\" \/>\n<meta property=\"article:modified_time\" content=\"2026-01-28T15:14:26+00:00\" \/>\n<meta property=\"og:image\" content=\"https:\/\/openthinclient.com\/wp-content\/uploads\/2024\/02\/Shop2.png\" \/>\n\t<meta property=\"og:image:width\" content=\"1024\" \/>\n\t<meta property=\"og:image:height\" content=\"1024\" \/>\n\t<meta property=\"og:image:type\" content=\"image\/png\" \/>\n<meta name=\"twitter:card\" content=\"summary_large_image\" \/>\n<meta name=\"twitter:label1\" content=\"Tiempo de lectura\" \/>\n\t<meta name=\"twitter:data1\" content=\"1 minuto\" \/>\n<script type=\"application\/ld+json\" class=\"yoast-schema-graph\">{\"@context\":\"https:\\\/\\\/schema.org\",\"@graph\":[{\"@type\":\"WebPage\",\"@id\":\"https:\\\/\\\/openthinclient.com\\\/produkt\\\/all-in-one-thinclient-panel-maxi-24\\\/\",\"url\":\"https:\\\/\\\/openthinclient.com\\\/produkt\\\/all-in-one-thinclient-panel-maxi-24\\\/\",\"name\":\"All-\u200bin-One ThinClient - PANEL.MAXI.24 - openthinclient\",\"isPartOf\":{\"@id\":\"https:\\\/\\\/openthinclient.com\\\/#website\"},\"primaryImageOfPage\":{\"@id\":\"https:\\\/\\\/openthinclient.com\\\/produkt\\\/all-in-one-thinclient-panel-maxi-24\\\/#primaryimage\"},\"image\":{\"@id\":\"https:\\\/\\\/openthinclient.com\\\/produkt\\\/all-in-one-thinclient-panel-maxi-24\\\/#primaryimage\"},\"thumbnailUrl\":\"https:\\\/\\\/openthinclient.com\\\/wp-content\\\/uploads\\\/2024\\\/02\\\/Shop2.png\",\"datePublished\":\"2024-02-09T11:39:57+00:00\",\"dateModified\":\"2026-01-28T15:14:26+00:00\",\"breadcrumb\":{\"@id\":\"https:\\\/\\\/openthinclient.com\\\/produkt\\\/all-in-one-thinclient-panel-maxi-24\\\/#breadcrumb\"},\"inLanguage\":\"es\",\"potentialAction\":[{\"@type\":\"ReadAction\",\"target\":[\"https:\\\/\\\/openthinclient.com\\\/produkt\\\/all-in-one-thinclient-panel-maxi-24\\\/\"]}]},{\"@type\":\"ImageObject\",\"inLanguage\":\"es\",\"@id\":\"https:\\\/\\\/openthinclient.com\\\/produkt\\\/all-in-one-thinclient-panel-maxi-24\\\/#primaryimage\",\"url\":\"https:\\\/\\\/openthinclient.com\\\/wp-content\\\/uploads\\\/2024\\\/02\\\/Shop2.png\",\"contentUrl\":\"https:\\\/\\\/openthinclient.com\\\/wp-content\\\/uploads\\\/2024\\\/02\\\/Shop2.png\",\"width\":1024,\"height\":1024,\"caption\":\"All-in-one ThinClient PANEL.MAXI.24\"},{\"@type\":\"BreadcrumbList\",\"@id\":\"https:\\\/\\\/openthinclient.com\\\/produkt\\\/all-in-one-thinclient-panel-maxi-24\\\/#breadcrumb\",\"itemListElement\":[{\"@type\":\"ListItem\",\"position\":1,\"name\":\"Startseite\",\"item\":\"https:\\\/\\\/openthinclient.com\\\/\"},{\"@type\":\"ListItem\",\"position\":2,\"name\":\"Thin Clients Software Vergleich\",\"item\":\"https:\\\/\\\/openthinclient.com\\\/thin-client-software-vergleich\\\/\"},{\"@type\":\"ListItem\",\"position\":3,\"name\":\"All-\u200bin-One ThinClient &#8211; PANEL.MAXI.24\"}]},{\"@type\":\"WebSite\",\"@id\":\"https:\\\/\\\/openthinclient.com\\\/#website\",\"url\":\"https:\\\/\\\/openthinclient.com\\\/\",\"name\":\"openthinclient\",\"description\":\"Thin Client Management Software\",\"publisher\":{\"@id\":\"https:\\\/\\\/openthinclient.com\\\/#organization\"},\"potentialAction\":[{\"@type\":\"SearchAction\",\"target\":{\"@type\":\"EntryPoint\",\"urlTemplate\":\"https:\\\/\\\/openthinclient.com\\\/?s={search_term_string}\"},\"query-input\":{\"@type\":\"PropertyValueSpecification\",\"valueRequired\":true,\"valueName\":\"search_term_string\"}}],\"inLanguage\":\"es\"},{\"@type\":\"Organization\",\"@id\":\"https:\\\/\\\/openthinclient.com\\\/#organization\",\"name\":\"openthinclient\",\"url\":\"https:\\\/\\\/openthinclient.com\\\/\",\"logo\":{\"@type\":\"ImageObject\",\"inLanguage\":\"es\",\"@id\":\"https:\\\/\\\/openthinclient.com\\\/#\\\/schema\\\/logo\\\/image\\\/\",\"url\":\"https:\\\/\\\/openthinclient.com\\\/wp-content\\\/uploads\\\/2022\\\/06\\\/Logo_openthinclient.png\",\"contentUrl\":\"https:\\\/\\\/openthinclient.com\\\/wp-content\\\/uploads\\\/2022\\\/06\\\/Logo_openthinclient.png\",\"width\":1523,\"height\":235,\"caption\":\"openthinclient\"},\"image\":{\"@id\":\"https:\\\/\\\/openthinclient.com\\\/#\\\/schema\\\/logo\\\/image\\\/\"},\"sameAs\":[\"https:\\\/\\\/www.facebook.com\\\/profile.php?id=100063657666030\",\"https:\\\/\\\/www.youtube.com\\\/openthinclientgmbh\",\"https:\\\/\\\/www.linkedin.com\\\/company\\\/9161909\\\/\",\"https:\\\/\\\/www.instagram.com\\\/openthinclient\\\/\"]}]}<\/script>\n<!-- \/ Yoast SEO plugin. -->","yoast_head_json":{"title":"ThinClient todo en uno - PANEL.MAXI.24 - openthinclient","robots":{"index":"index","follow":"follow","max-snippet":"max-snippet:-1","max-image-preview":"max-image-preview:large","max-video-preview":"max-video-preview:-1"},"canonical":"https:\/\/openthinclient.com\/es\/producto\/todo-en-uno-thinclient-panel-maxi-24\/","og_locale":"es_ES","og_type":"article","og_title":"All-\u200bin-One ThinClient - PANEL.MAXI.24 - openthinclient","og_description":"23,8-Zoll kapazitiver Touch-Display Intel\u00ae Core&#x2122; i7 10. Gen bis 4.90GHz 8 GB RAM DDR4","og_url":"https:\/\/openthinclient.com\/es\/producto\/todo-en-uno-thinclient-panel-maxi-24\/","og_site_name":"openthinclient","article_publisher":"https:\/\/www.facebook.com\/profile.php?id=100063657666030","article_modified_time":"2026-01-28T15:14:26+00:00","og_image":[{"width":1024,"height":1024,"url":"https:\/\/openthinclient.com\/wp-content\/uploads\/2024\/02\/Shop2.png","type":"image\/png"}],"twitter_card":"summary_large_image","twitter_misc":{"Tiempo de lectura":"1 minuto"},"schema":{"@context":"https:\/\/schema.org","@graph":[{"@type":"WebPage","@id":"https:\/\/openthinclient.com\/produkt\/all-in-one-thinclient-panel-maxi-24\/","url":"https:\/\/openthinclient.com\/produkt\/all-in-one-thinclient-panel-maxi-24\/","name":"ThinClient todo en uno - PANEL.MAXI.24 - openthinclient","isPartOf":{"@id":"https:\/\/openthinclient.com\/#website"},"primaryImageOfPage":{"@id":"https:\/\/openthinclient.com\/produkt\/all-in-one-thinclient-panel-maxi-24\/#primaryimage"},"image":{"@id":"https:\/\/openthinclient.com\/produkt\/all-in-one-thinclient-panel-maxi-24\/#primaryimage"},"thumbnailUrl":"https:\/\/openthinclient.com\/wp-content\/uploads\/2024\/02\/Shop2.png","datePublished":"2024-02-09T11:39:57+00:00","dateModified":"2026-01-28T15:14:26+00:00","breadcrumb":{"@id":"https:\/\/openthinclient.com\/produkt\/all-in-one-thinclient-panel-maxi-24\/#breadcrumb"},"inLanguage":"es","potentialAction":[{"@type":"ReadAction","target":["https:\/\/openthinclient.com\/produkt\/all-in-one-thinclient-panel-maxi-24\/"]}]},{"@type":"ImageObject","inLanguage":"es","@id":"https:\/\/openthinclient.com\/produkt\/all-in-one-thinclient-panel-maxi-24\/#primaryimage","url":"https:\/\/openthinclient.com\/wp-content\/uploads\/2024\/02\/Shop2.png","contentUrl":"https:\/\/openthinclient.com\/wp-content\/uploads\/2024\/02\/Shop2.png","width":1024,"height":1024,"caption":"All-in-one ThinClient PANEL.MAXI.24"},{"@type":"BreadcrumbList","@id":"https:\/\/openthinclient.com\/produkt\/all-in-one-thinclient-panel-maxi-24\/#breadcrumb","itemListElement":[{"@type":"ListItem","position":1,"name":"Startseite","item":"https:\/\/openthinclient.com\/"},{"@type":"ListItem","position":2,"name":"Thin Clients Software Vergleich","item":"https:\/\/openthinclient.com\/thin-client-software-vergleich\/"},{"@type":"ListItem","position":3,"name":"All-\u200bin-One ThinClient &#8211; PANEL.MAXI.24"}]},{"@type":"WebSite","@id":"https:\/\/openthinclient.com\/#website","url":"https:\/\/openthinclient.com\/","name":"openthinclient","description":"Software de gesti\u00f3n de clientes ligeros","publisher":{"@id":"https:\/\/openthinclient.com\/#organization"},"potentialAction":[{"@type":"SearchAction","target":{"@type":"EntryPoint","urlTemplate":"https:\/\/openthinclient.com\/?s={search_term_string}"},"query-input":{"@type":"PropertyValueSpecification","valueRequired":true,"valueName":"search_term_string"}}],"inLanguage":"es"},{"@type":"Organization","@id":"https:\/\/openthinclient.com\/#organization","name":"openthinclient","url":"https:\/\/openthinclient.com\/","logo":{"@type":"ImageObject","inLanguage":"es","@id":"https:\/\/openthinclient.com\/#\/schema\/logo\/image\/","url":"https:\/\/openthinclient.com\/wp-content\/uploads\/2022\/06\/Logo_openthinclient.png","contentUrl":"https:\/\/openthinclient.com\/wp-content\/uploads\/2022\/06\/Logo_openthinclient.png","width":1523,"height":235,"caption":"openthinclient"},"image":{"@id":"https:\/\/openthinclient.com\/#\/schema\/logo\/image\/"},"sameAs":["https:\/\/www.facebook.com\/profile.php?id=100063657666030","https:\/\/www.youtube.com\/openthinclientgmbh","https:\/\/www.linkedin.com\/company\/9161909\/","https:\/\/www.instagram.com\/openthinclient\/"]}]}},"tiered_pricing_type":"fixed","tiered_pricing_fixed_rules":{"10":988,"25":956.8,"50":936,"100":915.2,"200":844,"400":832},"tiered_pricing_product_settings":{"layout":"default","base_unit_name":{"singular":null,"plural":null},"default_variation":null},"tiered_pricing_minimum_quantity":null,"tiered_pricing_roles_data":[],"tiered_pricing_percentage_rules":[],"_links":{"self":[{"href":"https:\/\/openthinclient.com\/es\/wp-json\/wp\/v2\/product\/33581","targetHints":{"allow":["GET"]}}],"collection":[{"href":"https:\/\/openthinclient.com\/es\/wp-json\/wp\/v2\/product"}],"about":[{"href":"https:\/\/openthinclient.com\/es\/wp-json\/wp\/v2\/types\/product"}],"wp:featuredmedia":[{"embeddable":true,"href":"https:\/\/openthinclient.com\/es\/wp-json\/wp\/v2\/media\/33602"}],"wp:attachment":[{"href":"https:\/\/openthinclient.com\/es\/wp-json\/wp\/v2\/media?parent=33581"}],"wp:term":[{"taxonomy":"product_brand","embeddable":true,"href":"https:\/\/openthinclient.com\/es\/wp-json\/wp\/v2\/product_brand?post=33581"},{"taxonomy":"product_cat","embeddable":true,"href":"https:\/\/openthinclient.com\/es\/wp-json\/wp\/v2\/product_cat?post=33581"},{"taxonomy":"product_tag","embeddable":true,"href":"https:\/\/openthinclient.com\/es\/wp-json\/wp\/v2\/product_tag?post=33581"}],"curies":[{"name":"wp","href":"https:\/\/api.w.org\/{rel}","templated":true}]}}