{"id":27259,"date":"2022-11-02T12:25:17","date_gmt":"2022-11-02T12:25:17","guid":{"rendered":"https:\/\/openthinclient.com\/?post_type=product&#038;p=27259"},"modified":"2023-08-25T07:44:49","modified_gmt":"2023-08-25T07:44:49","slug":"black-quadro-demo","status":"publish","type":"product","link":"https:\/\/openthinclient.com\/es\/produkt\/black-quadro-demo\/","title":{"rendered":"BLACK.QUADRO DEMO"},"content":{"rendered":"<h5><strong>Testen Sie diesen ThinClient f\u00fcr 4 Wochen unverbindlich bei Ihnen im Echtbetrieb.<\/strong><\/h5>\n<p>Modelo <strong>NEGRO.<span style=\"color: #0070b4;\">QUADRO<\/span><\/strong> es un potente <strong>4x 4K<\/strong> ThinClient mit <strong>AMD Ryzen Prozessor<\/strong>. Er zeichnet sich durch einen deutlich <strong>geringeren Stromverbrauch<\/strong> aus, ohne dabei auf die n\u00fctzlichsten Funktionen zu verzichten. Zu den wichtigsten Funktionen geh\u00f6ren die Unterst\u00fctzung von <strong>bis zu vier Bildschirmen<\/strong>, Netzwerkkonnektivit\u00e4t und mehrere E\/A-Anschl\u00fcsse- und das alles in einem gr\u00f6\u00dfenbewussten Geh\u00e4use, das bequem auf einen Schreibtisch passt oder au\u00dfer Sichtweite versteckt werden kann. Die AMD\u00ae V Serie mit Dual-Core garantiert au\u00dferdem eine <strong>Alta potencia inform\u00e1tica<\/strong>.<\/p>\n<p>Junto con la gesti\u00f3n centralizada mediante el servidor de gesti\u00f3n openthinclient*. <strong>botas<\/strong> el modelo openthinclient <strong>a trav\u00e9s de la red (PXE)<\/strong>. Utilizando el <strong>SSD integrado<\/strong>, el ThinClient -tras la correspondiente configuraci\u00f3n en el software de gesti\u00f3n*- puede ser <strong>tambi\u00e9n se puede arrancar localmente<\/strong>.<\/p>","protected":false},"excerpt":{"rendered":"<p>4 conexiones de pantalla 4K DP<br \/>\nAMD V1202B Dual-\u200bCore bis zu 3.2GHz<br \/>\n8 GB RAM DDR4<\/p>","protected":false},"featured_media":11629,"template":"","meta":{"site-sidebar-layout":"default","site-content-layout":"default","ast-site-content-layout":"default","site-content-style":"default","site-sidebar-style":"default","ast-global-header-display":"","ast-banner-title-visibility":"","ast-main-header-display":"","ast-hfb-above-header-display":"","ast-hfb-below-header-display":"","ast-hfb-mobile-header-display":"","site-post-title":"","ast-breadcrumbs-content":"","ast-featured-img":"","footer-sml-layout":"","ast-disable-related-posts":"","theme-transparent-header-meta":"default","adv-header-id-meta":"","stick-header-meta":"","header-above-stick-meta":"","header-main-stick-meta":"","header-below-stick-meta":"","astra-migrate-meta-layouts":"default","ast-page-background-enabled":"default","ast-page-background-meta":{"desktop":{"background-color":"var(--ast-global-color-4)","background-image":"","background-repeat":"repeat","background-position":"center center","background-size":"auto","background-attachment":"scroll","background-type":"","background-media":"","overlay-type":"","overlay-color":"","overlay-opacity":"","overlay-gradient":""},"tablet":{"background-color":"","background-image":"","background-repeat":"repeat","background-position":"center center","background-size":"auto","background-attachment":"scroll","background-type":"","background-media":"","overlay-type":"","overlay-color":"","overlay-opacity":"","overlay-gradient":""},"mobile":{"background-color":"","background-image":"","background-repeat":"repeat","background-position":"center center","background-size":"auto","background-attachment":"scroll","background-type":"","background-media":"","overlay-type":"","overlay-color":"","overlay-opacity":"","overlay-gradient":""}},"ast-content-background-meta":{"desktop":{"background-color":"var(--ast-global-color-5)","background-image":"","background-repeat":"repeat","background-position":"center center","background-size":"auto","background-attachment":"scroll","background-type":"","background-media":"","overlay-type":"","overlay-color":"","overlay-opacity":"","overlay-gradient":""},"tablet":{"background-color":"var(--ast-global-color-5)","background-image":"","background-repeat":"repeat","background-position":"center center","background-size":"auto","background-attachment":"scroll","background-type":"","background-media":"","overlay-type":"","overlay-color":"","overlay-opacity":"","overlay-gradient":""},"mobile":{"background-color":"var(--ast-global-color-5)","background-image":"","background-repeat":"repeat","background-position":"center center","background-size":"auto","background-attachment":"scroll","background-type":"","background-media":"","overlay-type":"","overlay-color":"","overlay-opacity":"","overlay-gradient":""}}},"product_brand":[],"product_cat":[837],"product_tag":[],"class_list":{"0":"post-27259","1":"product","2":"type-product","3":"status-publish","4":"has-post-thumbnail","6":"product_cat-demogeraete-de","7":"desktop-align-left","8":"tablet-align-left","9":"mobile-align-left","11":"first","12":"instock","13":"sold-individually","14":"taxable","15":"shipping-taxable","16":"purchasable","17":"product-type-simple"},"yoast_head":"<!-- This site is optimized with the Yoast SEO plugin v27.3 - https:\/\/yoast.com\/product\/yoast-seo-wordpress\/ -->\n<title>BLACK.QUADRO DEMO - openthinclient<\/title>\n<meta name=\"robots\" content=\"index, follow, max-snippet:-1, max-image-preview:large, max-video-preview:-1\" \/>\n<link rel=\"canonical\" href=\"https:\/\/openthinclient.com\/es\/producto\/black-quadro-demo\/\" \/>\n<meta property=\"og:locale\" content=\"es_ES\" \/>\n<meta property=\"og:type\" content=\"article\" \/>\n<meta property=\"og:title\" content=\"BLACK.QUADRO DEMO - openthinclient\" \/>\n<meta property=\"og:description\" content=\"4x 4K Displayanschl\u00fcsse DP AMD V1202B Dual-\u200bCore bis zu 3.2GHz 8 GB RAM DDR4\" \/>\n<meta property=\"og:url\" content=\"https:\/\/openthinclient.com\/es\/producto\/black-quadro-demo\/\" \/>\n<meta property=\"og:site_name\" content=\"openthinclient\" \/>\n<meta property=\"article:publisher\" content=\"https:\/\/www.facebook.com\/profile.php?id=100063657666030\" \/>\n<meta property=\"article:modified_time\" content=\"2023-08-25T07:44:49+00:00\" \/>\n<meta property=\"og:image\" content=\"https:\/\/openthinclient.com\/wp-content\/uploads\/2019\/05\/BLACK.QUADRO-Prod.jpg\" \/>\n\t<meta property=\"og:image:width\" content=\"1000\" \/>\n\t<meta property=\"og:image:height\" content=\"1000\" \/>\n\t<meta property=\"og:image:type\" content=\"image\/jpeg\" \/>\n<meta name=\"twitter:card\" content=\"summary_large_image\" \/>\n<meta name=\"twitter:label1\" content=\"Tiempo de lectura\" \/>\n\t<meta name=\"twitter:data1\" content=\"1 minuto\" \/>\n<script type=\"application\/ld+json\" class=\"yoast-schema-graph\">{\"@context\":\"https:\\\/\\\/schema.org\",\"@graph\":[{\"@type\":\"WebPage\",\"@id\":\"https:\\\/\\\/openthinclient.com\\\/produkt\\\/black-quadro-demo\\\/\",\"url\":\"https:\\\/\\\/openthinclient.com\\\/produkt\\\/black-quadro-demo\\\/\",\"name\":\"BLACK.QUADRO DEMO - openthinclient\",\"isPartOf\":{\"@id\":\"https:\\\/\\\/openthinclient.com\\\/#website\"},\"primaryImageOfPage\":{\"@id\":\"https:\\\/\\\/openthinclient.com\\\/produkt\\\/black-quadro-demo\\\/#primaryimage\"},\"image\":{\"@id\":\"https:\\\/\\\/openthinclient.com\\\/produkt\\\/black-quadro-demo\\\/#primaryimage\"},\"thumbnailUrl\":\"https:\\\/\\\/openthinclient.com\\\/wp-content\\\/uploads\\\/2019\\\/05\\\/BLACK.QUADRO-Prod.jpg\",\"datePublished\":\"2022-11-02T12:25:17+00:00\",\"dateModified\":\"2023-08-25T07:44:49+00:00\",\"breadcrumb\":{\"@id\":\"https:\\\/\\\/openthinclient.com\\\/produkt\\\/black-quadro-demo\\\/#breadcrumb\"},\"inLanguage\":\"es\",\"potentialAction\":[{\"@type\":\"ReadAction\",\"target\":[\"https:\\\/\\\/openthinclient.com\\\/produkt\\\/black-quadro-demo\\\/\"]}]},{\"@type\":\"ImageObject\",\"inLanguage\":\"es\",\"@id\":\"https:\\\/\\\/openthinclient.com\\\/produkt\\\/black-quadro-demo\\\/#primaryimage\",\"url\":\"https:\\\/\\\/openthinclient.com\\\/wp-content\\\/uploads\\\/2019\\\/05\\\/BLACK.QUADRO-Prod.jpg\",\"contentUrl\":\"https:\\\/\\\/openthinclient.com\\\/wp-content\\\/uploads\\\/2019\\\/05\\\/BLACK.QUADRO-Prod.jpg\",\"width\":1000,\"height\":1000,\"caption\":\"ThinClient BLACK.QUADRO Prod\"},{\"@type\":\"BreadcrumbList\",\"@id\":\"https:\\\/\\\/openthinclient.com\\\/produkt\\\/black-quadro-demo\\\/#breadcrumb\",\"itemListElement\":[{\"@type\":\"ListItem\",\"position\":1,\"name\":\"Startseite\",\"item\":\"https:\\\/\\\/openthinclient.com\\\/\"},{\"@type\":\"ListItem\",\"position\":2,\"name\":\"Thin Clients Software Vergleich\",\"item\":\"https:\\\/\\\/openthinclient.com\\\/thin-client-software-vergleich\\\/\"},{\"@type\":\"ListItem\",\"position\":3,\"name\":\"BLACK.QUADRO DEMO\"}]},{\"@type\":\"WebSite\",\"@id\":\"https:\\\/\\\/openthinclient.com\\\/#website\",\"url\":\"https:\\\/\\\/openthinclient.com\\\/\",\"name\":\"openthinclient\",\"description\":\"Thin Client Management Software\",\"publisher\":{\"@id\":\"https:\\\/\\\/openthinclient.com\\\/#organization\"},\"potentialAction\":[{\"@type\":\"SearchAction\",\"target\":{\"@type\":\"EntryPoint\",\"urlTemplate\":\"https:\\\/\\\/openthinclient.com\\\/?s={search_term_string}\"},\"query-input\":{\"@type\":\"PropertyValueSpecification\",\"valueRequired\":true,\"valueName\":\"search_term_string\"}}],\"inLanguage\":\"es\"},{\"@type\":\"Organization\",\"@id\":\"https:\\\/\\\/openthinclient.com\\\/#organization\",\"name\":\"openthinclient\",\"url\":\"https:\\\/\\\/openthinclient.com\\\/\",\"logo\":{\"@type\":\"ImageObject\",\"inLanguage\":\"es\",\"@id\":\"https:\\\/\\\/openthinclient.com\\\/#\\\/schema\\\/logo\\\/image\\\/\",\"url\":\"https:\\\/\\\/openthinclient.com\\\/wp-content\\\/uploads\\\/2022\\\/06\\\/Logo_openthinclient.png\",\"contentUrl\":\"https:\\\/\\\/openthinclient.com\\\/wp-content\\\/uploads\\\/2022\\\/06\\\/Logo_openthinclient.png\",\"width\":1523,\"height\":235,\"caption\":\"openthinclient\"},\"image\":{\"@id\":\"https:\\\/\\\/openthinclient.com\\\/#\\\/schema\\\/logo\\\/image\\\/\"},\"sameAs\":[\"https:\\\/\\\/www.facebook.com\\\/profile.php?id=100063657666030\",\"https:\\\/\\\/www.youtube.com\\\/openthinclientgmbh\",\"https:\\\/\\\/www.linkedin.com\\\/company\\\/9161909\\\/\",\"https:\\\/\\\/www.instagram.com\\\/openthinclient\\\/\"]}]}<\/script>\n<!-- \/ Yoast SEO plugin. -->","yoast_head_json":{"title":"BLACK.QUADRO DEMO - openthinclient","robots":{"index":"index","follow":"follow","max-snippet":"max-snippet:-1","max-image-preview":"max-image-preview:large","max-video-preview":"max-video-preview:-1"},"canonical":"https:\/\/openthinclient.com\/es\/producto\/black-quadro-demo\/","og_locale":"es_ES","og_type":"article","og_title":"BLACK.QUADRO DEMO - openthinclient","og_description":"4x 4K Displayanschl\u00fcsse DP AMD V1202B Dual-\u200bCore bis zu 3.2GHz 8 GB RAM DDR4","og_url":"https:\/\/openthinclient.com\/es\/producto\/black-quadro-demo\/","og_site_name":"openthinclient","article_publisher":"https:\/\/www.facebook.com\/profile.php?id=100063657666030","article_modified_time":"2023-08-25T07:44:49+00:00","og_image":[{"width":1000,"height":1000,"url":"https:\/\/openthinclient.com\/wp-content\/uploads\/2019\/05\/BLACK.QUADRO-Prod.jpg","type":"image\/jpeg"}],"twitter_card":"summary_large_image","twitter_misc":{"Tiempo de lectura":"1 minuto"},"schema":{"@context":"https:\/\/schema.org","@graph":[{"@type":"WebPage","@id":"https:\/\/openthinclient.com\/produkt\/black-quadro-demo\/","url":"https:\/\/openthinclient.com\/produkt\/black-quadro-demo\/","name":"BLACK.QUADRO DEMO - openthinclient","isPartOf":{"@id":"https:\/\/openthinclient.com\/#website"},"primaryImageOfPage":{"@id":"https:\/\/openthinclient.com\/produkt\/black-quadro-demo\/#primaryimage"},"image":{"@id":"https:\/\/openthinclient.com\/produkt\/black-quadro-demo\/#primaryimage"},"thumbnailUrl":"https:\/\/openthinclient.com\/wp-content\/uploads\/2019\/05\/BLACK.QUADRO-Prod.jpg","datePublished":"2022-11-02T12:25:17+00:00","dateModified":"2023-08-25T07:44:49+00:00","breadcrumb":{"@id":"https:\/\/openthinclient.com\/produkt\/black-quadro-demo\/#breadcrumb"},"inLanguage":"es","potentialAction":[{"@type":"ReadAction","target":["https:\/\/openthinclient.com\/produkt\/black-quadro-demo\/"]}]},{"@type":"ImageObject","inLanguage":"es","@id":"https:\/\/openthinclient.com\/produkt\/black-quadro-demo\/#primaryimage","url":"https:\/\/openthinclient.com\/wp-content\/uploads\/2019\/05\/BLACK.QUADRO-Prod.jpg","contentUrl":"https:\/\/openthinclient.com\/wp-content\/uploads\/2019\/05\/BLACK.QUADRO-Prod.jpg","width":1000,"height":1000,"caption":"ThinClient BLACK.QUADRO Prod"},{"@type":"BreadcrumbList","@id":"https:\/\/openthinclient.com\/produkt\/black-quadro-demo\/#breadcrumb","itemListElement":[{"@type":"ListItem","position":1,"name":"Startseite","item":"https:\/\/openthinclient.com\/"},{"@type":"ListItem","position":2,"name":"Thin Clients Software Vergleich","item":"https:\/\/openthinclient.com\/thin-client-software-vergleich\/"},{"@type":"ListItem","position":3,"name":"BLACK.QUADRO DEMO"}]},{"@type":"WebSite","@id":"https:\/\/openthinclient.com\/#website","url":"https:\/\/openthinclient.com\/","name":"openthinclient","description":"Software de gesti\u00f3n de clientes ligeros","publisher":{"@id":"https:\/\/openthinclient.com\/#organization"},"potentialAction":[{"@type":"SearchAction","target":{"@type":"EntryPoint","urlTemplate":"https:\/\/openthinclient.com\/?s={search_term_string}"},"query-input":{"@type":"PropertyValueSpecification","valueRequired":true,"valueName":"search_term_string"}}],"inLanguage":"es"},{"@type":"Organization","@id":"https:\/\/openthinclient.com\/#organization","name":"openthinclient","url":"https:\/\/openthinclient.com\/","logo":{"@type":"ImageObject","inLanguage":"es","@id":"https:\/\/openthinclient.com\/#\/schema\/logo\/image\/","url":"https:\/\/openthinclient.com\/wp-content\/uploads\/2022\/06\/Logo_openthinclient.png","contentUrl":"https:\/\/openthinclient.com\/wp-content\/uploads\/2022\/06\/Logo_openthinclient.png","width":1523,"height":235,"caption":"openthinclient"},"image":{"@id":"https:\/\/openthinclient.com\/#\/schema\/logo\/image\/"},"sameAs":["https:\/\/www.facebook.com\/profile.php?id=100063657666030","https:\/\/www.youtube.com\/openthinclientgmbh","https:\/\/www.linkedin.com\/company\/9161909\/","https:\/\/www.instagram.com\/openthinclient\/"]}]}},"tiered_pricing_type":"fixed","tiered_pricing_fixed_rules":[],"tiered_pricing_product_settings":{"layout":"default","base_unit_name":{"singular":null,"plural":null},"default_variation":null},"tiered_pricing_minimum_quantity":null,"tiered_pricing_roles_data":[],"tiered_pricing_percentage_rules":[],"_links":{"self":[{"href":"https:\/\/openthinclient.com\/es\/wp-json\/wp\/v2\/product\/27259","targetHints":{"allow":["GET"]}}],"collection":[{"href":"https:\/\/openthinclient.com\/es\/wp-json\/wp\/v2\/product"}],"about":[{"href":"https:\/\/openthinclient.com\/es\/wp-json\/wp\/v2\/types\/product"}],"wp:featuredmedia":[{"embeddable":true,"href":"https:\/\/openthinclient.com\/es\/wp-json\/wp\/v2\/media\/11629"}],"wp:attachment":[{"href":"https:\/\/openthinclient.com\/es\/wp-json\/wp\/v2\/media?parent=27259"}],"wp:term":[{"taxonomy":"product_brand","embeddable":true,"href":"https:\/\/openthinclient.com\/es\/wp-json\/wp\/v2\/product_brand?post=27259"},{"taxonomy":"product_cat","embeddable":true,"href":"https:\/\/openthinclient.com\/es\/wp-json\/wp\/v2\/product_cat?post=27259"},{"taxonomy":"product_tag","embeddable":true,"href":"https:\/\/openthinclient.com\/es\/wp-json\/wp\/v2\/product_tag?post=27259"}],"curies":[{"name":"wp","href":"https:\/\/api.w.org\/{rel}","templated":true}]}}